{"id":31975,"date":"2023-02-25T10:43:36","date_gmt":"2023-02-25T08:43:38","guid":{"rendered":"https:\/\/my-french-grocery.com\/?post_type=product&#038;p=31975"},"modified":"2025-05-27T09:42:30","modified_gmt":"2025-05-27T07:42:30","slug":"bevanda-al-te-alla-pesca-lipton-ice-tea","status":"publish","type":"product","link":"https:\/\/my-french-grocery.com\/it\/prodotto\/bevanda-al-te-alla-pesca-lipton-ice-tea\/","title":{"rendered":"Bevanda Al T\u00e8 Alla Pesca Lipton Ice Tea"},"content":{"rendered":"<p>Bevanda Al T\u00e8 Alla Pesca Lipton Ice Tea<\/p>\n<div class=\"pdp-card__header--text\">\n<p><span class=\"ds-body-text ds-body-text--weight-bold ds-body-text--size-m ds-body-text--color-standard-2\">Bottiglia da 1 litri<\/span><\/p>\n<div class=\"saz_next_widget\" data-referer=\"carrefour_widget\" data-ean=\"3551720012622\" data-type=\"RatingsCRF\" data-status=\"LOADING_DATA\">\n<div>Lipton Ice Tea, t\u00e8 freddo pieno di sole e deliziosamente rinfrescante.<\/div>\n<\/div>\n<\/div>\n<div class=\"main-details--food__shoppinglist\">\n<div class=\"secondary-details__description\">\n<p class=\"paragraph\">Il nostro delizioso t\u00e8 freddo proviene da foglie di t\u00e8 nero coltivate in Sri Lanka e in India. Insieme ai nostri produttori, garantiamo il rispetto della biodiversit\u00e0, motivo per cui ci riforniamo di t\u00e8 nero verificato al 100% da Rainforest Alliance.<\/p>\n<\/div>\n<div id=\"data-recommandation-zone-2\" class=\"secondary-details-cross-sell\">\n<div id=\"data-advertising-undefined\" class=\"recommendations\" data-zone=\"1\"><\/div>\n<\/div>\n<\/div>\n","protected":false},"excerpt":{"rendered":"<p>Bevanda Al T\u00e8 Alla Pesca Lipton Ice Tea<\/p>\n<div class=\"pdp-card__header--text\">\n<p><span class=\"ds-body-text ds-body-text--weight-bold ds-body-text--size-m ds-body-text--color-standard-2\">Bottiglia da 1 litri<\/span><\/p>\n<\/div>\n","protected":false},"featured_media":31980,"comment_status":"open","ping_status":"closed","template":"","meta":[],"pwb-brand":[3102],"product_brand":[],"product_cat":[3003],"product_tag":[3008],"class_list":{"0":"post-31975","1":"product","2":"type-product","3":"status-publish","4":"has-post-thumbnail","6":"pwb-brand-lipton-it","7":"product_cat-acqua-succhi-di-frutta-bibite-sciroppi","8":"product_tag-lorina-it","9":"product_shipping_class-mondo-spedizioni","11":"first","12":"instock","13":"taxable","14":"shipping-taxable","15":"purchasable","16":"product-type-simple"},"yoast_head":"<!-- This site is optimized with the Yoast SEO plugin v27.3 - https:\/\/yoast.com\/product\/yoast-seo-wordpress\/ -->\n<title>Bevanda Al T\u00e8 Alla Pesca Lipton Ice Tea | Acquisti Online | My French Grocery<\/title>\n<meta name=\"description\" content=\"Bevanda Al T\u00e8 Alla Pesca Lipton Ice Tea - Bottiglia da 1 litri - Lipton Ice Tea, t\u00e8 freddo pieno di sole e deliziosamente rinfrescante.\" \/>\n<meta name=\"robots\" content=\"index, follow, max-snippet:-1, max-image-preview:large, max-video-preview:-1\" \/>\n<link rel=\"canonical\" href=\"https:\/\/my-french-grocery.com\/it\/prodotto\/bevanda-al-te-alla-pesca-lipton-ice-tea\/\" \/>\n<meta property=\"og:locale\" content=\"it_IT\" \/>\n<meta property=\"og:type\" content=\"article\" \/>\n<meta property=\"og:title\" content=\"Bevanda Al T\u00e8 Alla Pesca Lipton Ice Tea | Acquisti Online | My French Grocery\" \/>\n<meta property=\"og:description\" content=\"Bevanda Al T\u00e8 Alla Pesca Lipton Ice Tea - Bottiglia da 1 litri - Lipton Ice Tea, t\u00e8 freddo pieno di sole e deliziosamente rinfrescante.\" \/>\n<meta property=\"og:url\" content=\"https:\/\/my-french-grocery.com\/it\/prodotto\/bevanda-al-te-alla-pesca-lipton-ice-tea\/\" \/>\n<meta property=\"og:site_name\" content=\"My French Grocery\" \/>\n<meta property=\"article:publisher\" content=\"https:\/\/www.facebook.com\/myfrenchgrocery\/\" \/>\n<meta property=\"article:modified_time\" content=\"2025-05-27T07:42:30+00:00\" \/>\n<meta property=\"og:image\" content=\"https:\/\/my-french-grocery.com\/wp-content\/uploads\/2023\/02\/Lipton-Ice-Tea-1L.jpg\" \/>\n\t<meta property=\"og:image:width\" content=\"540\" \/>\n\t<meta property=\"og:image:height\" content=\"540\" \/>\n\t<meta property=\"og:image:type\" content=\"image\/jpeg\" \/>\n<meta name=\"twitter:card\" content=\"summary_large_image\" \/>\n<script type=\"application\/ld+json\" class=\"yoast-schema-graph\">{\"@context\":\"https:\\\/\\\/schema.org\",\"@graph\":[{\"@type\":\"WebPage\",\"@id\":\"https:\\\/\\\/my-french-grocery.com\\\/it\\\/prodotto\\\/bevanda-al-te-alla-pesca-lipton-ice-tea\\\/\",\"url\":\"https:\\\/\\\/my-french-grocery.com\\\/it\\\/prodotto\\\/bevanda-al-te-alla-pesca-lipton-ice-tea\\\/\",\"name\":\"Bevanda Al T\u00e8 Alla Pesca Lipton Ice Tea | Acquisti Online | My French Grocery\",\"isPartOf\":{\"@id\":\"https:\\\/\\\/my-french-grocery.com\\\/it\\\/#website\"},\"primaryImageOfPage\":{\"@id\":\"https:\\\/\\\/my-french-grocery.com\\\/it\\\/prodotto\\\/bevanda-al-te-alla-pesca-lipton-ice-tea\\\/#primaryimage\"},\"image\":{\"@id\":\"https:\\\/\\\/my-french-grocery.com\\\/it\\\/prodotto\\\/bevanda-al-te-alla-pesca-lipton-ice-tea\\\/#primaryimage\"},\"thumbnailUrl\":\"https:\\\/\\\/my-french-grocery.com\\\/wp-content\\\/uploads\\\/2023\\\/02\\\/Lipton-Ice-Tea-1L.jpg\",\"datePublished\":\"2023-02-25T08:43:38+00:00\",\"dateModified\":\"2025-05-27T07:42:30+00:00\",\"description\":\"Bevanda Al T\u00e8 Alla Pesca Lipton Ice Tea - Bottiglia da 1 litri - Lipton Ice Tea, t\u00e8 freddo pieno di sole e deliziosamente rinfrescante.\",\"breadcrumb\":{\"@id\":\"https:\\\/\\\/my-french-grocery.com\\\/it\\\/prodotto\\\/bevanda-al-te-alla-pesca-lipton-ice-tea\\\/#breadcrumb\"},\"inLanguage\":\"it-IT\",\"potentialAction\":[{\"@type\":\"ReadAction\",\"target\":[\"https:\\\/\\\/my-french-grocery.com\\\/it\\\/prodotto\\\/bevanda-al-te-alla-pesca-lipton-ice-tea\\\/\"]}]},{\"@type\":\"ImageObject\",\"inLanguage\":\"it-IT\",\"@id\":\"https:\\\/\\\/my-french-grocery.com\\\/it\\\/prodotto\\\/bevanda-al-te-alla-pesca-lipton-ice-tea\\\/#primaryimage\",\"url\":\"https:\\\/\\\/my-french-grocery.com\\\/wp-content\\\/uploads\\\/2023\\\/02\\\/Lipton-Ice-Tea-1L.jpg\",\"contentUrl\":\"https:\\\/\\\/my-french-grocery.com\\\/wp-content\\\/uploads\\\/2023\\\/02\\\/Lipton-Ice-Tea-1L.jpg\",\"width\":540,\"height\":540,\"caption\":\"Bevanda Al T\u00e8 Alla Pesca Lipton Ice Tea\"},{\"@type\":\"BreadcrumbList\",\"@id\":\"https:\\\/\\\/my-french-grocery.com\\\/it\\\/prodotto\\\/bevanda-al-te-alla-pesca-lipton-ice-tea\\\/#breadcrumb\",\"itemListElement\":[{\"@type\":\"ListItem\",\"position\":1,\"name\":\"Home\",\"item\":\"https:\\\/\\\/my-french-grocery.com\\\/it\\\/negozio\\\/\"},{\"@type\":\"ListItem\",\"position\":2,\"name\":\"Shop\",\"item\":\"https:\\\/\\\/my-french-grocery.com\\\/shop\\\/\"},{\"@type\":\"ListItem\",\"position\":3,\"name\":\"Acqua, succhi di frutta, bibite, sciroppi\",\"item\":\"https:\\\/\\\/my-french-grocery.com\\\/it\\\/categoria-prodotto\\\/acqua-succhi-di-frutta-bibite-sciroppi\\\/\"},{\"@type\":\"ListItem\",\"position\":4,\"name\":\"Bevanda Al T\u00e8 Alla Pesca Lipton Ice Tea\"}]},{\"@type\":\"WebSite\",\"@id\":\"https:\\\/\\\/my-french-grocery.com\\\/it\\\/#website\",\"url\":\"https:\\\/\\\/my-french-grocery.com\\\/it\\\/\",\"name\":\"My French Grocery\",\"description\":\"Your Online French Grocery  !\",\"publisher\":{\"@id\":\"https:\\\/\\\/my-french-grocery.com\\\/it\\\/#organization\"},\"potentialAction\":[{\"@type\":\"SearchAction\",\"target\":{\"@type\":\"EntryPoint\",\"urlTemplate\":\"https:\\\/\\\/my-french-grocery.com\\\/it\\\/?s={search_term_string}\"},\"query-input\":{\"@type\":\"PropertyValueSpecification\",\"valueRequired\":true,\"valueName\":\"search_term_string\"}}],\"inLanguage\":\"it-IT\"},{\"@type\":\"Organization\",\"@id\":\"https:\\\/\\\/my-french-grocery.com\\\/it\\\/#organization\",\"name\":\"MY FRENCH GROCERY\",\"url\":\"https:\\\/\\\/my-french-grocery.com\\\/it\\\/\",\"logo\":{\"@type\":\"ImageObject\",\"inLanguage\":\"it-IT\",\"@id\":\"https:\\\/\\\/my-french-grocery.com\\\/it\\\/#\\\/schema\\\/logo\\\/image\\\/\",\"url\":\"https:\\\/\\\/my-french-grocery.com\\\/wp-content\\\/uploads\\\/2021\\\/11\\\/My-French-Grocery-Online-French-Grocery.png\",\"contentUrl\":\"https:\\\/\\\/my-french-grocery.com\\\/wp-content\\\/uploads\\\/2021\\\/11\\\/My-French-Grocery-Online-French-Grocery.png\",\"width\":100,\"height\":100,\"caption\":\"MY FRENCH GROCERY\"},\"image\":{\"@id\":\"https:\\\/\\\/my-french-grocery.com\\\/it\\\/#\\\/schema\\\/logo\\\/image\\\/\"},\"sameAs\":[\"https:\\\/\\\/www.facebook.com\\\/myfrenchgrocery\\\/\"]}]}<\/script>\n<!-- \/ Yoast SEO plugin. -->","yoast_head_json":{"title":"Bevanda Al T\u00e8 Alla Pesca Lipton Ice Tea | Acquisti Online | My French Grocery","description":"Bevanda Al T\u00e8 Alla Pesca Lipton Ice Tea - Bottiglia da 1 litri - Lipton Ice Tea, t\u00e8 freddo pieno di sole e deliziosamente rinfrescante.","robots":{"index":"index","follow":"follow","max-snippet":"max-snippet:-1","max-image-preview":"max-image-preview:large","max-video-preview":"max-video-preview:-1"},"canonical":"https:\/\/my-french-grocery.com\/it\/prodotto\/bevanda-al-te-alla-pesca-lipton-ice-tea\/","og_locale":"it_IT","og_type":"article","og_title":"Bevanda Al T\u00e8 Alla Pesca Lipton Ice Tea | Acquisti Online | My French Grocery","og_description":"Bevanda Al T\u00e8 Alla Pesca Lipton Ice Tea - Bottiglia da 1 litri - Lipton Ice Tea, t\u00e8 freddo pieno di sole e deliziosamente rinfrescante.","og_url":"https:\/\/my-french-grocery.com\/it\/prodotto\/bevanda-al-te-alla-pesca-lipton-ice-tea\/","og_site_name":"My French Grocery","article_publisher":"https:\/\/www.facebook.com\/myfrenchgrocery\/","article_modified_time":"2025-05-27T07:42:30+00:00","og_image":[{"width":540,"height":540,"url":"https:\/\/my-french-grocery.com\/wp-content\/uploads\/2023\/02\/Lipton-Ice-Tea-1L.jpg","type":"image\/jpeg"}],"twitter_card":"summary_large_image","schema":{"@context":"https:\/\/schema.org","@graph":[{"@type":"WebPage","@id":"https:\/\/my-french-grocery.com\/it\/prodotto\/bevanda-al-te-alla-pesca-lipton-ice-tea\/","url":"https:\/\/my-french-grocery.com\/it\/prodotto\/bevanda-al-te-alla-pesca-lipton-ice-tea\/","name":"Bevanda Al T\u00e8 Alla Pesca Lipton Ice Tea | Acquisti Online | My French Grocery","isPartOf":{"@id":"https:\/\/my-french-grocery.com\/it\/#website"},"primaryImageOfPage":{"@id":"https:\/\/my-french-grocery.com\/it\/prodotto\/bevanda-al-te-alla-pesca-lipton-ice-tea\/#primaryimage"},"image":{"@id":"https:\/\/my-french-grocery.com\/it\/prodotto\/bevanda-al-te-alla-pesca-lipton-ice-tea\/#primaryimage"},"thumbnailUrl":"https:\/\/my-french-grocery.com\/wp-content\/uploads\/2023\/02\/Lipton-Ice-Tea-1L.jpg","datePublished":"2023-02-25T08:43:38+00:00","dateModified":"2025-05-27T07:42:30+00:00","description":"Bevanda Al T\u00e8 Alla Pesca Lipton Ice Tea - Bottiglia da 1 litri - Lipton Ice Tea, t\u00e8 freddo pieno di sole e deliziosamente rinfrescante.","breadcrumb":{"@id":"https:\/\/my-french-grocery.com\/it\/prodotto\/bevanda-al-te-alla-pesca-lipton-ice-tea\/#breadcrumb"},"inLanguage":"it-IT","potentialAction":[{"@type":"ReadAction","target":["https:\/\/my-french-grocery.com\/it\/prodotto\/bevanda-al-te-alla-pesca-lipton-ice-tea\/"]}]},{"@type":"ImageObject","inLanguage":"it-IT","@id":"https:\/\/my-french-grocery.com\/it\/prodotto\/bevanda-al-te-alla-pesca-lipton-ice-tea\/#primaryimage","url":"https:\/\/my-french-grocery.com\/wp-content\/uploads\/2023\/02\/Lipton-Ice-Tea-1L.jpg","contentUrl":"https:\/\/my-french-grocery.com\/wp-content\/uploads\/2023\/02\/Lipton-Ice-Tea-1L.jpg","width":540,"height":540,"caption":"Bevanda Al T\u00e8 Alla Pesca Lipton Ice Tea"},{"@type":"BreadcrumbList","@id":"https:\/\/my-french-grocery.com\/it\/prodotto\/bevanda-al-te-alla-pesca-lipton-ice-tea\/#breadcrumb","itemListElement":[{"@type":"ListItem","position":1,"name":"Home","item":"https:\/\/my-french-grocery.com\/it\/negozio\/"},{"@type":"ListItem","position":2,"name":"Shop","item":"https:\/\/my-french-grocery.com\/shop\/"},{"@type":"ListItem","position":3,"name":"Acqua, succhi di frutta, bibite, sciroppi","item":"https:\/\/my-french-grocery.com\/it\/categoria-prodotto\/acqua-succhi-di-frutta-bibite-sciroppi\/"},{"@type":"ListItem","position":4,"name":"Bevanda Al T\u00e8 Alla Pesca Lipton Ice Tea"}]},{"@type":"WebSite","@id":"https:\/\/my-french-grocery.com\/it\/#website","url":"https:\/\/my-french-grocery.com\/it\/","name":"My French Grocery","description":"Your Online French Grocery  !","publisher":{"@id":"https:\/\/my-french-grocery.com\/it\/#organization"},"potentialAction":[{"@type":"SearchAction","target":{"@type":"EntryPoint","urlTemplate":"https:\/\/my-french-grocery.com\/it\/?s={search_term_string}"},"query-input":{"@type":"PropertyValueSpecification","valueRequired":true,"valueName":"search_term_string"}}],"inLanguage":"it-IT"},{"@type":"Organization","@id":"https:\/\/my-french-grocery.com\/it\/#organization","name":"MY FRENCH GROCERY","url":"https:\/\/my-french-grocery.com\/it\/","logo":{"@type":"ImageObject","inLanguage":"it-IT","@id":"https:\/\/my-french-grocery.com\/it\/#\/schema\/logo\/image\/","url":"https:\/\/my-french-grocery.com\/wp-content\/uploads\/2021\/11\/My-French-Grocery-Online-French-Grocery.png","contentUrl":"https:\/\/my-french-grocery.com\/wp-content\/uploads\/2021\/11\/My-French-Grocery-Online-French-Grocery.png","width":100,"height":100,"caption":"MY FRENCH GROCERY"},"image":{"@id":"https:\/\/my-french-grocery.com\/it\/#\/schema\/logo\/image\/"},"sameAs":["https:\/\/www.facebook.com\/myfrenchgrocery\/"]}]}},"brands":[{"id":3102,"name":"Lipton","slug":"lipton-it"}],"_links":{"self":[{"href":"https:\/\/my-french-grocery.com\/it\/wp-json\/wp\/v2\/product\/31975","targetHints":{"allow":["GET"]}}],"collection":[{"href":"https:\/\/my-french-grocery.com\/it\/wp-json\/wp\/v2\/product"}],"about":[{"href":"https:\/\/my-french-grocery.com\/it\/wp-json\/wp\/v2\/types\/product"}],"replies":[{"embeddable":true,"href":"https:\/\/my-french-grocery.com\/it\/wp-json\/wp\/v2\/comments?post=31975"}],"wp:featuredmedia":[{"embeddable":true,"href":"https:\/\/my-french-grocery.com\/it\/wp-json\/wp\/v2\/media\/31980"}],"wp:attachment":[{"href":"https:\/\/my-french-grocery.com\/it\/wp-json\/wp\/v2\/media?parent=31975"}],"wp:term":[{"taxonomy":"pwb-brand","embeddable":true,"href":"https:\/\/my-french-grocery.com\/it\/wp-json\/wp\/v2\/pwb-brand?post=31975"},{"taxonomy":"product_brand","embeddable":true,"href":"https:\/\/my-french-grocery.com\/it\/wp-json\/wp\/v2\/product_brand?post=31975"},{"taxonomy":"product_cat","embeddable":true,"href":"https:\/\/my-french-grocery.com\/it\/wp-json\/wp\/v2\/product_cat?post=31975"},{"taxonomy":"product_tag","embeddable":true,"href":"https:\/\/my-french-grocery.com\/it\/wp-json\/wp\/v2\/product_tag?post=31975"}],"curies":[{"name":"wp","href":"https:\/\/api.w.org\/{rel}","templated":true}]}}