{"id":32003,"date":"2019-03-02T15:28:36","date_gmt":"2019-03-02T13:28:36","guid":{"rendered":"https:\/\/my-french-grocery.com\/product\/pasta-coquillettes-panzani\/"},"modified":"2019-03-02T15:28:36","modified_gmt":"2019-03-02T13:28:36","slug":"pasta-coquillettes-panzani","status":"publish","type":"product","link":"https:\/\/my-french-grocery.com\/it\/prodotto\/pasta-coquillettes-panzani\/","title":{"rendered":"Pasta Coquillettes Panzani"},"content":{"rendered":"<p>Pasta Coquillettes Panzani<\/p>\n<div class=\"pdp-card__header--text\"><span class=\"ds-body-text ds-body-text--weight-bold ds-body-text--size-m ds-body-text--color-standard-2\"><span>Confezione da 500 gr<\/span><\/span><\/div>\n<div class=\"main-details--food__shoppinglist\"><\/div>\n<div><span>Le nostre Coquillettes Panzani sono realizzate con amore nei nostri pastifici di Marsiglia e Nanterre.\u00a0<\/span><span>Raccolto il pi\u00f9 vicino possibile ai nostri mulini, il nostro grano \u00e8 100% francese, per una qualit\u00e0 eccezionale dell\u2019impasto.<\/span><\/div>\n","protected":false},"excerpt":{"rendered":"<p>Pasta Coquillettes Panzani<\/p>\n<div class=\"pdp-card__header--text\"><span class=\"ds-body-text ds-body-text--weight-bold ds-body-text--size-m ds-body-text--color-standard-2\">Confezione da 500 gr<\/span><\/div>\n","protected":false},"featured_media":26132,"comment_status":"open","ping_status":"closed","template":"","meta":[],"pwb-brand":[3086],"product_brand":[],"product_cat":[2876],"product_tag":[3104],"class_list":{"0":"post-32003","1":"product","2":"type-product","3":"status-publish","4":"has-post-thumbnail","6":"pwb-brand-panzani-it","7":"product_cat-pasta-riso-puree-cereali","8":"product_tag-pasta-panzani-it","9":"product_shipping_class-mondo-spedizioni","11":"first","12":"instock","13":"taxable","14":"shipping-taxable","15":"purchasable","16":"product-type-simple"},"brands":[{"id":3086,"name":"Panzani","slug":"panzani-it"}],"_links":{"self":[{"href":"https:\/\/my-french-grocery.com\/it\/wp-json\/wp\/v2\/product\/32003","targetHints":{"allow":["GET"]}}],"collection":[{"href":"https:\/\/my-french-grocery.com\/it\/wp-json\/wp\/v2\/product"}],"about":[{"href":"https:\/\/my-french-grocery.com\/it\/wp-json\/wp\/v2\/types\/product"}],"replies":[{"embeddable":true,"href":"https:\/\/my-french-grocery.com\/it\/wp-json\/wp\/v2\/comments?post=32003"}],"wp:featuredmedia":[{"embeddable":true,"href":"https:\/\/my-french-grocery.com\/it\/wp-json\/wp\/v2\/media\/26132"}],"wp:attachment":[{"href":"https:\/\/my-french-grocery.com\/it\/wp-json\/wp\/v2\/media?parent=32003"}],"wp:term":[{"taxonomy":"pwb-brand","embeddable":true,"href":"https:\/\/my-french-grocery.com\/it\/wp-json\/wp\/v2\/pwb-brand?post=32003"},{"taxonomy":"product_brand","embeddable":true,"href":"https:\/\/my-french-grocery.com\/it\/wp-json\/wp\/v2\/product_brand?post=32003"},{"taxonomy":"product_cat","embeddable":true,"href":"https:\/\/my-french-grocery.com\/it\/wp-json\/wp\/v2\/product_cat?post=32003"},{"taxonomy":"product_tag","embeddable":true,"href":"https:\/\/my-french-grocery.com\/it\/wp-json\/wp\/v2\/product_tag?post=32003"}],"curies":[{"name":"wp","href":"https:\/\/api.w.org\/{rel}","templated":true}]}}