{"id":32006,"date":"2019-03-02T15:36:41","date_gmt":"2019-03-02T13:36:41","guid":{"rendered":"https:\/\/my-french-grocery.com\/product\/pasta-torti-panzani\/"},"modified":"2019-03-02T15:36:41","modified_gmt":"2019-03-02T13:36:41","slug":"pasta-torti-panzani","status":"publish","type":"product","link":"https:\/\/my-french-grocery.com\/it\/prodotto\/pasta-torti-panzani\/","title":{"rendered":"Pasta Torti Panzani"},"content":{"rendered":"<p>Pasta Torti Panzani<\/p>\n<div class=\"pdp-card__header--text\"><span class=\"ds-body-text ds-body-text--weight-bold ds-body-text--size-m ds-body-text--color-standard-2\"><span>Confezione da 500 gr<\/span><\/span><\/div>\n<div class=\"main-details--food__shoppinglist\"><\/div>\n<div><span>La nostra torti 3 minuti Panzani \u00e8 tutto il piacere e la qualit\u00e0 della pasta Panzani 100% di grano francese, pronta in soli 3 minuti grazie a un impasto pi\u00f9 sottile che permette una cottura pi\u00f9 veloce, in modo del tutto naturale.\u00a0<\/span><span>Sono fatti con amore nei nostri pastifici di Marsiglia e Nanterre.<\/span><\/div>\n","protected":false},"excerpt":{"rendered":"<p>Pasta Torti Panzani<\/p>\n<div class=\"pdp-card__header--text\"><span class=\"ds-body-text ds-body-text--weight-bold ds-body-text--size-m ds-body-text--color-standard-2\">Confezione da 500 gr<\/span><\/div>\n","protected":false},"featured_media":26141,"comment_status":"open","ping_status":"closed","template":"","meta":[],"pwb-brand":[3086],"product_brand":[],"product_cat":[2876],"product_tag":[3104],"class_list":{"0":"post-32006","1":"product","2":"type-product","3":"status-publish","4":"has-post-thumbnail","6":"pwb-brand-panzani-it","7":"product_cat-pasta-riso-puree-cereali","8":"product_tag-pasta-panzani-it","9":"product_shipping_class-mondo-spedizioni","11":"first","12":"instock","13":"taxable","14":"shipping-taxable","15":"purchasable","16":"product-type-simple"},"brands":[{"id":3086,"name":"Panzani","slug":"panzani-it"}],"_links":{"self":[{"href":"https:\/\/my-french-grocery.com\/it\/wp-json\/wp\/v2\/product\/32006","targetHints":{"allow":["GET"]}}],"collection":[{"href":"https:\/\/my-french-grocery.com\/it\/wp-json\/wp\/v2\/product"}],"about":[{"href":"https:\/\/my-french-grocery.com\/it\/wp-json\/wp\/v2\/types\/product"}],"replies":[{"embeddable":true,"href":"https:\/\/my-french-grocery.com\/it\/wp-json\/wp\/v2\/comments?post=32006"}],"wp:featuredmedia":[{"embeddable":true,"href":"https:\/\/my-french-grocery.com\/it\/wp-json\/wp\/v2\/media\/26141"}],"wp:attachment":[{"href":"https:\/\/my-french-grocery.com\/it\/wp-json\/wp\/v2\/media?parent=32006"}],"wp:term":[{"taxonomy":"pwb-brand","embeddable":true,"href":"https:\/\/my-french-grocery.com\/it\/wp-json\/wp\/v2\/pwb-brand?post=32006"},{"taxonomy":"product_brand","embeddable":true,"href":"https:\/\/my-french-grocery.com\/it\/wp-json\/wp\/v2\/product_brand?post=32006"},{"taxonomy":"product_cat","embeddable":true,"href":"https:\/\/my-french-grocery.com\/it\/wp-json\/wp\/v2\/product_cat?post=32006"},{"taxonomy":"product_tag","embeddable":true,"href":"https:\/\/my-french-grocery.com\/it\/wp-json\/wp\/v2\/product_tag?post=32006"}],"curies":[{"name":"wp","href":"https:\/\/api.w.org\/{rel}","templated":true}]}}