{"id":32235,"date":"2019-06-03T11:57:19","date_gmt":"2019-06-03T09:57:19","guid":{"rendered":"https:\/\/my-french-grocery.com\/product\/acqua-frizzante-aromatizzata-al-gusto-di-limone-guava-perrier\/"},"modified":"2019-06-03T11:57:19","modified_gmt":"2019-06-03T09:57:19","slug":"acqua-frizzante-aromatizzata-al-gusto-di-limone-guava-perrier","status":"publish","type":"product","link":"https:\/\/my-french-grocery.com\/it\/prodotto\/acqua-frizzante-aromatizzata-al-gusto-di-limone-guava-perrier\/","title":{"rendered":"Acqua Frizzante Aromatizzata Al Gusto Di Limone &#038; Guava Perrier"},"content":{"rendered":"<p>Acqua Frizzante Aromatizzata Al Gusto Di Limone &amp; Guava Perrier<\/p>\n<p>4 lattine da 25 cl<\/p>\n<p>Bibita analcolica aromatizzata con 3 succhi di frutta da concentrato<\/p>\n<p>Perrier \u00e8 un marchio francese di acqua minerale naturale in bottiglia catturata alla sorgente di Verg\u00e8ze, situata nel dipartimento del Gard. Perrier \u00e8 meglio conosciuto per la sua carbonatazione naturale, la caratteristica bottiglia verde e livelli pi\u00f9 elevati di carbonatazione rispetto ai suoi coetanei.<\/p>\n","protected":false},"excerpt":{"rendered":"<p>Acqua Frizzante Aromatizzata Al Gusto Di Limone &amp; Guava Perrier<\/p>\n<p>4 lattine da 25 cl<\/p>\n","protected":false},"featured_media":27385,"comment_status":"open","ping_status":"closed","template":"","meta":[],"pwb-brand":[3143],"product_brand":[],"product_cat":[3003],"product_tag":[3142],"class_list":{"0":"post-32235","1":"product","2":"type-product","3":"status-publish","4":"has-post-thumbnail","6":"pwb-brand-perrier-it","7":"product_cat-acqua-succhi-di-frutta-bibite-sciroppi","8":"product_tag-perrier-it","9":"product_shipping_class-mondo-spedizioni","11":"first","12":"outofstock","13":"taxable","14":"shipping-taxable","15":"purchasable","16":"product-type-simple"},"yoast_head":"<!-- This site is optimized with the Yoast SEO plugin v27.4 - https:\/\/yoast.com\/product\/yoast-seo-wordpress\/ -->\n<title>Acqua Frizzante Aromatizzata Al Gusto Di Limone &amp; Guava Perrier | Acquisti Online | My French Grocery<\/title>\n<meta name=\"description\" content=\"Acqua Frizzante Aromatizzata Al Gusto Di Limone &amp; Guava Perrier - 4 lattine da 25 cl - Bibita analcolica aromatizzata con 3 succhi di frutta da concentrato\" \/>\n<meta name=\"robots\" content=\"index, follow, max-snippet:-1, max-image-preview:large, max-video-preview:-1\" \/>\n<link rel=\"canonical\" href=\"https:\/\/my-french-grocery.com\/it\/prodotto\/acqua-frizzante-aromatizzata-al-gusto-di-limone-guava-perrier\/\" \/>\n<meta property=\"og:locale\" content=\"it_IT\" \/>\n<meta property=\"og:type\" content=\"article\" \/>\n<meta property=\"og:title\" content=\"Acqua Frizzante Aromatizzata Al Gusto Di Limone &amp; Guava Perrier | Acquisti Online | My French Grocery\" \/>\n<meta property=\"og:description\" content=\"Acqua Frizzante Aromatizzata Al Gusto Di Limone &amp; Guava Perrier - 4 lattine da 25 cl - Bibita analcolica aromatizzata con 3 succhi di frutta da concentrato\" \/>\n<meta property=\"og:url\" content=\"https:\/\/my-french-grocery.com\/it\/prodotto\/acqua-frizzante-aromatizzata-al-gusto-di-limone-guava-perrier\/\" \/>\n<meta property=\"og:site_name\" content=\"My French Grocery\" \/>\n<meta property=\"article:publisher\" content=\"https:\/\/www.facebook.com\/myfrenchgrocery\/\" \/>\n<meta property=\"og:image\" content=\"https:\/\/my-french-grocery.com\/wp-content\/uploads\/2019\/06\/PERRIER-JUICE-CITRON-GOYAVE.jpg\" \/>\n\t<meta property=\"og:image:width\" content=\"540\" \/>\n\t<meta property=\"og:image:height\" content=\"540\" \/>\n\t<meta property=\"og:image:type\" content=\"image\/jpeg\" \/>\n<meta name=\"twitter:card\" content=\"summary_large_image\" \/>\n<script type=\"application\/ld+json\" class=\"yoast-schema-graph\">{\"@context\":\"https:\\\/\\\/schema.org\",\"@graph\":[{\"@type\":\"WebPage\",\"@id\":\"https:\\\/\\\/my-french-grocery.com\\\/it\\\/prodotto\\\/acqua-frizzante-aromatizzata-al-gusto-di-limone-guava-perrier\\\/\",\"url\":\"https:\\\/\\\/my-french-grocery.com\\\/it\\\/prodotto\\\/acqua-frizzante-aromatizzata-al-gusto-di-limone-guava-perrier\\\/\",\"name\":\"Acqua Frizzante Aromatizzata Al Gusto Di Limone & Guava Perrier | Acquisti Online | My French Grocery\",\"isPartOf\":{\"@id\":\"https:\\\/\\\/my-french-grocery.com\\\/it\\\/#website\"},\"primaryImageOfPage\":{\"@id\":\"https:\\\/\\\/my-french-grocery.com\\\/it\\\/prodotto\\\/acqua-frizzante-aromatizzata-al-gusto-di-limone-guava-perrier\\\/#primaryimage\"},\"image\":{\"@id\":\"https:\\\/\\\/my-french-grocery.com\\\/it\\\/prodotto\\\/acqua-frizzante-aromatizzata-al-gusto-di-limone-guava-perrier\\\/#primaryimage\"},\"thumbnailUrl\":\"https:\\\/\\\/my-french-grocery.com\\\/wp-content\\\/uploads\\\/2019\\\/06\\\/PERRIER-JUICE-CITRON-GOYAVE.jpg\",\"datePublished\":\"2019-06-03T09:57:19+00:00\",\"description\":\"Acqua Frizzante Aromatizzata Al Gusto Di Limone & Guava Perrier - 4 lattine da 25 cl - Bibita analcolica aromatizzata con 3 succhi di frutta da concentrato\",\"breadcrumb\":{\"@id\":\"https:\\\/\\\/my-french-grocery.com\\\/it\\\/prodotto\\\/acqua-frizzante-aromatizzata-al-gusto-di-limone-guava-perrier\\\/#breadcrumb\"},\"inLanguage\":\"it-IT\",\"potentialAction\":[{\"@type\":\"ReadAction\",\"target\":[\"https:\\\/\\\/my-french-grocery.com\\\/it\\\/prodotto\\\/acqua-frizzante-aromatizzata-al-gusto-di-limone-guava-perrier\\\/\"]}]},{\"@type\":\"ImageObject\",\"inLanguage\":\"it-IT\",\"@id\":\"https:\\\/\\\/my-french-grocery.com\\\/it\\\/prodotto\\\/acqua-frizzante-aromatizzata-al-gusto-di-limone-guava-perrier\\\/#primaryimage\",\"url\":\"https:\\\/\\\/my-french-grocery.com\\\/wp-content\\\/uploads\\\/2019\\\/06\\\/PERRIER-JUICE-CITRON-GOYAVE.jpg\",\"contentUrl\":\"https:\\\/\\\/my-french-grocery.com\\\/wp-content\\\/uploads\\\/2019\\\/06\\\/PERRIER-JUICE-CITRON-GOYAVE.jpg\",\"width\":540,\"height\":540,\"caption\":\"Acqua Frizzante Aromatizzata Al Gusto Di Limone & Guava Perrier\"},{\"@type\":\"BreadcrumbList\",\"@id\":\"https:\\\/\\\/my-french-grocery.com\\\/it\\\/prodotto\\\/acqua-frizzante-aromatizzata-al-gusto-di-limone-guava-perrier\\\/#breadcrumb\",\"itemListElement\":[{\"@type\":\"ListItem\",\"position\":1,\"name\":\"Home\",\"item\":\"https:\\\/\\\/my-french-grocery.com\\\/it\\\/negozio\\\/\"},{\"@type\":\"ListItem\",\"position\":2,\"name\":\"Shop\",\"item\":\"https:\\\/\\\/my-french-grocery.com\\\/shop\\\/\"},{\"@type\":\"ListItem\",\"position\":3,\"name\":\"Acqua Frizzante Aromatizzata Al Gusto Di Limone &#038; Guava Perrier\"}]},{\"@type\":\"WebSite\",\"@id\":\"https:\\\/\\\/my-french-grocery.com\\\/it\\\/#website\",\"url\":\"https:\\\/\\\/my-french-grocery.com\\\/it\\\/\",\"name\":\"My French Grocery\",\"description\":\"Your Online French Grocery  !\",\"publisher\":{\"@id\":\"https:\\\/\\\/my-french-grocery.com\\\/it\\\/#organization\"},\"potentialAction\":[{\"@type\":\"SearchAction\",\"target\":{\"@type\":\"EntryPoint\",\"urlTemplate\":\"https:\\\/\\\/my-french-grocery.com\\\/it\\\/?s={search_term_string}\"},\"query-input\":{\"@type\":\"PropertyValueSpecification\",\"valueRequired\":true,\"valueName\":\"search_term_string\"}}],\"inLanguage\":\"it-IT\"},{\"@type\":\"Organization\",\"@id\":\"https:\\\/\\\/my-french-grocery.com\\\/it\\\/#organization\",\"name\":\"MY FRENCH GROCERY\",\"url\":\"https:\\\/\\\/my-french-grocery.com\\\/it\\\/\",\"logo\":{\"@type\":\"ImageObject\",\"inLanguage\":\"it-IT\",\"@id\":\"https:\\\/\\\/my-french-grocery.com\\\/it\\\/#\\\/schema\\\/logo\\\/image\\\/\",\"url\":\"https:\\\/\\\/my-french-grocery.com\\\/wp-content\\\/uploads\\\/2021\\\/11\\\/My-French-Grocery-Online-French-Grocery.png\",\"contentUrl\":\"https:\\\/\\\/my-french-grocery.com\\\/wp-content\\\/uploads\\\/2021\\\/11\\\/My-French-Grocery-Online-French-Grocery.png\",\"width\":100,\"height\":100,\"caption\":\"MY FRENCH GROCERY\"},\"image\":{\"@id\":\"https:\\\/\\\/my-french-grocery.com\\\/it\\\/#\\\/schema\\\/logo\\\/image\\\/\"},\"sameAs\":[\"https:\\\/\\\/www.facebook.com\\\/myfrenchgrocery\\\/\"]}]}<\/script>\n<!-- \/ Yoast SEO plugin. -->","yoast_head_json":{"title":"Acqua Frizzante Aromatizzata Al Gusto Di Limone & Guava Perrier | Acquisti Online | My French Grocery","description":"Acqua Frizzante Aromatizzata Al Gusto Di Limone & Guava Perrier - 4 lattine da 25 cl - Bibita analcolica aromatizzata con 3 succhi di frutta da concentrato","robots":{"index":"index","follow":"follow","max-snippet":"max-snippet:-1","max-image-preview":"max-image-preview:large","max-video-preview":"max-video-preview:-1"},"canonical":"https:\/\/my-french-grocery.com\/it\/prodotto\/acqua-frizzante-aromatizzata-al-gusto-di-limone-guava-perrier\/","og_locale":"it_IT","og_type":"article","og_title":"Acqua Frizzante Aromatizzata Al Gusto Di Limone & Guava Perrier | Acquisti Online | My French Grocery","og_description":"Acqua Frizzante Aromatizzata Al Gusto Di Limone & Guava Perrier - 4 lattine da 25 cl - Bibita analcolica aromatizzata con 3 succhi di frutta da concentrato","og_url":"https:\/\/my-french-grocery.com\/it\/prodotto\/acqua-frizzante-aromatizzata-al-gusto-di-limone-guava-perrier\/","og_site_name":"My French Grocery","article_publisher":"https:\/\/www.facebook.com\/myfrenchgrocery\/","og_image":[{"width":540,"height":540,"url":"https:\/\/my-french-grocery.com\/wp-content\/uploads\/2019\/06\/PERRIER-JUICE-CITRON-GOYAVE.jpg","type":"image\/jpeg"}],"twitter_card":"summary_large_image","schema":{"@context":"https:\/\/schema.org","@graph":[{"@type":"WebPage","@id":"https:\/\/my-french-grocery.com\/it\/prodotto\/acqua-frizzante-aromatizzata-al-gusto-di-limone-guava-perrier\/","url":"https:\/\/my-french-grocery.com\/it\/prodotto\/acqua-frizzante-aromatizzata-al-gusto-di-limone-guava-perrier\/","name":"Acqua Frizzante Aromatizzata Al Gusto Di Limone & Guava Perrier | Acquisti Online | My French Grocery","isPartOf":{"@id":"https:\/\/my-french-grocery.com\/it\/#website"},"primaryImageOfPage":{"@id":"https:\/\/my-french-grocery.com\/it\/prodotto\/acqua-frizzante-aromatizzata-al-gusto-di-limone-guava-perrier\/#primaryimage"},"image":{"@id":"https:\/\/my-french-grocery.com\/it\/prodotto\/acqua-frizzante-aromatizzata-al-gusto-di-limone-guava-perrier\/#primaryimage"},"thumbnailUrl":"https:\/\/my-french-grocery.com\/wp-content\/uploads\/2019\/06\/PERRIER-JUICE-CITRON-GOYAVE.jpg","datePublished":"2019-06-03T09:57:19+00:00","description":"Acqua Frizzante Aromatizzata Al Gusto Di Limone & Guava Perrier - 4 lattine da 25 cl - Bibita analcolica aromatizzata con 3 succhi di frutta da concentrato","breadcrumb":{"@id":"https:\/\/my-french-grocery.com\/it\/prodotto\/acqua-frizzante-aromatizzata-al-gusto-di-limone-guava-perrier\/#breadcrumb"},"inLanguage":"it-IT","potentialAction":[{"@type":"ReadAction","target":["https:\/\/my-french-grocery.com\/it\/prodotto\/acqua-frizzante-aromatizzata-al-gusto-di-limone-guava-perrier\/"]}]},{"@type":"ImageObject","inLanguage":"it-IT","@id":"https:\/\/my-french-grocery.com\/it\/prodotto\/acqua-frizzante-aromatizzata-al-gusto-di-limone-guava-perrier\/#primaryimage","url":"https:\/\/my-french-grocery.com\/wp-content\/uploads\/2019\/06\/PERRIER-JUICE-CITRON-GOYAVE.jpg","contentUrl":"https:\/\/my-french-grocery.com\/wp-content\/uploads\/2019\/06\/PERRIER-JUICE-CITRON-GOYAVE.jpg","width":540,"height":540,"caption":"Acqua Frizzante Aromatizzata Al Gusto Di Limone & Guava Perrier"},{"@type":"BreadcrumbList","@id":"https:\/\/my-french-grocery.com\/it\/prodotto\/acqua-frizzante-aromatizzata-al-gusto-di-limone-guava-perrier\/#breadcrumb","itemListElement":[{"@type":"ListItem","position":1,"name":"Home","item":"https:\/\/my-french-grocery.com\/it\/negozio\/"},{"@type":"ListItem","position":2,"name":"Shop","item":"https:\/\/my-french-grocery.com\/shop\/"},{"@type":"ListItem","position":3,"name":"Acqua Frizzante Aromatizzata Al Gusto Di Limone &#038; Guava Perrier"}]},{"@type":"WebSite","@id":"https:\/\/my-french-grocery.com\/it\/#website","url":"https:\/\/my-french-grocery.com\/it\/","name":"My French Grocery","description":"Your Online French Grocery  !","publisher":{"@id":"https:\/\/my-french-grocery.com\/it\/#organization"},"potentialAction":[{"@type":"SearchAction","target":{"@type":"EntryPoint","urlTemplate":"https:\/\/my-french-grocery.com\/it\/?s={search_term_string}"},"query-input":{"@type":"PropertyValueSpecification","valueRequired":true,"valueName":"search_term_string"}}],"inLanguage":"it-IT"},{"@type":"Organization","@id":"https:\/\/my-french-grocery.com\/it\/#organization","name":"MY FRENCH GROCERY","url":"https:\/\/my-french-grocery.com\/it\/","logo":{"@type":"ImageObject","inLanguage":"it-IT","@id":"https:\/\/my-french-grocery.com\/it\/#\/schema\/logo\/image\/","url":"https:\/\/my-french-grocery.com\/wp-content\/uploads\/2021\/11\/My-French-Grocery-Online-French-Grocery.png","contentUrl":"https:\/\/my-french-grocery.com\/wp-content\/uploads\/2021\/11\/My-French-Grocery-Online-French-Grocery.png","width":100,"height":100,"caption":"MY FRENCH GROCERY"},"image":{"@id":"https:\/\/my-french-grocery.com\/it\/#\/schema\/logo\/image\/"},"sameAs":["https:\/\/www.facebook.com\/myfrenchgrocery\/"]}]}},"brands":[{"id":3143,"name":"Perrier","slug":"perrier-it"}],"_links":{"self":[{"href":"https:\/\/my-french-grocery.com\/it\/wp-json\/wp\/v2\/product\/32235","targetHints":{"allow":["GET"]}}],"collection":[{"href":"https:\/\/my-french-grocery.com\/it\/wp-json\/wp\/v2\/product"}],"about":[{"href":"https:\/\/my-french-grocery.com\/it\/wp-json\/wp\/v2\/types\/product"}],"replies":[{"embeddable":true,"href":"https:\/\/my-french-grocery.com\/it\/wp-json\/wp\/v2\/comments?post=32235"}],"wp:featuredmedia":[{"embeddable":true,"href":"https:\/\/my-french-grocery.com\/it\/wp-json\/wp\/v2\/media\/27385"}],"wp:attachment":[{"href":"https:\/\/my-french-grocery.com\/it\/wp-json\/wp\/v2\/media?parent=32235"}],"wp:term":[{"taxonomy":"pwb-brand","embeddable":true,"href":"https:\/\/my-french-grocery.com\/it\/wp-json\/wp\/v2\/pwb-brand?post=32235"},{"taxonomy":"product_brand","embeddable":true,"href":"https:\/\/my-french-grocery.com\/it\/wp-json\/wp\/v2\/product_brand?post=32235"},{"taxonomy":"product_cat","embeddable":true,"href":"https:\/\/my-french-grocery.com\/it\/wp-json\/wp\/v2\/product_cat?post=32235"},{"taxonomy":"product_tag","embeddable":true,"href":"https:\/\/my-french-grocery.com\/it\/wp-json\/wp\/v2\/product_tag?post=32235"}],"curies":[{"name":"wp","href":"https:\/\/api.w.org\/{rel}","templated":true}]}}