{"id":33576,"date":"2021-06-29T16:32:26","date_gmt":"2021-06-29T14:32:26","guid":{"rendered":"https:\/\/my-french-grocery.com\/product\/cioccolato-bianco-nestle\/"},"modified":"2024-06-26T17:19:43","modified_gmt":"2024-06-26T15:19:43","slug":"cioccolato-bianco-nestle","status":"publish","type":"product","link":"https:\/\/my-french-grocery.com\/it\/prodotto\/cioccolato-bianco-nestle\/","title":{"rendered":"Cioccolato Bianco Nestl\u00e9"},"content":{"rendered":"<p>Cioccolato Bianco Nestl\u00e9<\/p>\n<p>compressa da 170 g<\/p>\n<p>NESTLE DESSERT White \u00e8 un cioccolato al burro di cacao puro, che unisce tutta la dolcezza del latte agli aromi fruttati della vaniglia per un gusto unico ed equilibrato.\u00a0\u00c8 la tavoletta ideale per preparare deliziose cheesecake o mousse al cioccolato bianco!\u00a0Con il Piano Cacao, Nestl\u00e9 aiuta gli agricoltori a migliorare la qualit\u00e0 del loro cacao.<\/p>\n","protected":false},"excerpt":{"rendered":"<p>Cioccolato Bianco Nestl\u00e9<\/p>\n<p>compressa da 170 g<\/p>\n","protected":false},"featured_media":29190,"comment_status":"open","ping_status":"closed","template":"","meta":[],"pwb-brand":[4023],"product_brand":[],"product_cat":[2882,2889],"product_tag":[2962,3254],"class_list":{"0":"post-33576","1":"product","2":"type-product","3":"status-publish","4":"has-post-thumbnail","6":"pwb-brand-nestle-it","7":"product_cat-cioccolatini","8":"product_cat-pasticceria","9":"product_tag-cioccolato","10":"product_tag-dolce","11":"product_shipping_class-mondo-spedizioni","13":"first","14":"instock","15":"taxable","16":"shipping-taxable","17":"purchasable","18":"product-type-simple"},"yoast_head":"<!-- This site is optimized with the Yoast SEO plugin v27.3 - https:\/\/yoast.com\/product\/yoast-seo-wordpress\/ -->\n<title>Cioccolato Bianco Nestl\u00e9 | Acquisti Online | My French Grocery<\/title>\n<meta name=\"description\" content=\"Cioccolato Bianco Nestl\u00e9 - compressa da 170 g - NESTLE DESSERT White \u00e8 un cioccolato al burro di cacao puro\" \/>\n<meta name=\"robots\" content=\"index, follow, max-snippet:-1, max-image-preview:large, max-video-preview:-1\" \/>\n<link rel=\"canonical\" href=\"https:\/\/my-french-grocery.com\/it\/prodotto\/cioccolato-bianco-nestle\/\" \/>\n<meta property=\"og:locale\" content=\"it_IT\" \/>\n<meta property=\"og:type\" content=\"article\" \/>\n<meta property=\"og:title\" content=\"Cioccolato Bianco Nestl\u00e9 | Acquisti Online | My French Grocery\" \/>\n<meta property=\"og:description\" content=\"Cioccolato Bianco Nestl\u00e9 - compressa da 170 g - NESTLE DESSERT White \u00e8 un cioccolato al burro di cacao puro\" \/>\n<meta property=\"og:url\" content=\"https:\/\/my-french-grocery.com\/it\/prodotto\/cioccolato-bianco-nestle\/\" \/>\n<meta property=\"og:site_name\" content=\"My French Grocery\" \/>\n<meta property=\"article:publisher\" content=\"https:\/\/www.facebook.com\/myfrenchgrocery\/\" \/>\n<meta property=\"article:modified_time\" content=\"2024-06-26T15:19:43+00:00\" \/>\n<meta property=\"og:image\" content=\"https:\/\/my-french-grocery.com\/wp-content\/uploads\/2021\/06\/WHITE-DESSERT-CHOCOLATE-NESTLE.jpg\" \/>\n\t<meta property=\"og:image:width\" content=\"1500\" \/>\n\t<meta property=\"og:image:height\" content=\"1500\" \/>\n\t<meta property=\"og:image:type\" content=\"image\/jpeg\" \/>\n<meta name=\"twitter:card\" content=\"summary_large_image\" \/>\n<script type=\"application\/ld+json\" class=\"yoast-schema-graph\">{\"@context\":\"https:\\\/\\\/schema.org\",\"@graph\":[{\"@type\":\"WebPage\",\"@id\":\"https:\\\/\\\/my-french-grocery.com\\\/it\\\/prodotto\\\/cioccolato-bianco-nestle\\\/\",\"url\":\"https:\\\/\\\/my-french-grocery.com\\\/it\\\/prodotto\\\/cioccolato-bianco-nestle\\\/\",\"name\":\"Cioccolato Bianco Nestl\u00e9 | Acquisti Online | My French Grocery\",\"isPartOf\":{\"@id\":\"https:\\\/\\\/my-french-grocery.com\\\/it\\\/#website\"},\"primaryImageOfPage\":{\"@id\":\"https:\\\/\\\/my-french-grocery.com\\\/it\\\/prodotto\\\/cioccolato-bianco-nestle\\\/#primaryimage\"},\"image\":{\"@id\":\"https:\\\/\\\/my-french-grocery.com\\\/it\\\/prodotto\\\/cioccolato-bianco-nestle\\\/#primaryimage\"},\"thumbnailUrl\":\"https:\\\/\\\/my-french-grocery.com\\\/wp-content\\\/uploads\\\/2021\\\/06\\\/WHITE-DESSERT-CHOCOLATE-NESTLE.jpg\",\"datePublished\":\"2021-06-29T14:32:26+00:00\",\"dateModified\":\"2024-06-26T15:19:43+00:00\",\"description\":\"Cioccolato Bianco Nestl\u00e9 - compressa da 170 g - NESTLE DESSERT White \u00e8 un cioccolato al burro di cacao puro\",\"breadcrumb\":{\"@id\":\"https:\\\/\\\/my-french-grocery.com\\\/it\\\/prodotto\\\/cioccolato-bianco-nestle\\\/#breadcrumb\"},\"inLanguage\":\"it-IT\",\"potentialAction\":[{\"@type\":\"ReadAction\",\"target\":[\"https:\\\/\\\/my-french-grocery.com\\\/it\\\/prodotto\\\/cioccolato-bianco-nestle\\\/\"]}]},{\"@type\":\"ImageObject\",\"inLanguage\":\"it-IT\",\"@id\":\"https:\\\/\\\/my-french-grocery.com\\\/it\\\/prodotto\\\/cioccolato-bianco-nestle\\\/#primaryimage\",\"url\":\"https:\\\/\\\/my-french-grocery.com\\\/wp-content\\\/uploads\\\/2021\\\/06\\\/WHITE-DESSERT-CHOCOLATE-NESTLE.jpg\",\"contentUrl\":\"https:\\\/\\\/my-french-grocery.com\\\/wp-content\\\/uploads\\\/2021\\\/06\\\/WHITE-DESSERT-CHOCOLATE-NESTLE.jpg\",\"width\":1500,\"height\":1500,\"caption\":\"Cioccolato Bianco Nestl\u00e9\"},{\"@type\":\"BreadcrumbList\",\"@id\":\"https:\\\/\\\/my-french-grocery.com\\\/it\\\/prodotto\\\/cioccolato-bianco-nestle\\\/#breadcrumb\",\"itemListElement\":[{\"@type\":\"ListItem\",\"position\":1,\"name\":\"Home\",\"item\":\"https:\\\/\\\/my-french-grocery.com\\\/it\\\/negozio\\\/\"},{\"@type\":\"ListItem\",\"position\":2,\"name\":\"Shop\",\"item\":\"https:\\\/\\\/my-french-grocery.com\\\/shop\\\/\"},{\"@type\":\"ListItem\",\"position\":3,\"name\":\"Alimentazione\",\"item\":\"https:\\\/\\\/my-french-grocery.com\\\/it\\\/categoria-prodotto\\\/alimentazione\\\/\"},{\"@type\":\"ListItem\",\"position\":4,\"name\":\"Caramelle &amp; Cioccolatini\",\"item\":\"https:\\\/\\\/my-french-grocery.com\\\/it\\\/categoria-prodotto\\\/alimentazione\\\/caramelle-cioccolatini\\\/\"},{\"@type\":\"ListItem\",\"position\":5,\"name\":\"Cioccolatini\",\"item\":\"https:\\\/\\\/my-french-grocery.com\\\/it\\\/categoria-prodotto\\\/alimentazione\\\/caramelle-cioccolatini\\\/cioccolatini\\\/\"},{\"@type\":\"ListItem\",\"position\":6,\"name\":\"Cioccolato Bianco Nestl\u00e9\"}]},{\"@type\":\"WebSite\",\"@id\":\"https:\\\/\\\/my-french-grocery.com\\\/it\\\/#website\",\"url\":\"https:\\\/\\\/my-french-grocery.com\\\/it\\\/\",\"name\":\"My French Grocery\",\"description\":\"Your Online French Grocery  !\",\"publisher\":{\"@id\":\"https:\\\/\\\/my-french-grocery.com\\\/it\\\/#organization\"},\"potentialAction\":[{\"@type\":\"SearchAction\",\"target\":{\"@type\":\"EntryPoint\",\"urlTemplate\":\"https:\\\/\\\/my-french-grocery.com\\\/it\\\/?s={search_term_string}\"},\"query-input\":{\"@type\":\"PropertyValueSpecification\",\"valueRequired\":true,\"valueName\":\"search_term_string\"}}],\"inLanguage\":\"it-IT\"},{\"@type\":\"Organization\",\"@id\":\"https:\\\/\\\/my-french-grocery.com\\\/it\\\/#organization\",\"name\":\"MY FRENCH GROCERY\",\"url\":\"https:\\\/\\\/my-french-grocery.com\\\/it\\\/\",\"logo\":{\"@type\":\"ImageObject\",\"inLanguage\":\"it-IT\",\"@id\":\"https:\\\/\\\/my-french-grocery.com\\\/it\\\/#\\\/schema\\\/logo\\\/image\\\/\",\"url\":\"https:\\\/\\\/my-french-grocery.com\\\/wp-content\\\/uploads\\\/2021\\\/11\\\/My-French-Grocery-Online-French-Grocery.png\",\"contentUrl\":\"https:\\\/\\\/my-french-grocery.com\\\/wp-content\\\/uploads\\\/2021\\\/11\\\/My-French-Grocery-Online-French-Grocery.png\",\"width\":100,\"height\":100,\"caption\":\"MY FRENCH GROCERY\"},\"image\":{\"@id\":\"https:\\\/\\\/my-french-grocery.com\\\/it\\\/#\\\/schema\\\/logo\\\/image\\\/\"},\"sameAs\":[\"https:\\\/\\\/www.facebook.com\\\/myfrenchgrocery\\\/\"]}]}<\/script>\n<!-- \/ Yoast SEO plugin. -->","yoast_head_json":{"title":"Cioccolato Bianco Nestl\u00e9 | Acquisti Online | My French Grocery","description":"Cioccolato Bianco Nestl\u00e9 - compressa da 170 g - NESTLE DESSERT White \u00e8 un cioccolato al burro di cacao puro","robots":{"index":"index","follow":"follow","max-snippet":"max-snippet:-1","max-image-preview":"max-image-preview:large","max-video-preview":"max-video-preview:-1"},"canonical":"https:\/\/my-french-grocery.com\/it\/prodotto\/cioccolato-bianco-nestle\/","og_locale":"it_IT","og_type":"article","og_title":"Cioccolato Bianco Nestl\u00e9 | Acquisti Online | My French Grocery","og_description":"Cioccolato Bianco Nestl\u00e9 - compressa da 170 g - NESTLE DESSERT White \u00e8 un cioccolato al burro di cacao puro","og_url":"https:\/\/my-french-grocery.com\/it\/prodotto\/cioccolato-bianco-nestle\/","og_site_name":"My French Grocery","article_publisher":"https:\/\/www.facebook.com\/myfrenchgrocery\/","article_modified_time":"2024-06-26T15:19:43+00:00","og_image":[{"width":1500,"height":1500,"url":"https:\/\/my-french-grocery.com\/wp-content\/uploads\/2021\/06\/WHITE-DESSERT-CHOCOLATE-NESTLE.jpg","type":"image\/jpeg"}],"twitter_card":"summary_large_image","schema":{"@context":"https:\/\/schema.org","@graph":[{"@type":"WebPage","@id":"https:\/\/my-french-grocery.com\/it\/prodotto\/cioccolato-bianco-nestle\/","url":"https:\/\/my-french-grocery.com\/it\/prodotto\/cioccolato-bianco-nestle\/","name":"Cioccolato Bianco Nestl\u00e9 | Acquisti Online | My French Grocery","isPartOf":{"@id":"https:\/\/my-french-grocery.com\/it\/#website"},"primaryImageOfPage":{"@id":"https:\/\/my-french-grocery.com\/it\/prodotto\/cioccolato-bianco-nestle\/#primaryimage"},"image":{"@id":"https:\/\/my-french-grocery.com\/it\/prodotto\/cioccolato-bianco-nestle\/#primaryimage"},"thumbnailUrl":"https:\/\/my-french-grocery.com\/wp-content\/uploads\/2021\/06\/WHITE-DESSERT-CHOCOLATE-NESTLE.jpg","datePublished":"2021-06-29T14:32:26+00:00","dateModified":"2024-06-26T15:19:43+00:00","description":"Cioccolato Bianco Nestl\u00e9 - compressa da 170 g - NESTLE DESSERT White \u00e8 un cioccolato al burro di cacao puro","breadcrumb":{"@id":"https:\/\/my-french-grocery.com\/it\/prodotto\/cioccolato-bianco-nestle\/#breadcrumb"},"inLanguage":"it-IT","potentialAction":[{"@type":"ReadAction","target":["https:\/\/my-french-grocery.com\/it\/prodotto\/cioccolato-bianco-nestle\/"]}]},{"@type":"ImageObject","inLanguage":"it-IT","@id":"https:\/\/my-french-grocery.com\/it\/prodotto\/cioccolato-bianco-nestle\/#primaryimage","url":"https:\/\/my-french-grocery.com\/wp-content\/uploads\/2021\/06\/WHITE-DESSERT-CHOCOLATE-NESTLE.jpg","contentUrl":"https:\/\/my-french-grocery.com\/wp-content\/uploads\/2021\/06\/WHITE-DESSERT-CHOCOLATE-NESTLE.jpg","width":1500,"height":1500,"caption":"Cioccolato Bianco Nestl\u00e9"},{"@type":"BreadcrumbList","@id":"https:\/\/my-french-grocery.com\/it\/prodotto\/cioccolato-bianco-nestle\/#breadcrumb","itemListElement":[{"@type":"ListItem","position":1,"name":"Home","item":"https:\/\/my-french-grocery.com\/it\/negozio\/"},{"@type":"ListItem","position":2,"name":"Shop","item":"https:\/\/my-french-grocery.com\/shop\/"},{"@type":"ListItem","position":3,"name":"Alimentazione","item":"https:\/\/my-french-grocery.com\/it\/categoria-prodotto\/alimentazione\/"},{"@type":"ListItem","position":4,"name":"Caramelle &amp; Cioccolatini","item":"https:\/\/my-french-grocery.com\/it\/categoria-prodotto\/alimentazione\/caramelle-cioccolatini\/"},{"@type":"ListItem","position":5,"name":"Cioccolatini","item":"https:\/\/my-french-grocery.com\/it\/categoria-prodotto\/alimentazione\/caramelle-cioccolatini\/cioccolatini\/"},{"@type":"ListItem","position":6,"name":"Cioccolato Bianco Nestl\u00e9"}]},{"@type":"WebSite","@id":"https:\/\/my-french-grocery.com\/it\/#website","url":"https:\/\/my-french-grocery.com\/it\/","name":"My French Grocery","description":"Your Online French Grocery  !","publisher":{"@id":"https:\/\/my-french-grocery.com\/it\/#organization"},"potentialAction":[{"@type":"SearchAction","target":{"@type":"EntryPoint","urlTemplate":"https:\/\/my-french-grocery.com\/it\/?s={search_term_string}"},"query-input":{"@type":"PropertyValueSpecification","valueRequired":true,"valueName":"search_term_string"}}],"inLanguage":"it-IT"},{"@type":"Organization","@id":"https:\/\/my-french-grocery.com\/it\/#organization","name":"MY FRENCH GROCERY","url":"https:\/\/my-french-grocery.com\/it\/","logo":{"@type":"ImageObject","inLanguage":"it-IT","@id":"https:\/\/my-french-grocery.com\/it\/#\/schema\/logo\/image\/","url":"https:\/\/my-french-grocery.com\/wp-content\/uploads\/2021\/11\/My-French-Grocery-Online-French-Grocery.png","contentUrl":"https:\/\/my-french-grocery.com\/wp-content\/uploads\/2021\/11\/My-French-Grocery-Online-French-Grocery.png","width":100,"height":100,"caption":"MY FRENCH GROCERY"},"image":{"@id":"https:\/\/my-french-grocery.com\/it\/#\/schema\/logo\/image\/"},"sameAs":["https:\/\/www.facebook.com\/myfrenchgrocery\/"]}]}},"brands":[{"id":4023,"name":"Nestl\u00e9","slug":"nestle-it"}],"_links":{"self":[{"href":"https:\/\/my-french-grocery.com\/it\/wp-json\/wp\/v2\/product\/33576","targetHints":{"allow":["GET"]}}],"collection":[{"href":"https:\/\/my-french-grocery.com\/it\/wp-json\/wp\/v2\/product"}],"about":[{"href":"https:\/\/my-french-grocery.com\/it\/wp-json\/wp\/v2\/types\/product"}],"replies":[{"embeddable":true,"href":"https:\/\/my-french-grocery.com\/it\/wp-json\/wp\/v2\/comments?post=33576"}],"wp:featuredmedia":[{"embeddable":true,"href":"https:\/\/my-french-grocery.com\/it\/wp-json\/wp\/v2\/media\/29190"}],"wp:attachment":[{"href":"https:\/\/my-french-grocery.com\/it\/wp-json\/wp\/v2\/media?parent=33576"}],"wp:term":[{"taxonomy":"pwb-brand","embeddable":true,"href":"https:\/\/my-french-grocery.com\/it\/wp-json\/wp\/v2\/pwb-brand?post=33576"},{"taxonomy":"product_brand","embeddable":true,"href":"https:\/\/my-french-grocery.com\/it\/wp-json\/wp\/v2\/product_brand?post=33576"},{"taxonomy":"product_cat","embeddable":true,"href":"https:\/\/my-french-grocery.com\/it\/wp-json\/wp\/v2\/product_cat?post=33576"},{"taxonomy":"product_tag","embeddable":true,"href":"https:\/\/my-french-grocery.com\/it\/wp-json\/wp\/v2\/product_tag?post=33576"}],"curies":[{"name":"wp","href":"https:\/\/api.w.org\/{rel}","templated":true}]}}