{"id":33622,"date":"2021-07-06T17:00:19","date_gmt":"2021-07-06T15:00:19","guid":{"rendered":"https:\/\/my-french-grocery.com\/product\/sardine\/"},"modified":"2021-07-06T17:00:19","modified_gmt":"2021-07-06T15:00:19","slug":"sardine","status":"publish","type":"product","link":"https:\/\/my-french-grocery.com\/it\/prodotto\/sardine\/","title":{"rendered":"Sardine Al Naturale Conn\u00e9table"},"content":{"rendered":"<p>Sardine Al Naturale Conn\u00e9table<\/p>\n<p>scatola da 95 g netti<\/p>\n<p><span>La sardina al naturale \u00e8 ricca di calcio, fosforo, vitamina D e Omega 3. Cos\u00ec preparata al naturale, vengono esaltati tutti i sapori autentici del pesce.\u00a0<\/span><span>La Sardine Nature Conn\u00e9table pu\u00f2 essere consumata cos\u00ec com\u2019\u00e8 o con un filo di vinaigrette per il massimo piacere dei buongustai.<\/span><\/p>\n","protected":false},"excerpt":{"rendered":"<p>Sardine Al Naturale Conn\u00e9table<\/p>\n<p>scatola da 95 g netti<\/p>\n","protected":false},"featured_media":23844,"comment_status":"open","ping_status":"closed","template":"","meta":[],"pwb-brand":[2862],"product_brand":[],"product_cat":[2860],"product_tag":[],"class_list":{"0":"post-33622","1":"product","2":"type-product","3":"status-publish","4":"has-post-thumbnail","6":"pwb-brand-connetable-it","7":"product_cat-frutti-di-mare","8":"product_shipping_class-mondo-spedizioni","10":"first","11":"instock","12":"taxable","13":"shipping-taxable","14":"purchasable","15":"product-type-simple"},"brands":[{"id":2862,"name":"Conn\u00e9table","slug":"connetable-it"}],"_links":{"self":[{"href":"https:\/\/my-french-grocery.com\/it\/wp-json\/wp\/v2\/product\/33622","targetHints":{"allow":["GET"]}}],"collection":[{"href":"https:\/\/my-french-grocery.com\/it\/wp-json\/wp\/v2\/product"}],"about":[{"href":"https:\/\/my-french-grocery.com\/it\/wp-json\/wp\/v2\/types\/product"}],"replies":[{"embeddable":true,"href":"https:\/\/my-french-grocery.com\/it\/wp-json\/wp\/v2\/comments?post=33622"}],"wp:featuredmedia":[{"embeddable":true,"href":"https:\/\/my-french-grocery.com\/it\/wp-json\/wp\/v2\/media\/23844"}],"wp:attachment":[{"href":"https:\/\/my-french-grocery.com\/it\/wp-json\/wp\/v2\/media?parent=33622"}],"wp:term":[{"taxonomy":"pwb-brand","embeddable":true,"href":"https:\/\/my-french-grocery.com\/it\/wp-json\/wp\/v2\/pwb-brand?post=33622"},{"taxonomy":"product_brand","embeddable":true,"href":"https:\/\/my-french-grocery.com\/it\/wp-json\/wp\/v2\/product_brand?post=33622"},{"taxonomy":"product_cat","embeddable":true,"href":"https:\/\/my-french-grocery.com\/it\/wp-json\/wp\/v2\/product_cat?post=33622"},{"taxonomy":"product_tag","embeddable":true,"href":"https:\/\/my-french-grocery.com\/it\/wp-json\/wp\/v2\/product_tag?post=33622"}],"curies":[{"name":"wp","href":"https:\/\/api.w.org\/{rel}","templated":true}]}}