{"id":33720,"date":"2022-01-29T14:47:18","date_gmt":"2022-01-29T12:47:18","guid":{"rendered":"https:\/\/my-french-grocery.com\/product\/dolci-tetes-brulees-kisplash\/"},"modified":"2022-01-29T14:47:18","modified_gmt":"2022-01-29T12:47:18","slug":"dolci-tetes-brulees-kisplash","status":"publish","type":"product","link":"https:\/\/my-french-grocery.com\/it\/prodotto\/dolci-tetes-brulees-kisplash\/","title":{"rendered":"Dolci T\u00eates Brul\u00e9es  Ki&#8217;Splash"},"content":{"rendered":"<p>Dolci T\u00eates Brul\u00e9es Ki\u2019Splash<\/p>\n<div class=\"pdp-card__header--text\"><span class=\"pl-text pl-text--size-m pl-text--style-p pl-text--bold\"><span>Sacchetto da 120 g<\/span><\/span><\/div>\n<div><\/div>\n<div class=\"main-details--food__shoppinglist\">Pasticceria con rivestimento acido<\/div>\n<div>\n<p>Confetteria aromatizzata colorata con concentrati vegetali, aromi limone-lime, cola, mora-fragola, pesca-albicocca.<\/p>\n<\/div>\n","protected":false},"excerpt":{"rendered":"<p>Dolci T\u00eates Brul\u00e9es Ki&#8217;Splash<\/p>\n<div class=\"pdp-card__header--text\"><span class=\"pl-text pl-text--size-m pl-text--style-p pl-text--bold\">Sacchetto da 120 g<\/span><\/div>\n","protected":false},"featured_media":29350,"comment_status":"open","ping_status":"closed","template":"","meta":[],"pwb-brand":[2988],"product_brand":[],"product_cat":[2809],"product_tag":[3064],"class_list":{"0":"post-33720","1":"product","2":"type-product","3":"status-publish","4":"has-post-thumbnail","6":"pwb-brand-verquin-it","7":"product_cat-caramelle","8":"product_tag-tetes-brulees-it","9":"product_shipping_class-mondo-spedizioni","11":"first","12":"outofstock","13":"taxable","14":"shipping-taxable","15":"purchasable","16":"product-type-simple"},"brands":[{"id":2988,"name":"Verquin","slug":"verquin-it"}],"_links":{"self":[{"href":"https:\/\/my-french-grocery.com\/it\/wp-json\/wp\/v2\/product\/33720","targetHints":{"allow":["GET"]}}],"collection":[{"href":"https:\/\/my-french-grocery.com\/it\/wp-json\/wp\/v2\/product"}],"about":[{"href":"https:\/\/my-french-grocery.com\/it\/wp-json\/wp\/v2\/types\/product"}],"replies":[{"embeddable":true,"href":"https:\/\/my-french-grocery.com\/it\/wp-json\/wp\/v2\/comments?post=33720"}],"wp:featuredmedia":[{"embeddable":true,"href":"https:\/\/my-french-grocery.com\/it\/wp-json\/wp\/v2\/media\/29350"}],"wp:attachment":[{"href":"https:\/\/my-french-grocery.com\/it\/wp-json\/wp\/v2\/media?parent=33720"}],"wp:term":[{"taxonomy":"pwb-brand","embeddable":true,"href":"https:\/\/my-french-grocery.com\/it\/wp-json\/wp\/v2\/pwb-brand?post=33720"},{"taxonomy":"product_brand","embeddable":true,"href":"https:\/\/my-french-grocery.com\/it\/wp-json\/wp\/v2\/product_brand?post=33720"},{"taxonomy":"product_cat","embeddable":true,"href":"https:\/\/my-french-grocery.com\/it\/wp-json\/wp\/v2\/product_cat?post=33720"},{"taxonomy":"product_tag","embeddable":true,"href":"https:\/\/my-french-grocery.com\/it\/wp-json\/wp\/v2\/product_tag?post=33720"}],"curies":[{"name":"wp","href":"https:\/\/api.w.org\/{rel}","templated":true}]}}