{"id":33900,"date":"2022-06-08T10:38:50","date_gmt":"2022-06-08T08:38:50","guid":{"rendered":"https:\/\/my-french-grocery.com\/product\/selecto-soda\/"},"modified":"2022-06-08T10:38:50","modified_gmt":"2022-06-08T08:38:50","slug":"selecto-soda","status":"publish","type":"product","link":"https:\/\/my-french-grocery.com\/it\/prodotto\/selecto-soda\/","title":{"rendered":"Selecto Soda"},"content":{"rendered":"<p>Selecto Soda<\/p>\n<p><span class=\"pl-text pl-text--size-m pl-text--style-p pl-text--bold\"><span>Bottiglia da 1,5 litri<\/span><\/span><\/p>\n<div class=\"pl-rating\">\n<div class=\"pl-rating__content\">\n<p>Selecto \u00e8 una bevanda dell&#8217;azienda algerina Hamoud Boualem. \u00c8 una soda al caramello.<\/p>\n<p>Questa bevanda \u00e8 estremamente popolare in Algeria ed \u00e8, con Hamoud, la bevanda pi\u00f9 consumata del marchio e ha contribuito notevolmente alla sua notoriet\u00e0.<\/p>\n<\/div>\n<\/div>\n","protected":false},"excerpt":{"rendered":"<p>Selecto Soda<\/p>\n<p><span class=\"pl-text pl-text--size-m pl-text--style-p pl-text--bold\">Bottiglia da 1,5 litri<\/span><\/p>\n","protected":false},"featured_media":29505,"comment_status":"open","ping_status":"closed","template":"","meta":[],"pwb-brand":[],"product_brand":[],"product_cat":[3003],"product_tag":[3308],"class_list":{"0":"post-33900","1":"product","2":"type-product","3":"status-publish","4":"has-post-thumbnail","6":"product_cat-acqua-succhi-di-frutta-bibite-sciroppi","7":"product_tag-selecto-it","8":"product_shipping_class-mondo-spedizioni","10":"first","11":"outofstock","12":"taxable","13":"shipping-taxable","14":"purchasable","15":"product-type-simple"},"yoast_head":"<!-- This site is optimized with the Yoast SEO plugin v27.3 - https:\/\/yoast.com\/product\/yoast-seo-wordpress\/ -->\n<title>Selecto Soda | Acquisti Online | My French Grocery<\/title>\n<meta name=\"description\" content=\"Selecto Soda - Bottiglia da 1,5 litri - Selecto \u00e8 una bevanda dell&#039;azienda algerina Hamoud Boualem. \u00c8 una soda al caramello.\" \/>\n<meta name=\"robots\" content=\"index, follow, max-snippet:-1, max-image-preview:large, max-video-preview:-1\" \/>\n<link rel=\"canonical\" href=\"https:\/\/my-french-grocery.com\/it\/prodotto\/selecto-soda\/\" \/>\n<meta property=\"og:locale\" content=\"it_IT\" \/>\n<meta property=\"og:type\" content=\"article\" \/>\n<meta property=\"og:title\" content=\"Selecto Soda | Acquisti Online | My French Grocery\" \/>\n<meta property=\"og:description\" content=\"Selecto Soda - Bottiglia da 1,5 litri - Selecto \u00e8 una bevanda dell&#039;azienda algerina Hamoud Boualem. \u00c8 una soda al caramello.\" \/>\n<meta property=\"og:url\" content=\"https:\/\/my-french-grocery.com\/it\/prodotto\/selecto-soda\/\" \/>\n<meta property=\"og:site_name\" content=\"My French Grocery\" \/>\n<meta property=\"article:publisher\" content=\"https:\/\/www.facebook.com\/myfrenchgrocery\/\" \/>\n<meta property=\"og:image\" content=\"https:\/\/my-french-grocery.com\/wp-content\/uploads\/2022\/06\/Selecto.jpg\" \/>\n\t<meta property=\"og:image:width\" content=\"2048\" \/>\n\t<meta property=\"og:image:height\" content=\"2048\" \/>\n\t<meta property=\"og:image:type\" content=\"image\/jpeg\" \/>\n<meta name=\"twitter:card\" content=\"summary_large_image\" \/>\n<script type=\"application\/ld+json\" class=\"yoast-schema-graph\">{\"@context\":\"https:\\\/\\\/schema.org\",\"@graph\":[{\"@type\":\"WebPage\",\"@id\":\"https:\\\/\\\/my-french-grocery.com\\\/it\\\/prodotto\\\/selecto-soda\\\/\",\"url\":\"https:\\\/\\\/my-french-grocery.com\\\/it\\\/prodotto\\\/selecto-soda\\\/\",\"name\":\"Selecto Soda | Acquisti Online | My French Grocery\",\"isPartOf\":{\"@id\":\"https:\\\/\\\/my-french-grocery.com\\\/it\\\/#website\"},\"primaryImageOfPage\":{\"@id\":\"https:\\\/\\\/my-french-grocery.com\\\/it\\\/prodotto\\\/selecto-soda\\\/#primaryimage\"},\"image\":{\"@id\":\"https:\\\/\\\/my-french-grocery.com\\\/it\\\/prodotto\\\/selecto-soda\\\/#primaryimage\"},\"thumbnailUrl\":\"https:\\\/\\\/my-french-grocery.com\\\/wp-content\\\/uploads\\\/2022\\\/06\\\/Selecto.jpg\",\"datePublished\":\"2022-06-08T08:38:50+00:00\",\"description\":\"Selecto Soda - Bottiglia da 1,5 litri - Selecto \u00e8 una bevanda dell'azienda algerina Hamoud Boualem. \u00c8 una soda al caramello.\",\"breadcrumb\":{\"@id\":\"https:\\\/\\\/my-french-grocery.com\\\/it\\\/prodotto\\\/selecto-soda\\\/#breadcrumb\"},\"inLanguage\":\"it-IT\",\"potentialAction\":[{\"@type\":\"ReadAction\",\"target\":[\"https:\\\/\\\/my-french-grocery.com\\\/it\\\/prodotto\\\/selecto-soda\\\/\"]}]},{\"@type\":\"ImageObject\",\"inLanguage\":\"it-IT\",\"@id\":\"https:\\\/\\\/my-french-grocery.com\\\/it\\\/prodotto\\\/selecto-soda\\\/#primaryimage\",\"url\":\"https:\\\/\\\/my-french-grocery.com\\\/wp-content\\\/uploads\\\/2022\\\/06\\\/Selecto.jpg\",\"contentUrl\":\"https:\\\/\\\/my-french-grocery.com\\\/wp-content\\\/uploads\\\/2022\\\/06\\\/Selecto.jpg\",\"width\":2048,\"height\":2048,\"caption\":\"Selecto Soda\"},{\"@type\":\"BreadcrumbList\",\"@id\":\"https:\\\/\\\/my-french-grocery.com\\\/it\\\/prodotto\\\/selecto-soda\\\/#breadcrumb\",\"itemListElement\":[{\"@type\":\"ListItem\",\"position\":1,\"name\":\"Home\",\"item\":\"https:\\\/\\\/my-french-grocery.com\\\/it\\\/negozio\\\/\"},{\"@type\":\"ListItem\",\"position\":2,\"name\":\"Shop\",\"item\":\"https:\\\/\\\/my-french-grocery.com\\\/shop\\\/\"},{\"@type\":\"ListItem\",\"position\":3,\"name\":\"Acqua, succhi di frutta, bibite, sciroppi\",\"item\":\"https:\\\/\\\/my-french-grocery.com\\\/it\\\/categoria-prodotto\\\/acqua-succhi-di-frutta-bibite-sciroppi\\\/\"},{\"@type\":\"ListItem\",\"position\":4,\"name\":\"Selecto Soda\"}]},{\"@type\":\"WebSite\",\"@id\":\"https:\\\/\\\/my-french-grocery.com\\\/it\\\/#website\",\"url\":\"https:\\\/\\\/my-french-grocery.com\\\/it\\\/\",\"name\":\"My French Grocery\",\"description\":\"Your Online French Grocery  !\",\"publisher\":{\"@id\":\"https:\\\/\\\/my-french-grocery.com\\\/it\\\/#organization\"},\"potentialAction\":[{\"@type\":\"SearchAction\",\"target\":{\"@type\":\"EntryPoint\",\"urlTemplate\":\"https:\\\/\\\/my-french-grocery.com\\\/it\\\/?s={search_term_string}\"},\"query-input\":{\"@type\":\"PropertyValueSpecification\",\"valueRequired\":true,\"valueName\":\"search_term_string\"}}],\"inLanguage\":\"it-IT\"},{\"@type\":\"Organization\",\"@id\":\"https:\\\/\\\/my-french-grocery.com\\\/it\\\/#organization\",\"name\":\"MY FRENCH GROCERY\",\"url\":\"https:\\\/\\\/my-french-grocery.com\\\/it\\\/\",\"logo\":{\"@type\":\"ImageObject\",\"inLanguage\":\"it-IT\",\"@id\":\"https:\\\/\\\/my-french-grocery.com\\\/it\\\/#\\\/schema\\\/logo\\\/image\\\/\",\"url\":\"https:\\\/\\\/my-french-grocery.com\\\/wp-content\\\/uploads\\\/2021\\\/11\\\/My-French-Grocery-Online-French-Grocery.png\",\"contentUrl\":\"https:\\\/\\\/my-french-grocery.com\\\/wp-content\\\/uploads\\\/2021\\\/11\\\/My-French-Grocery-Online-French-Grocery.png\",\"width\":100,\"height\":100,\"caption\":\"MY FRENCH GROCERY\"},\"image\":{\"@id\":\"https:\\\/\\\/my-french-grocery.com\\\/it\\\/#\\\/schema\\\/logo\\\/image\\\/\"},\"sameAs\":[\"https:\\\/\\\/www.facebook.com\\\/myfrenchgrocery\\\/\"]}]}<\/script>\n<!-- \/ Yoast SEO plugin. -->","yoast_head_json":{"title":"Selecto Soda | Acquisti Online | My French Grocery","description":"Selecto Soda - Bottiglia da 1,5 litri - Selecto \u00e8 una bevanda dell'azienda algerina Hamoud Boualem. \u00c8 una soda al caramello.","robots":{"index":"index","follow":"follow","max-snippet":"max-snippet:-1","max-image-preview":"max-image-preview:large","max-video-preview":"max-video-preview:-1"},"canonical":"https:\/\/my-french-grocery.com\/it\/prodotto\/selecto-soda\/","og_locale":"it_IT","og_type":"article","og_title":"Selecto Soda | Acquisti Online | My French Grocery","og_description":"Selecto Soda - Bottiglia da 1,5 litri - Selecto \u00e8 una bevanda dell'azienda algerina Hamoud Boualem. \u00c8 una soda al caramello.","og_url":"https:\/\/my-french-grocery.com\/it\/prodotto\/selecto-soda\/","og_site_name":"My French Grocery","article_publisher":"https:\/\/www.facebook.com\/myfrenchgrocery\/","og_image":[{"width":2048,"height":2048,"url":"https:\/\/my-french-grocery.com\/wp-content\/uploads\/2022\/06\/Selecto.jpg","type":"image\/jpeg"}],"twitter_card":"summary_large_image","schema":{"@context":"https:\/\/schema.org","@graph":[{"@type":"WebPage","@id":"https:\/\/my-french-grocery.com\/it\/prodotto\/selecto-soda\/","url":"https:\/\/my-french-grocery.com\/it\/prodotto\/selecto-soda\/","name":"Selecto Soda | Acquisti Online | My French Grocery","isPartOf":{"@id":"https:\/\/my-french-grocery.com\/it\/#website"},"primaryImageOfPage":{"@id":"https:\/\/my-french-grocery.com\/it\/prodotto\/selecto-soda\/#primaryimage"},"image":{"@id":"https:\/\/my-french-grocery.com\/it\/prodotto\/selecto-soda\/#primaryimage"},"thumbnailUrl":"https:\/\/my-french-grocery.com\/wp-content\/uploads\/2022\/06\/Selecto.jpg","datePublished":"2022-06-08T08:38:50+00:00","description":"Selecto Soda - Bottiglia da 1,5 litri - Selecto \u00e8 una bevanda dell'azienda algerina Hamoud Boualem. \u00c8 una soda al caramello.","breadcrumb":{"@id":"https:\/\/my-french-grocery.com\/it\/prodotto\/selecto-soda\/#breadcrumb"},"inLanguage":"it-IT","potentialAction":[{"@type":"ReadAction","target":["https:\/\/my-french-grocery.com\/it\/prodotto\/selecto-soda\/"]}]},{"@type":"ImageObject","inLanguage":"it-IT","@id":"https:\/\/my-french-grocery.com\/it\/prodotto\/selecto-soda\/#primaryimage","url":"https:\/\/my-french-grocery.com\/wp-content\/uploads\/2022\/06\/Selecto.jpg","contentUrl":"https:\/\/my-french-grocery.com\/wp-content\/uploads\/2022\/06\/Selecto.jpg","width":2048,"height":2048,"caption":"Selecto Soda"},{"@type":"BreadcrumbList","@id":"https:\/\/my-french-grocery.com\/it\/prodotto\/selecto-soda\/#breadcrumb","itemListElement":[{"@type":"ListItem","position":1,"name":"Home","item":"https:\/\/my-french-grocery.com\/it\/negozio\/"},{"@type":"ListItem","position":2,"name":"Shop","item":"https:\/\/my-french-grocery.com\/shop\/"},{"@type":"ListItem","position":3,"name":"Acqua, succhi di frutta, bibite, sciroppi","item":"https:\/\/my-french-grocery.com\/it\/categoria-prodotto\/acqua-succhi-di-frutta-bibite-sciroppi\/"},{"@type":"ListItem","position":4,"name":"Selecto Soda"}]},{"@type":"WebSite","@id":"https:\/\/my-french-grocery.com\/it\/#website","url":"https:\/\/my-french-grocery.com\/it\/","name":"My French Grocery","description":"Your Online French Grocery  !","publisher":{"@id":"https:\/\/my-french-grocery.com\/it\/#organization"},"potentialAction":[{"@type":"SearchAction","target":{"@type":"EntryPoint","urlTemplate":"https:\/\/my-french-grocery.com\/it\/?s={search_term_string}"},"query-input":{"@type":"PropertyValueSpecification","valueRequired":true,"valueName":"search_term_string"}}],"inLanguage":"it-IT"},{"@type":"Organization","@id":"https:\/\/my-french-grocery.com\/it\/#organization","name":"MY FRENCH GROCERY","url":"https:\/\/my-french-grocery.com\/it\/","logo":{"@type":"ImageObject","inLanguage":"it-IT","@id":"https:\/\/my-french-grocery.com\/it\/#\/schema\/logo\/image\/","url":"https:\/\/my-french-grocery.com\/wp-content\/uploads\/2021\/11\/My-French-Grocery-Online-French-Grocery.png","contentUrl":"https:\/\/my-french-grocery.com\/wp-content\/uploads\/2021\/11\/My-French-Grocery-Online-French-Grocery.png","width":100,"height":100,"caption":"MY FRENCH GROCERY"},"image":{"@id":"https:\/\/my-french-grocery.com\/it\/#\/schema\/logo\/image\/"},"sameAs":["https:\/\/www.facebook.com\/myfrenchgrocery\/"]}]}},"brands":[],"_links":{"self":[{"href":"https:\/\/my-french-grocery.com\/it\/wp-json\/wp\/v2\/product\/33900","targetHints":{"allow":["GET"]}}],"collection":[{"href":"https:\/\/my-french-grocery.com\/it\/wp-json\/wp\/v2\/product"}],"about":[{"href":"https:\/\/my-french-grocery.com\/it\/wp-json\/wp\/v2\/types\/product"}],"replies":[{"embeddable":true,"href":"https:\/\/my-french-grocery.com\/it\/wp-json\/wp\/v2\/comments?post=33900"}],"wp:featuredmedia":[{"embeddable":true,"href":"https:\/\/my-french-grocery.com\/it\/wp-json\/wp\/v2\/media\/29505"}],"wp:attachment":[{"href":"https:\/\/my-french-grocery.com\/it\/wp-json\/wp\/v2\/media?parent=33900"}],"wp:term":[{"taxonomy":"pwb-brand","embeddable":true,"href":"https:\/\/my-french-grocery.com\/it\/wp-json\/wp\/v2\/pwb-brand?post=33900"},{"taxonomy":"product_brand","embeddable":true,"href":"https:\/\/my-french-grocery.com\/it\/wp-json\/wp\/v2\/product_brand?post=33900"},{"taxonomy":"product_cat","embeddable":true,"href":"https:\/\/my-french-grocery.com\/it\/wp-json\/wp\/v2\/product_cat?post=33900"},{"taxonomy":"product_tag","embeddable":true,"href":"https:\/\/my-french-grocery.com\/it\/wp-json\/wp\/v2\/product_tag?post=33900"}],"curies":[{"name":"wp","href":"https:\/\/api.w.org\/{rel}","templated":true}]}}