{"id":33905,"date":"2022-08-21T11:14:10","date_gmt":"2022-08-21T09:14:10","guid":{"rendered":"https:\/\/my-french-grocery.com\/product\/sapore-barbecue-peanuts-twinuts\/"},"modified":"2024-03-02T18:50:34","modified_gmt":"2024-03-02T16:50:34","slug":"sapore-barbecue-peanuts-twinuts","status":"publish","type":"product","link":"https:\/\/my-french-grocery.com\/it\/prodotto\/sapore-barbecue-peanuts-twinuts\/","title":{"rendered":"Sapore Messicano Peanuts Twinuts"},"content":{"rendered":"<p>Sapore Messicano Peanuts Twinuts<\/p>\n<div class=\"pdp-card__header--text\"><span class=\"pl-text pl-text--size-m pl-text--style-p pl-text--bold\">Sacchetto da 150 g<\/span><\/div>\n<div class=\"main-details--food__shoppinglist\"><\/div>\n<div>Un&#8217;arachide croccante Un biscotto croccante Un sapore delizioso Twinunts\u00ae, il piacere croccante di B\u00e9n\u00e9nuts Scopri una moltitudine di gusti croccanti con Twinuts B\u00e9n\u00e9nuts Twinuts Gusto Bacon B\u00e9n\u00e9nuts Twinuts Gusto Barbecue B\u00e9n\u00e9nuts Twinuts Gusto Salato B\u00e9n\u00e9nuts Twinuts Gusto Formaggio\u207d\u00b9\u207e \u207d\u00b9\u207e Arachidi ricoperte di formaggio biscotto aromatizzato<\/div>\n","protected":false},"excerpt":{"rendered":"<p>Sapore Messicano Peanuts Twinuts<\/p>\n<div class=\"pdp-card__header--text\"><span class=\"pl-text pl-text--size-m pl-text--style-p pl-text--bold\">Sacchetto da 150 g<\/span><\/div>\n","protected":false},"featured_media":39102,"comment_status":"open","ping_status":"closed","template":"","meta":[],"pwb-brand":[3070],"product_brand":[],"product_cat":[2878],"product_tag":[3068],"class_list":{"0":"post-33905","1":"product","2":"type-product","3":"status-publish","4":"has-post-thumbnail","6":"pwb-brand-benenuts-it","7":"product_cat-patatine-biscotti-salati","8":"product_tag-biscotti-salati","9":"product_shipping_class-mondo-spedizioni","11":"first","12":"instock","13":"taxable","14":"shipping-taxable","15":"purchasable","16":"product-type-simple"},"yoast_head":"<!-- This site is optimized with the Yoast SEO plugin v27.3 - https:\/\/yoast.com\/product\/yoast-seo-wordpress\/ -->\n<title>Sapore Messicano Peanuts Twinuts | Acquisti Online | My French Grocery<\/title>\n<meta name=\"description\" content=\"Sapore Messicano Peanuts Twinuts - Sacchetto da 150 g - Un&#039;arachide croccante Un biscotto croccante Un sapore delizioso Twinunts\" \/>\n<meta name=\"robots\" content=\"index, follow, max-snippet:-1, max-image-preview:large, max-video-preview:-1\" \/>\n<link rel=\"canonical\" href=\"https:\/\/my-french-grocery.com\/it\/prodotto\/sapore-barbecue-peanuts-twinuts\/\" \/>\n<meta property=\"og:locale\" content=\"it_IT\" \/>\n<meta property=\"og:type\" content=\"article\" \/>\n<meta property=\"og:title\" content=\"Sapore Messicano Peanuts Twinuts | Acquisti Online | My French Grocery\" \/>\n<meta property=\"og:description\" content=\"Sapore Messicano Peanuts Twinuts - Sacchetto da 150 g - Un&#039;arachide croccante Un biscotto croccante Un sapore delizioso Twinunts\" \/>\n<meta property=\"og:url\" content=\"https:\/\/my-french-grocery.com\/it\/prodotto\/sapore-barbecue-peanuts-twinuts\/\" \/>\n<meta property=\"og:site_name\" content=\"My French Grocery\" \/>\n<meta property=\"article:publisher\" content=\"https:\/\/www.facebook.com\/myfrenchgrocery\/\" \/>\n<meta property=\"article:modified_time\" content=\"2024-03-02T16:50:34+00:00\" \/>\n<meta property=\"og:image\" content=\"https:\/\/my-french-grocery.com\/wp-content\/uploads\/2022\/08\/Twinuts-Mexican-flavor-coated-peanuts.webp\" \/>\n\t<meta property=\"og:image:width\" content=\"1200\" \/>\n\t<meta property=\"og:image:height\" content=\"1200\" \/>\n\t<meta property=\"og:image:type\" content=\"image\/webp\" \/>\n<meta name=\"twitter:card\" content=\"summary_large_image\" \/>\n<script type=\"application\/ld+json\" class=\"yoast-schema-graph\">{\"@context\":\"https:\\\/\\\/schema.org\",\"@graph\":[{\"@type\":\"WebPage\",\"@id\":\"https:\\\/\\\/my-french-grocery.com\\\/it\\\/prodotto\\\/sapore-barbecue-peanuts-twinuts\\\/\",\"url\":\"https:\\\/\\\/my-french-grocery.com\\\/it\\\/prodotto\\\/sapore-barbecue-peanuts-twinuts\\\/\",\"name\":\"Sapore Messicano Peanuts Twinuts | Acquisti Online | My French Grocery\",\"isPartOf\":{\"@id\":\"https:\\\/\\\/my-french-grocery.com\\\/it\\\/#website\"},\"primaryImageOfPage\":{\"@id\":\"https:\\\/\\\/my-french-grocery.com\\\/it\\\/prodotto\\\/sapore-barbecue-peanuts-twinuts\\\/#primaryimage\"},\"image\":{\"@id\":\"https:\\\/\\\/my-french-grocery.com\\\/it\\\/prodotto\\\/sapore-barbecue-peanuts-twinuts\\\/#primaryimage\"},\"thumbnailUrl\":\"https:\\\/\\\/my-french-grocery.com\\\/wp-content\\\/uploads\\\/2022\\\/08\\\/Twinuts-Mexican-flavor-coated-peanuts.webp\",\"datePublished\":\"2022-08-21T09:14:10+00:00\",\"dateModified\":\"2024-03-02T16:50:34+00:00\",\"description\":\"Sapore Messicano Peanuts Twinuts - Sacchetto da 150 g - Un'arachide croccante Un biscotto croccante Un sapore delizioso Twinunts\",\"breadcrumb\":{\"@id\":\"https:\\\/\\\/my-french-grocery.com\\\/it\\\/prodotto\\\/sapore-barbecue-peanuts-twinuts\\\/#breadcrumb\"},\"inLanguage\":\"it-IT\",\"potentialAction\":[{\"@type\":\"ReadAction\",\"target\":[\"https:\\\/\\\/my-french-grocery.com\\\/it\\\/prodotto\\\/sapore-barbecue-peanuts-twinuts\\\/\"]}]},{\"@type\":\"ImageObject\",\"inLanguage\":\"it-IT\",\"@id\":\"https:\\\/\\\/my-french-grocery.com\\\/it\\\/prodotto\\\/sapore-barbecue-peanuts-twinuts\\\/#primaryimage\",\"url\":\"https:\\\/\\\/my-french-grocery.com\\\/wp-content\\\/uploads\\\/2022\\\/08\\\/Twinuts-Mexican-flavor-coated-peanuts.webp\",\"contentUrl\":\"https:\\\/\\\/my-french-grocery.com\\\/wp-content\\\/uploads\\\/2022\\\/08\\\/Twinuts-Mexican-flavor-coated-peanuts.webp\",\"width\":1200,\"height\":1200,\"caption\":\"Sapore Messicano Peanuts Twinuts\"},{\"@type\":\"BreadcrumbList\",\"@id\":\"https:\\\/\\\/my-french-grocery.com\\\/it\\\/prodotto\\\/sapore-barbecue-peanuts-twinuts\\\/#breadcrumb\",\"itemListElement\":[{\"@type\":\"ListItem\",\"position\":1,\"name\":\"Home\",\"item\":\"https:\\\/\\\/my-french-grocery.com\\\/it\\\/negozio\\\/\"},{\"@type\":\"ListItem\",\"position\":2,\"name\":\"Shop\",\"item\":\"https:\\\/\\\/my-french-grocery.com\\\/shop\\\/\"},{\"@type\":\"ListItem\",\"position\":3,\"name\":\"Alimentazione\",\"item\":\"https:\\\/\\\/my-french-grocery.com\\\/it\\\/categoria-prodotto\\\/alimentazione\\\/\"},{\"@type\":\"ListItem\",\"position\":4,\"name\":\"Patatine &amp; Biscotti Salati\",\"item\":\"https:\\\/\\\/my-french-grocery.com\\\/it\\\/categoria-prodotto\\\/alimentazione\\\/patatine-biscotti-salati\\\/\"},{\"@type\":\"ListItem\",\"position\":5,\"name\":\"Sapore Messicano Peanuts Twinuts\"}]},{\"@type\":\"WebSite\",\"@id\":\"https:\\\/\\\/my-french-grocery.com\\\/it\\\/#website\",\"url\":\"https:\\\/\\\/my-french-grocery.com\\\/it\\\/\",\"name\":\"My French Grocery\",\"description\":\"Your Online French Grocery  !\",\"publisher\":{\"@id\":\"https:\\\/\\\/my-french-grocery.com\\\/it\\\/#organization\"},\"potentialAction\":[{\"@type\":\"SearchAction\",\"target\":{\"@type\":\"EntryPoint\",\"urlTemplate\":\"https:\\\/\\\/my-french-grocery.com\\\/it\\\/?s={search_term_string}\"},\"query-input\":{\"@type\":\"PropertyValueSpecification\",\"valueRequired\":true,\"valueName\":\"search_term_string\"}}],\"inLanguage\":\"it-IT\"},{\"@type\":\"Organization\",\"@id\":\"https:\\\/\\\/my-french-grocery.com\\\/it\\\/#organization\",\"name\":\"MY FRENCH GROCERY\",\"url\":\"https:\\\/\\\/my-french-grocery.com\\\/it\\\/\",\"logo\":{\"@type\":\"ImageObject\",\"inLanguage\":\"it-IT\",\"@id\":\"https:\\\/\\\/my-french-grocery.com\\\/it\\\/#\\\/schema\\\/logo\\\/image\\\/\",\"url\":\"https:\\\/\\\/my-french-grocery.com\\\/wp-content\\\/uploads\\\/2021\\\/11\\\/My-French-Grocery-Online-French-Grocery.png\",\"contentUrl\":\"https:\\\/\\\/my-french-grocery.com\\\/wp-content\\\/uploads\\\/2021\\\/11\\\/My-French-Grocery-Online-French-Grocery.png\",\"width\":100,\"height\":100,\"caption\":\"MY FRENCH GROCERY\"},\"image\":{\"@id\":\"https:\\\/\\\/my-french-grocery.com\\\/it\\\/#\\\/schema\\\/logo\\\/image\\\/\"},\"sameAs\":[\"https:\\\/\\\/www.facebook.com\\\/myfrenchgrocery\\\/\"]}]}<\/script>\n<!-- \/ Yoast SEO plugin. -->","yoast_head_json":{"title":"Sapore Messicano Peanuts Twinuts | Acquisti Online | My French Grocery","description":"Sapore Messicano Peanuts Twinuts - Sacchetto da 150 g - Un'arachide croccante Un biscotto croccante Un sapore delizioso Twinunts","robots":{"index":"index","follow":"follow","max-snippet":"max-snippet:-1","max-image-preview":"max-image-preview:large","max-video-preview":"max-video-preview:-1"},"canonical":"https:\/\/my-french-grocery.com\/it\/prodotto\/sapore-barbecue-peanuts-twinuts\/","og_locale":"it_IT","og_type":"article","og_title":"Sapore Messicano Peanuts Twinuts | Acquisti Online | My French Grocery","og_description":"Sapore Messicano Peanuts Twinuts - Sacchetto da 150 g - Un'arachide croccante Un biscotto croccante Un sapore delizioso Twinunts","og_url":"https:\/\/my-french-grocery.com\/it\/prodotto\/sapore-barbecue-peanuts-twinuts\/","og_site_name":"My French Grocery","article_publisher":"https:\/\/www.facebook.com\/myfrenchgrocery\/","article_modified_time":"2024-03-02T16:50:34+00:00","og_image":[{"width":1200,"height":1200,"url":"https:\/\/my-french-grocery.com\/wp-content\/uploads\/2022\/08\/Twinuts-Mexican-flavor-coated-peanuts.webp","type":"image\/webp"}],"twitter_card":"summary_large_image","schema":{"@context":"https:\/\/schema.org","@graph":[{"@type":"WebPage","@id":"https:\/\/my-french-grocery.com\/it\/prodotto\/sapore-barbecue-peanuts-twinuts\/","url":"https:\/\/my-french-grocery.com\/it\/prodotto\/sapore-barbecue-peanuts-twinuts\/","name":"Sapore Messicano Peanuts Twinuts | Acquisti Online | My French Grocery","isPartOf":{"@id":"https:\/\/my-french-grocery.com\/it\/#website"},"primaryImageOfPage":{"@id":"https:\/\/my-french-grocery.com\/it\/prodotto\/sapore-barbecue-peanuts-twinuts\/#primaryimage"},"image":{"@id":"https:\/\/my-french-grocery.com\/it\/prodotto\/sapore-barbecue-peanuts-twinuts\/#primaryimage"},"thumbnailUrl":"https:\/\/my-french-grocery.com\/wp-content\/uploads\/2022\/08\/Twinuts-Mexican-flavor-coated-peanuts.webp","datePublished":"2022-08-21T09:14:10+00:00","dateModified":"2024-03-02T16:50:34+00:00","description":"Sapore Messicano Peanuts Twinuts - Sacchetto da 150 g - Un'arachide croccante Un biscotto croccante Un sapore delizioso Twinunts","breadcrumb":{"@id":"https:\/\/my-french-grocery.com\/it\/prodotto\/sapore-barbecue-peanuts-twinuts\/#breadcrumb"},"inLanguage":"it-IT","potentialAction":[{"@type":"ReadAction","target":["https:\/\/my-french-grocery.com\/it\/prodotto\/sapore-barbecue-peanuts-twinuts\/"]}]},{"@type":"ImageObject","inLanguage":"it-IT","@id":"https:\/\/my-french-grocery.com\/it\/prodotto\/sapore-barbecue-peanuts-twinuts\/#primaryimage","url":"https:\/\/my-french-grocery.com\/wp-content\/uploads\/2022\/08\/Twinuts-Mexican-flavor-coated-peanuts.webp","contentUrl":"https:\/\/my-french-grocery.com\/wp-content\/uploads\/2022\/08\/Twinuts-Mexican-flavor-coated-peanuts.webp","width":1200,"height":1200,"caption":"Sapore Messicano Peanuts Twinuts"},{"@type":"BreadcrumbList","@id":"https:\/\/my-french-grocery.com\/it\/prodotto\/sapore-barbecue-peanuts-twinuts\/#breadcrumb","itemListElement":[{"@type":"ListItem","position":1,"name":"Home","item":"https:\/\/my-french-grocery.com\/it\/negozio\/"},{"@type":"ListItem","position":2,"name":"Shop","item":"https:\/\/my-french-grocery.com\/shop\/"},{"@type":"ListItem","position":3,"name":"Alimentazione","item":"https:\/\/my-french-grocery.com\/it\/categoria-prodotto\/alimentazione\/"},{"@type":"ListItem","position":4,"name":"Patatine &amp; Biscotti Salati","item":"https:\/\/my-french-grocery.com\/it\/categoria-prodotto\/alimentazione\/patatine-biscotti-salati\/"},{"@type":"ListItem","position":5,"name":"Sapore Messicano Peanuts Twinuts"}]},{"@type":"WebSite","@id":"https:\/\/my-french-grocery.com\/it\/#website","url":"https:\/\/my-french-grocery.com\/it\/","name":"My French Grocery","description":"Your Online French Grocery  !","publisher":{"@id":"https:\/\/my-french-grocery.com\/it\/#organization"},"potentialAction":[{"@type":"SearchAction","target":{"@type":"EntryPoint","urlTemplate":"https:\/\/my-french-grocery.com\/it\/?s={search_term_string}"},"query-input":{"@type":"PropertyValueSpecification","valueRequired":true,"valueName":"search_term_string"}}],"inLanguage":"it-IT"},{"@type":"Organization","@id":"https:\/\/my-french-grocery.com\/it\/#organization","name":"MY FRENCH GROCERY","url":"https:\/\/my-french-grocery.com\/it\/","logo":{"@type":"ImageObject","inLanguage":"it-IT","@id":"https:\/\/my-french-grocery.com\/it\/#\/schema\/logo\/image\/","url":"https:\/\/my-french-grocery.com\/wp-content\/uploads\/2021\/11\/My-French-Grocery-Online-French-Grocery.png","contentUrl":"https:\/\/my-french-grocery.com\/wp-content\/uploads\/2021\/11\/My-French-Grocery-Online-French-Grocery.png","width":100,"height":100,"caption":"MY FRENCH GROCERY"},"image":{"@id":"https:\/\/my-french-grocery.com\/it\/#\/schema\/logo\/image\/"},"sameAs":["https:\/\/www.facebook.com\/myfrenchgrocery\/"]}]}},"brands":[{"id":3070,"name":"Benenuts","slug":"benenuts-it"}],"_links":{"self":[{"href":"https:\/\/my-french-grocery.com\/it\/wp-json\/wp\/v2\/product\/33905","targetHints":{"allow":["GET"]}}],"collection":[{"href":"https:\/\/my-french-grocery.com\/it\/wp-json\/wp\/v2\/product"}],"about":[{"href":"https:\/\/my-french-grocery.com\/it\/wp-json\/wp\/v2\/types\/product"}],"replies":[{"embeddable":true,"href":"https:\/\/my-french-grocery.com\/it\/wp-json\/wp\/v2\/comments?post=33905"}],"wp:featuredmedia":[{"embeddable":true,"href":"https:\/\/my-french-grocery.com\/it\/wp-json\/wp\/v2\/media\/39102"}],"wp:attachment":[{"href":"https:\/\/my-french-grocery.com\/it\/wp-json\/wp\/v2\/media?parent=33905"}],"wp:term":[{"taxonomy":"pwb-brand","embeddable":true,"href":"https:\/\/my-french-grocery.com\/it\/wp-json\/wp\/v2\/pwb-brand?post=33905"},{"taxonomy":"product_brand","embeddable":true,"href":"https:\/\/my-french-grocery.com\/it\/wp-json\/wp\/v2\/product_brand?post=33905"},{"taxonomy":"product_cat","embeddable":true,"href":"https:\/\/my-french-grocery.com\/it\/wp-json\/wp\/v2\/product_cat?post=33905"},{"taxonomy":"product_tag","embeddable":true,"href":"https:\/\/my-french-grocery.com\/it\/wp-json\/wp\/v2\/product_tag?post=33905"}],"curies":[{"name":"wp","href":"https:\/\/api.w.org\/{rel}","templated":true}]}}