{"id":34283,"date":"2023-07-07T14:57:50","date_gmt":"2023-07-07T12:57:52","guid":{"rendered":"https:\/\/my-french-grocery.com\/?post_type=product&#038;p=34283"},"modified":"2023-07-07T15:08:24","modified_gmt":"2023-07-07T13:08:24","slug":"sapone-mani-corpo-extra-delicato-alla-vaniglia-le-petit-marseillais-copy","status":"publish","type":"product","link":"https:\/\/my-french-grocery.com\/it\/prodotto\/sapone-mani-corpo-extra-delicato-alla-vaniglia-le-petit-marseillais-copy\/","title":{"rendered":"Sapone Extra Delicato Per Mani &#038; Corpo Al Caprifoglio Le Petit Marseillais"},"content":{"rendered":"<p>Sapone Extra Delicato Per Mani & Corpo Al Caprifoglio Le Petit Marseillais<\/p>\n<p>4 saponi da 100 g<\/p>\n<p><span>Scopri il sapone per mani e corpo extra delicato al caprifoglio in una confezione di carta riciclabile.\u00a0<\/span><span>Grazie al know-how dei nostri maestri saponieri dal 1984, deterge delicatamente la tua pelle.\u00a0<\/span><span>Lo Ch\u00e8vrefeuille du Petit Marseillais viene raccolto nel sud della Francia, \u00e8 riconosciuto per le sue qualit\u00e0 aromatiche.<\/span><\/p>\n","protected":false},"excerpt":{"rendered":"<p>Sapone Extra Delicato Per Mani &amp; Corpo Al Caprifoglio Le Petit Marseillais<\/p>\n<p>4 saponi da 100 g<\/p>\n","protected":false},"featured_media":34288,"comment_status":"open","ping_status":"closed","template":"","meta":[],"pwb-brand":[2804],"product_brand":[],"product_cat":[2947,3286],"product_tag":[3187,2948],"class_list":{"0":"post-34283","1":"product","2":"type-product","3":"status-publish","4":"has-post-thumbnail","6":"pwb-brand-le-petit-marseillais-it","7":"product_cat-sapone","8":"product_cat-sapone-gel-doccia","9":"product_tag-petit-marseillais-it","10":"product_tag-sapone","11":"product_shipping_class-mondo-spedizioni","13":"first","14":"instock","15":"taxable","16":"shipping-taxable","17":"purchasable","18":"product-type-simple"},"brands":[{"id":2804,"name":"Le Petit Marseillais","slug":"le-petit-marseillais-it"}],"_links":{"self":[{"href":"https:\/\/my-french-grocery.com\/it\/wp-json\/wp\/v2\/product\/34283","targetHints":{"allow":["GET"]}}],"collection":[{"href":"https:\/\/my-french-grocery.com\/it\/wp-json\/wp\/v2\/product"}],"about":[{"href":"https:\/\/my-french-grocery.com\/it\/wp-json\/wp\/v2\/types\/product"}],"replies":[{"embeddable":true,"href":"https:\/\/my-french-grocery.com\/it\/wp-json\/wp\/v2\/comments?post=34283"}],"wp:featuredmedia":[{"embeddable":true,"href":"https:\/\/my-french-grocery.com\/it\/wp-json\/wp\/v2\/media\/34288"}],"wp:attachment":[{"href":"https:\/\/my-french-grocery.com\/it\/wp-json\/wp\/v2\/media?parent=34283"}],"wp:term":[{"taxonomy":"pwb-brand","embeddable":true,"href":"https:\/\/my-french-grocery.com\/it\/wp-json\/wp\/v2\/pwb-brand?post=34283"},{"taxonomy":"product_brand","embeddable":true,"href":"https:\/\/my-french-grocery.com\/it\/wp-json\/wp\/v2\/product_brand?post=34283"},{"taxonomy":"product_cat","embeddable":true,"href":"https:\/\/my-french-grocery.com\/it\/wp-json\/wp\/v2\/product_cat?post=34283"},{"taxonomy":"product_tag","embeddable":true,"href":"https:\/\/my-french-grocery.com\/it\/wp-json\/wp\/v2\/product_tag?post=34283"}],"curies":[{"name":"wp","href":"https:\/\/api.w.org\/{rel}","templated":true}]}}