{"id":35623,"date":"2023-09-20T17:55:22","date_gmt":"2023-09-20T15:55:24","guid":{"rendered":"https:\/\/my-french-grocery.com\/?post_type=product&#038;p=35623"},"modified":"2023-09-20T18:05:13","modified_gmt":"2023-09-20T16:05:13","slug":"caffe-in-grani-selection-100-arabica-lor","status":"publish","type":"product","link":"https:\/\/my-french-grocery.com\/it\/prodotto\/caffe-in-grani-selection-100-arabica-lor\/","title":{"rendered":"Caff\u00e8 In Grani Selection 100% Arabica L&#8217;Or"},"content":{"rendered":"<p>Caff\u00e8 In Grani Selection 100% Arabica L&#8217;Or<\/p>\n<div class=\"pdp-card__header--text\">\u00a0confezione da 1Kg<\/div>\n<div><\/div>\n<div class=\"saz_next_widget\" data-referer=\"carrefour_widget\" data-ean=\"8000070200289\" data-type=\"RatingsCRF\" data-status=\"END\">\n<div class=\"MuiContainer-root jss1 MuiContainer-maxWidthLg\">\n<div class=\"MuiBox-root jss69 jss2\">\n<div class=\"MuiBox-root jss70 jss11\"><span>L&#8217;OR ha selezionato con cura i chicchi di Arabica per offrirti un caff\u00e8 equilibrato al palato e dal corpo setoso, con note di mandorle leggermente tostate.\u00a0<\/span><span>Grani senza difetti e calibrati per una qualit\u00e0 sempre ottimale.\u00a0<\/span><span>La tostatura lenta consente ai chicchi di rivelare tutta la ricchezza dei loro aromi.\u00a0<\/span><span>Sacco da 1 chilo.\u00a0<\/span><span>Chicchi di caff\u00e8 Grand Cru.\u00a0<\/span><span>Livello di intensit\u00e0 8. Questi chicchi di macinazione sono compatibili con una macchina per caff\u00e8 espresso con macinacaff\u00e8 automatico o con un macinacaff\u00e8 tradizionale.\u00a0<\/span><span>Fragrante, ricco e aromatico, gli appassionati apprezzano la qualit\u00e0 e il gusto dei chicchi di caff\u00e8 L&#8217;OR.\u00a0<\/span><span>Senza dubbio il miglior caff\u00e8 del mondo.\u00a0<\/span><\/div>\n<\/div>\n<\/div>\n<\/div>\n","protected":false},"excerpt":{"rendered":"<p>Caff\u00e8 In Grani Selection 100% Arabica L&#8217;Or<\/p>\n<div class=\"pdp-card__header--text\">\u00a0confezione da 1Kg<\/div>\n","protected":false},"featured_media":35628,"comment_status":"open","ping_status":"closed","template":"","meta":[],"pwb-brand":[3365],"product_brand":[],"product_cat":[2853],"product_tag":[],"class_list":{"0":"post-35623","1":"product","2":"type-product","3":"status-publish","4":"has-post-thumbnail","6":"pwb-brand-lor-maison-du-cafe-it","7":"product_cat-caffe-cicoria","8":"product_shipping_class-mondo-spedizioni","10":"first","11":"instock","12":"taxable","13":"shipping-taxable","14":"purchasable","15":"product-type-simple"},"yoast_head":"<!-- This site is optimized with the Yoast SEO plugin v27.3 - https:\/\/yoast.com\/product\/yoast-seo-wordpress\/ -->\n<title>Caff\u00e8 In Grani Selection 100% Arabica L&#039;Or | Acquisti Online | My French Grocery<\/title>\n<meta name=\"description\" content=\"Caff\u00e8 In Grani Selection 100% Arabica L&#039;Or -\u00a0confezione da 1Kg - L&#039;OR ha selezionato con cura i chicchi di Arabica per offrirti un caff\u00e8 equilibrato al palato e dal corpo setoso\" \/>\n<meta name=\"robots\" content=\"index, follow, max-snippet:-1, max-image-preview:large, max-video-preview:-1\" \/>\n<link rel=\"canonical\" href=\"https:\/\/my-french-grocery.com\/it\/prodotto\/caffe-in-grani-selection-100-arabica-lor\/\" \/>\n<meta property=\"og:locale\" content=\"it_IT\" \/>\n<meta property=\"og:type\" content=\"article\" \/>\n<meta property=\"og:title\" content=\"Caff\u00e8 In Grani Selection 100% Arabica L&#039;Or | Acquisti Online | My French Grocery\" \/>\n<meta property=\"og:description\" content=\"Caff\u00e8 In Grani Selection 100% Arabica L&#039;Or -\u00a0confezione da 1Kg - L&#039;OR ha selezionato con cura i chicchi di Arabica per offrirti un caff\u00e8 equilibrato al palato e dal corpo setoso\" \/>\n<meta property=\"og:url\" content=\"https:\/\/my-french-grocery.com\/it\/prodotto\/caffe-in-grani-selection-100-arabica-lor\/\" \/>\n<meta property=\"og:site_name\" content=\"My French Grocery\" \/>\n<meta property=\"article:publisher\" content=\"https:\/\/www.facebook.com\/myfrenchgrocery\/\" \/>\n<meta property=\"article:modified_time\" content=\"2023-09-20T16:05:13+00:00\" \/>\n<meta property=\"og:image\" content=\"https:\/\/my-french-grocery.com\/wp-content\/uploads\/2023\/09\/LOR-Coffee-beans-balanced-and-harmonious-selection.png\" \/>\n\t<meta property=\"og:image:width\" content=\"1200\" \/>\n\t<meta property=\"og:image:height\" content=\"1200\" \/>\n\t<meta property=\"og:image:type\" content=\"image\/png\" \/>\n<meta name=\"twitter:card\" content=\"summary_large_image\" \/>\n<meta name=\"twitter:label1\" content=\"Tempo di lettura stimato\" \/>\n\t<meta name=\"twitter:data1\" content=\"1 minute\" \/>\n<script type=\"application\/ld+json\" class=\"yoast-schema-graph\">{\"@context\":\"https:\\\/\\\/schema.org\",\"@graph\":[{\"@type\":\"WebPage\",\"@id\":\"https:\\\/\\\/my-french-grocery.com\\\/it\\\/prodotto\\\/caffe-in-grani-selection-100-arabica-lor\\\/\",\"url\":\"https:\\\/\\\/my-french-grocery.com\\\/it\\\/prodotto\\\/caffe-in-grani-selection-100-arabica-lor\\\/\",\"name\":\"Caff\u00e8 In Grani Selection 100% Arabica L'Or | Acquisti Online | My French Grocery\",\"isPartOf\":{\"@id\":\"https:\\\/\\\/my-french-grocery.com\\\/it\\\/#website\"},\"primaryImageOfPage\":{\"@id\":\"https:\\\/\\\/my-french-grocery.com\\\/it\\\/prodotto\\\/caffe-in-grani-selection-100-arabica-lor\\\/#primaryimage\"},\"image\":{\"@id\":\"https:\\\/\\\/my-french-grocery.com\\\/it\\\/prodotto\\\/caffe-in-grani-selection-100-arabica-lor\\\/#primaryimage\"},\"thumbnailUrl\":\"https:\\\/\\\/my-french-grocery.com\\\/wp-content\\\/uploads\\\/2023\\\/09\\\/LOR-Coffee-beans-balanced-and-harmonious-selection.png\",\"datePublished\":\"2023-09-20T15:55:24+00:00\",\"dateModified\":\"2023-09-20T16:05:13+00:00\",\"description\":\"Caff\u00e8 In Grani Selection 100% Arabica L'Or -\u00a0confezione da 1Kg - L'OR ha selezionato con cura i chicchi di Arabica per offrirti un caff\u00e8 equilibrato al palato e dal corpo setoso\",\"breadcrumb\":{\"@id\":\"https:\\\/\\\/my-french-grocery.com\\\/it\\\/prodotto\\\/caffe-in-grani-selection-100-arabica-lor\\\/#breadcrumb\"},\"inLanguage\":\"it-IT\",\"potentialAction\":[{\"@type\":\"ReadAction\",\"target\":[\"https:\\\/\\\/my-french-grocery.com\\\/it\\\/prodotto\\\/caffe-in-grani-selection-100-arabica-lor\\\/\"]}]},{\"@type\":\"ImageObject\",\"inLanguage\":\"it-IT\",\"@id\":\"https:\\\/\\\/my-french-grocery.com\\\/it\\\/prodotto\\\/caffe-in-grani-selection-100-arabica-lor\\\/#primaryimage\",\"url\":\"https:\\\/\\\/my-french-grocery.com\\\/wp-content\\\/uploads\\\/2023\\\/09\\\/LOR-Coffee-beans-balanced-and-harmonious-selection.png\",\"contentUrl\":\"https:\\\/\\\/my-french-grocery.com\\\/wp-content\\\/uploads\\\/2023\\\/09\\\/LOR-Coffee-beans-balanced-and-harmonious-selection.png\",\"width\":1200,\"height\":1200,\"caption\":\"Caff\u00e8 In Grani Selection 100% Arabica L'Or\"},{\"@type\":\"BreadcrumbList\",\"@id\":\"https:\\\/\\\/my-french-grocery.com\\\/it\\\/prodotto\\\/caffe-in-grani-selection-100-arabica-lor\\\/#breadcrumb\",\"itemListElement\":[{\"@type\":\"ListItem\",\"position\":1,\"name\":\"Home\",\"item\":\"https:\\\/\\\/my-french-grocery.com\\\/it\\\/negozio\\\/\"},{\"@type\":\"ListItem\",\"position\":2,\"name\":\"Shop\",\"item\":\"https:\\\/\\\/my-french-grocery.com\\\/shop\\\/\"},{\"@type\":\"ListItem\",\"position\":3,\"name\":\"Caff\u00e8 &amp; Cicoria\",\"item\":\"https:\\\/\\\/my-french-grocery.com\\\/it\\\/categoria-prodotto\\\/caffe-cicoria\\\/\"},{\"@type\":\"ListItem\",\"position\":4,\"name\":\"Caff\u00e8 In Grani Selection 100% Arabica L&#8217;Or\"}]},{\"@type\":\"WebSite\",\"@id\":\"https:\\\/\\\/my-french-grocery.com\\\/it\\\/#website\",\"url\":\"https:\\\/\\\/my-french-grocery.com\\\/it\\\/\",\"name\":\"My French Grocery\",\"description\":\"Your Online French Grocery  !\",\"publisher\":{\"@id\":\"https:\\\/\\\/my-french-grocery.com\\\/it\\\/#organization\"},\"potentialAction\":[{\"@type\":\"SearchAction\",\"target\":{\"@type\":\"EntryPoint\",\"urlTemplate\":\"https:\\\/\\\/my-french-grocery.com\\\/it\\\/?s={search_term_string}\"},\"query-input\":{\"@type\":\"PropertyValueSpecification\",\"valueRequired\":true,\"valueName\":\"search_term_string\"}}],\"inLanguage\":\"it-IT\"},{\"@type\":\"Organization\",\"@id\":\"https:\\\/\\\/my-french-grocery.com\\\/it\\\/#organization\",\"name\":\"MY FRENCH GROCERY\",\"url\":\"https:\\\/\\\/my-french-grocery.com\\\/it\\\/\",\"logo\":{\"@type\":\"ImageObject\",\"inLanguage\":\"it-IT\",\"@id\":\"https:\\\/\\\/my-french-grocery.com\\\/it\\\/#\\\/schema\\\/logo\\\/image\\\/\",\"url\":\"https:\\\/\\\/my-french-grocery.com\\\/wp-content\\\/uploads\\\/2021\\\/11\\\/My-French-Grocery-Online-French-Grocery.png\",\"contentUrl\":\"https:\\\/\\\/my-french-grocery.com\\\/wp-content\\\/uploads\\\/2021\\\/11\\\/My-French-Grocery-Online-French-Grocery.png\",\"width\":100,\"height\":100,\"caption\":\"MY FRENCH GROCERY\"},\"image\":{\"@id\":\"https:\\\/\\\/my-french-grocery.com\\\/it\\\/#\\\/schema\\\/logo\\\/image\\\/\"},\"sameAs\":[\"https:\\\/\\\/www.facebook.com\\\/myfrenchgrocery\\\/\"]}]}<\/script>\n<!-- \/ Yoast SEO plugin. -->","yoast_head_json":{"title":"Caff\u00e8 In Grani Selection 100% Arabica L'Or | Acquisti Online | My French Grocery","description":"Caff\u00e8 In Grani Selection 100% Arabica L'Or -\u00a0confezione da 1Kg - L'OR ha selezionato con cura i chicchi di Arabica per offrirti un caff\u00e8 equilibrato al palato e dal corpo setoso","robots":{"index":"index","follow":"follow","max-snippet":"max-snippet:-1","max-image-preview":"max-image-preview:large","max-video-preview":"max-video-preview:-1"},"canonical":"https:\/\/my-french-grocery.com\/it\/prodotto\/caffe-in-grani-selection-100-arabica-lor\/","og_locale":"it_IT","og_type":"article","og_title":"Caff\u00e8 In Grani Selection 100% Arabica L'Or | Acquisti Online | My French Grocery","og_description":"Caff\u00e8 In Grani Selection 100% Arabica L'Or -\u00a0confezione da 1Kg - L'OR ha selezionato con cura i chicchi di Arabica per offrirti un caff\u00e8 equilibrato al palato e dal corpo setoso","og_url":"https:\/\/my-french-grocery.com\/it\/prodotto\/caffe-in-grani-selection-100-arabica-lor\/","og_site_name":"My French Grocery","article_publisher":"https:\/\/www.facebook.com\/myfrenchgrocery\/","article_modified_time":"2023-09-20T16:05:13+00:00","og_image":[{"width":1200,"height":1200,"url":"https:\/\/my-french-grocery.com\/wp-content\/uploads\/2023\/09\/LOR-Coffee-beans-balanced-and-harmonious-selection.png","type":"image\/png"}],"twitter_card":"summary_large_image","twitter_misc":{"Tempo di lettura stimato":"1 minute"},"schema":{"@context":"https:\/\/schema.org","@graph":[{"@type":"WebPage","@id":"https:\/\/my-french-grocery.com\/it\/prodotto\/caffe-in-grani-selection-100-arabica-lor\/","url":"https:\/\/my-french-grocery.com\/it\/prodotto\/caffe-in-grani-selection-100-arabica-lor\/","name":"Caff\u00e8 In Grani Selection 100% Arabica L'Or | Acquisti Online | My French Grocery","isPartOf":{"@id":"https:\/\/my-french-grocery.com\/it\/#website"},"primaryImageOfPage":{"@id":"https:\/\/my-french-grocery.com\/it\/prodotto\/caffe-in-grani-selection-100-arabica-lor\/#primaryimage"},"image":{"@id":"https:\/\/my-french-grocery.com\/it\/prodotto\/caffe-in-grani-selection-100-arabica-lor\/#primaryimage"},"thumbnailUrl":"https:\/\/my-french-grocery.com\/wp-content\/uploads\/2023\/09\/LOR-Coffee-beans-balanced-and-harmonious-selection.png","datePublished":"2023-09-20T15:55:24+00:00","dateModified":"2023-09-20T16:05:13+00:00","description":"Caff\u00e8 In Grani Selection 100% Arabica L'Or -\u00a0confezione da 1Kg - L'OR ha selezionato con cura i chicchi di Arabica per offrirti un caff\u00e8 equilibrato al palato e dal corpo setoso","breadcrumb":{"@id":"https:\/\/my-french-grocery.com\/it\/prodotto\/caffe-in-grani-selection-100-arabica-lor\/#breadcrumb"},"inLanguage":"it-IT","potentialAction":[{"@type":"ReadAction","target":["https:\/\/my-french-grocery.com\/it\/prodotto\/caffe-in-grani-selection-100-arabica-lor\/"]}]},{"@type":"ImageObject","inLanguage":"it-IT","@id":"https:\/\/my-french-grocery.com\/it\/prodotto\/caffe-in-grani-selection-100-arabica-lor\/#primaryimage","url":"https:\/\/my-french-grocery.com\/wp-content\/uploads\/2023\/09\/LOR-Coffee-beans-balanced-and-harmonious-selection.png","contentUrl":"https:\/\/my-french-grocery.com\/wp-content\/uploads\/2023\/09\/LOR-Coffee-beans-balanced-and-harmonious-selection.png","width":1200,"height":1200,"caption":"Caff\u00e8 In Grani Selection 100% Arabica L'Or"},{"@type":"BreadcrumbList","@id":"https:\/\/my-french-grocery.com\/it\/prodotto\/caffe-in-grani-selection-100-arabica-lor\/#breadcrumb","itemListElement":[{"@type":"ListItem","position":1,"name":"Home","item":"https:\/\/my-french-grocery.com\/it\/negozio\/"},{"@type":"ListItem","position":2,"name":"Shop","item":"https:\/\/my-french-grocery.com\/shop\/"},{"@type":"ListItem","position":3,"name":"Caff\u00e8 &amp; Cicoria","item":"https:\/\/my-french-grocery.com\/it\/categoria-prodotto\/caffe-cicoria\/"},{"@type":"ListItem","position":4,"name":"Caff\u00e8 In Grani Selection 100% Arabica L&#8217;Or"}]},{"@type":"WebSite","@id":"https:\/\/my-french-grocery.com\/it\/#website","url":"https:\/\/my-french-grocery.com\/it\/","name":"My French Grocery","description":"Your Online French Grocery  !","publisher":{"@id":"https:\/\/my-french-grocery.com\/it\/#organization"},"potentialAction":[{"@type":"SearchAction","target":{"@type":"EntryPoint","urlTemplate":"https:\/\/my-french-grocery.com\/it\/?s={search_term_string}"},"query-input":{"@type":"PropertyValueSpecification","valueRequired":true,"valueName":"search_term_string"}}],"inLanguage":"it-IT"},{"@type":"Organization","@id":"https:\/\/my-french-grocery.com\/it\/#organization","name":"MY FRENCH GROCERY","url":"https:\/\/my-french-grocery.com\/it\/","logo":{"@type":"ImageObject","inLanguage":"it-IT","@id":"https:\/\/my-french-grocery.com\/it\/#\/schema\/logo\/image\/","url":"https:\/\/my-french-grocery.com\/wp-content\/uploads\/2021\/11\/My-French-Grocery-Online-French-Grocery.png","contentUrl":"https:\/\/my-french-grocery.com\/wp-content\/uploads\/2021\/11\/My-French-Grocery-Online-French-Grocery.png","width":100,"height":100,"caption":"MY FRENCH GROCERY"},"image":{"@id":"https:\/\/my-french-grocery.com\/it\/#\/schema\/logo\/image\/"},"sameAs":["https:\/\/www.facebook.com\/myfrenchgrocery\/"]}]}},"brands":[{"id":3365,"name":"L'Or - Maison Du Caf\u00e9","slug":"lor-maison-du-cafe-it"}],"_links":{"self":[{"href":"https:\/\/my-french-grocery.com\/it\/wp-json\/wp\/v2\/product\/35623","targetHints":{"allow":["GET"]}}],"collection":[{"href":"https:\/\/my-french-grocery.com\/it\/wp-json\/wp\/v2\/product"}],"about":[{"href":"https:\/\/my-french-grocery.com\/it\/wp-json\/wp\/v2\/types\/product"}],"replies":[{"embeddable":true,"href":"https:\/\/my-french-grocery.com\/it\/wp-json\/wp\/v2\/comments?post=35623"}],"wp:featuredmedia":[{"embeddable":true,"href":"https:\/\/my-french-grocery.com\/it\/wp-json\/wp\/v2\/media\/35628"}],"wp:attachment":[{"href":"https:\/\/my-french-grocery.com\/it\/wp-json\/wp\/v2\/media?parent=35623"}],"wp:term":[{"taxonomy":"pwb-brand","embeddable":true,"href":"https:\/\/my-french-grocery.com\/it\/wp-json\/wp\/v2\/pwb-brand?post=35623"},{"taxonomy":"product_brand","embeddable":true,"href":"https:\/\/my-french-grocery.com\/it\/wp-json\/wp\/v2\/product_brand?post=35623"},{"taxonomy":"product_cat","embeddable":true,"href":"https:\/\/my-french-grocery.com\/it\/wp-json\/wp\/v2\/product_cat?post=35623"},{"taxonomy":"product_tag","embeddable":true,"href":"https:\/\/my-french-grocery.com\/it\/wp-json\/wp\/v2\/product_tag?post=35623"}],"curies":[{"name":"wp","href":"https:\/\/api.w.org\/{rel}","templated":true}]}}