{"id":36262,"date":"2023-10-23T15:42:57","date_gmt":"2023-10-23T13:43:00","guid":{"rendered":"https:\/\/my-french-grocery.com\/?post_type=product&#038;p=36262"},"modified":"2023-10-23T15:53:09","modified_gmt":"2023-10-23T13:53:09","slug":"cialde-di-liege-di-cioccolato-al-latte-lotus","status":"publish","type":"product","link":"https:\/\/my-french-grocery.com\/it\/prodotto\/cialde-di-liege-di-cioccolato-al-latte-lotus\/","title":{"rendered":"Cialde Di Li\u00e8ge Di Cioccolato Al Latte Lotus"},"content":{"rendered":"<p>Cialde Di Li\u00e8ge Di Cioccolato Al Latte Lotus<\/p>\n<p>confezione da 7 bustine &#8211; 336 g<\/p>\n<div>\n<p>&#8220;Spesso imitato, mai eguagliato&#8230; il nostro squisito Waffle di Liegi con autentiche perle di zucchero caramellato! Perfettamente conservato nella sua fresca bustina, liscio o ricoperto di vero cioccolato belga, \u00e8 semplicemente irresistibile. Il consiglio di Lotus: riscaldate il vostro waffle per qualche istante nel forno sar\u00e0 solo pi\u00f9 buono.&#8221;<\/p>\n<\/div>\n","protected":false},"excerpt":{"rendered":"<p>Cialde Di Li\u00e8ge Di Cioccolato Al Latte Lotus<\/p>\n<p>confezione da 7 bustine &#8211; 336 g<\/p>\n<div>\n<p>&nbsp;<\/p>\n<\/div>\n","protected":false},"featured_media":36267,"comment_status":"open","ping_status":"closed","template":"","meta":[],"pwb-brand":[3377],"product_brand":[],"product_cat":[2821],"product_tag":[3306],"class_list":{"0":"post-36262","1":"product","2":"type-product","3":"status-publish","4":"has-post-thumbnail","6":"pwb-brand-lotus-it","7":"product_cat-torte-biscotti","8":"product_tag-cialda","9":"product_shipping_class-mondo-spedizioni","11":"first","12":"instock","13":"taxable","14":"shipping-taxable","15":"purchasable","16":"product-type-simple"},"yoast_head":"<!-- This site is optimized with the Yoast SEO plugin v27.3 - https:\/\/yoast.com\/product\/yoast-seo-wordpress\/ -->\n<title>Cialde Di Li\u00e8ge Di Cioccolato Al Latte Lotus | Acquisti Online | My French Grocery<\/title>\n<meta name=\"description\" content=\"Cialde Di Li\u00e8ge Di Cioccolato Al Latte Lotus - confezione da 7 bustine - 336 g - &quot;Spesso imitato, mai eguagliato... il nostro squisito Waffle di Liegi con autentiche perle di zucchero caramellato!\" \/>\n<meta name=\"robots\" content=\"index, follow, max-snippet:-1, max-image-preview:large, max-video-preview:-1\" \/>\n<link rel=\"canonical\" href=\"https:\/\/my-french-grocery.com\/it\/prodotto\/cialde-di-liege-di-cioccolato-al-latte-lotus\/\" \/>\n<meta property=\"og:locale\" content=\"it_IT\" \/>\n<meta property=\"og:type\" content=\"article\" \/>\n<meta property=\"og:title\" content=\"Cialde Di Li\u00e8ge Di Cioccolato Al Latte Lotus | Acquisti Online | My French Grocery\" \/>\n<meta property=\"og:description\" content=\"Cialde Di Li\u00e8ge Di Cioccolato Al Latte Lotus - confezione da 7 bustine - 336 g - &quot;Spesso imitato, mai eguagliato... il nostro squisito Waffle di Liegi con autentiche perle di zucchero caramellato!\" \/>\n<meta property=\"og:url\" content=\"https:\/\/my-french-grocery.com\/it\/prodotto\/cialde-di-liege-di-cioccolato-al-latte-lotus\/\" \/>\n<meta property=\"og:site_name\" content=\"My French Grocery\" \/>\n<meta property=\"article:publisher\" content=\"https:\/\/www.facebook.com\/myfrenchgrocery\/\" \/>\n<meta property=\"article:modified_time\" content=\"2023-10-23T13:53:09+00:00\" \/>\n<meta property=\"og:image\" content=\"https:\/\/my-french-grocery.com\/wp-content\/uploads\/2023\/10\/LOTUS-Liege-waffles-topped-with-milk-chocolate.jpeg\" \/>\n\t<meta property=\"og:image:width\" content=\"1200\" \/>\n\t<meta property=\"og:image:height\" content=\"1200\" \/>\n\t<meta property=\"og:image:type\" content=\"image\/jpeg\" \/>\n<meta name=\"twitter:card\" content=\"summary_large_image\" \/>\n<script type=\"application\/ld+json\" class=\"yoast-schema-graph\">{\"@context\":\"https:\\\/\\\/schema.org\",\"@graph\":[{\"@type\":\"WebPage\",\"@id\":\"https:\\\/\\\/my-french-grocery.com\\\/it\\\/prodotto\\\/cialde-di-liege-di-cioccolato-al-latte-lotus\\\/\",\"url\":\"https:\\\/\\\/my-french-grocery.com\\\/it\\\/prodotto\\\/cialde-di-liege-di-cioccolato-al-latte-lotus\\\/\",\"name\":\"Cialde Di Li\u00e8ge Di Cioccolato Al Latte Lotus | Acquisti Online | My French Grocery\",\"isPartOf\":{\"@id\":\"https:\\\/\\\/my-french-grocery.com\\\/it\\\/#website\"},\"primaryImageOfPage\":{\"@id\":\"https:\\\/\\\/my-french-grocery.com\\\/it\\\/prodotto\\\/cialde-di-liege-di-cioccolato-al-latte-lotus\\\/#primaryimage\"},\"image\":{\"@id\":\"https:\\\/\\\/my-french-grocery.com\\\/it\\\/prodotto\\\/cialde-di-liege-di-cioccolato-al-latte-lotus\\\/#primaryimage\"},\"thumbnailUrl\":\"https:\\\/\\\/my-french-grocery.com\\\/wp-content\\\/uploads\\\/2023\\\/10\\\/LOTUS-Liege-waffles-topped-with-milk-chocolate.jpeg\",\"datePublished\":\"2023-10-23T13:43:00+00:00\",\"dateModified\":\"2023-10-23T13:53:09+00:00\",\"description\":\"Cialde Di Li\u00e8ge Di Cioccolato Al Latte Lotus - confezione da 7 bustine - 336 g - \\\"Spesso imitato, mai eguagliato... il nostro squisito Waffle di Liegi con autentiche perle di zucchero caramellato!\",\"breadcrumb\":{\"@id\":\"https:\\\/\\\/my-french-grocery.com\\\/it\\\/prodotto\\\/cialde-di-liege-di-cioccolato-al-latte-lotus\\\/#breadcrumb\"},\"inLanguage\":\"it-IT\",\"potentialAction\":[{\"@type\":\"ReadAction\",\"target\":[\"https:\\\/\\\/my-french-grocery.com\\\/it\\\/prodotto\\\/cialde-di-liege-di-cioccolato-al-latte-lotus\\\/\"]}]},{\"@type\":\"ImageObject\",\"inLanguage\":\"it-IT\",\"@id\":\"https:\\\/\\\/my-french-grocery.com\\\/it\\\/prodotto\\\/cialde-di-liege-di-cioccolato-al-latte-lotus\\\/#primaryimage\",\"url\":\"https:\\\/\\\/my-french-grocery.com\\\/wp-content\\\/uploads\\\/2023\\\/10\\\/LOTUS-Liege-waffles-topped-with-milk-chocolate.jpeg\",\"contentUrl\":\"https:\\\/\\\/my-french-grocery.com\\\/wp-content\\\/uploads\\\/2023\\\/10\\\/LOTUS-Liege-waffles-topped-with-milk-chocolate.jpeg\",\"width\":1200,\"height\":1200,\"caption\":\"Cialde Di Li\u00e8ge Di Cioccolato Al Latte Lotus\"},{\"@type\":\"BreadcrumbList\",\"@id\":\"https:\\\/\\\/my-french-grocery.com\\\/it\\\/prodotto\\\/cialde-di-liege-di-cioccolato-al-latte-lotus\\\/#breadcrumb\",\"itemListElement\":[{\"@type\":\"ListItem\",\"position\":1,\"name\":\"Home\",\"item\":\"https:\\\/\\\/my-french-grocery.com\\\/it\\\/negozio\\\/\"},{\"@type\":\"ListItem\",\"position\":2,\"name\":\"Shop\",\"item\":\"https:\\\/\\\/my-french-grocery.com\\\/shop\\\/\"},{\"@type\":\"ListItem\",\"position\":3,\"name\":\"Torte &amp; Biscotti\",\"item\":\"https:\\\/\\\/my-french-grocery.com\\\/it\\\/categoria-prodotto\\\/torte-biscotti\\\/\"},{\"@type\":\"ListItem\",\"position\":4,\"name\":\"Cialde Di Li\u00e8ge Di Cioccolato Al Latte Lotus\"}]},{\"@type\":\"WebSite\",\"@id\":\"https:\\\/\\\/my-french-grocery.com\\\/it\\\/#website\",\"url\":\"https:\\\/\\\/my-french-grocery.com\\\/it\\\/\",\"name\":\"My French Grocery\",\"description\":\"Your Online French Grocery  !\",\"publisher\":{\"@id\":\"https:\\\/\\\/my-french-grocery.com\\\/it\\\/#organization\"},\"potentialAction\":[{\"@type\":\"SearchAction\",\"target\":{\"@type\":\"EntryPoint\",\"urlTemplate\":\"https:\\\/\\\/my-french-grocery.com\\\/it\\\/?s={search_term_string}\"},\"query-input\":{\"@type\":\"PropertyValueSpecification\",\"valueRequired\":true,\"valueName\":\"search_term_string\"}}],\"inLanguage\":\"it-IT\"},{\"@type\":\"Organization\",\"@id\":\"https:\\\/\\\/my-french-grocery.com\\\/it\\\/#organization\",\"name\":\"MY FRENCH GROCERY\",\"url\":\"https:\\\/\\\/my-french-grocery.com\\\/it\\\/\",\"logo\":{\"@type\":\"ImageObject\",\"inLanguage\":\"it-IT\",\"@id\":\"https:\\\/\\\/my-french-grocery.com\\\/it\\\/#\\\/schema\\\/logo\\\/image\\\/\",\"url\":\"https:\\\/\\\/my-french-grocery.com\\\/wp-content\\\/uploads\\\/2021\\\/11\\\/My-French-Grocery-Online-French-Grocery.png\",\"contentUrl\":\"https:\\\/\\\/my-french-grocery.com\\\/wp-content\\\/uploads\\\/2021\\\/11\\\/My-French-Grocery-Online-French-Grocery.png\",\"width\":100,\"height\":100,\"caption\":\"MY FRENCH GROCERY\"},\"image\":{\"@id\":\"https:\\\/\\\/my-french-grocery.com\\\/it\\\/#\\\/schema\\\/logo\\\/image\\\/\"},\"sameAs\":[\"https:\\\/\\\/www.facebook.com\\\/myfrenchgrocery\\\/\"]}]}<\/script>\n<!-- \/ Yoast SEO plugin. -->","yoast_head_json":{"title":"Cialde Di Li\u00e8ge Di Cioccolato Al Latte Lotus | Acquisti Online | My French Grocery","description":"Cialde Di Li\u00e8ge Di Cioccolato Al Latte Lotus - confezione da 7 bustine - 336 g - \"Spesso imitato, mai eguagliato... il nostro squisito Waffle di Liegi con autentiche perle di zucchero caramellato!","robots":{"index":"index","follow":"follow","max-snippet":"max-snippet:-1","max-image-preview":"max-image-preview:large","max-video-preview":"max-video-preview:-1"},"canonical":"https:\/\/my-french-grocery.com\/it\/prodotto\/cialde-di-liege-di-cioccolato-al-latte-lotus\/","og_locale":"it_IT","og_type":"article","og_title":"Cialde Di Li\u00e8ge Di Cioccolato Al Latte Lotus | Acquisti Online | My French Grocery","og_description":"Cialde Di Li\u00e8ge Di Cioccolato Al Latte Lotus - confezione da 7 bustine - 336 g - \"Spesso imitato, mai eguagliato... il nostro squisito Waffle di Liegi con autentiche perle di zucchero caramellato!","og_url":"https:\/\/my-french-grocery.com\/it\/prodotto\/cialde-di-liege-di-cioccolato-al-latte-lotus\/","og_site_name":"My French Grocery","article_publisher":"https:\/\/www.facebook.com\/myfrenchgrocery\/","article_modified_time":"2023-10-23T13:53:09+00:00","og_image":[{"width":1200,"height":1200,"url":"https:\/\/my-french-grocery.com\/wp-content\/uploads\/2023\/10\/LOTUS-Liege-waffles-topped-with-milk-chocolate.jpeg","type":"image\/jpeg"}],"twitter_card":"summary_large_image","schema":{"@context":"https:\/\/schema.org","@graph":[{"@type":"WebPage","@id":"https:\/\/my-french-grocery.com\/it\/prodotto\/cialde-di-liege-di-cioccolato-al-latte-lotus\/","url":"https:\/\/my-french-grocery.com\/it\/prodotto\/cialde-di-liege-di-cioccolato-al-latte-lotus\/","name":"Cialde Di Li\u00e8ge Di Cioccolato Al Latte Lotus | Acquisti Online | My French Grocery","isPartOf":{"@id":"https:\/\/my-french-grocery.com\/it\/#website"},"primaryImageOfPage":{"@id":"https:\/\/my-french-grocery.com\/it\/prodotto\/cialde-di-liege-di-cioccolato-al-latte-lotus\/#primaryimage"},"image":{"@id":"https:\/\/my-french-grocery.com\/it\/prodotto\/cialde-di-liege-di-cioccolato-al-latte-lotus\/#primaryimage"},"thumbnailUrl":"https:\/\/my-french-grocery.com\/wp-content\/uploads\/2023\/10\/LOTUS-Liege-waffles-topped-with-milk-chocolate.jpeg","datePublished":"2023-10-23T13:43:00+00:00","dateModified":"2023-10-23T13:53:09+00:00","description":"Cialde Di Li\u00e8ge Di Cioccolato Al Latte Lotus - confezione da 7 bustine - 336 g - \"Spesso imitato, mai eguagliato... il nostro squisito Waffle di Liegi con autentiche perle di zucchero caramellato!","breadcrumb":{"@id":"https:\/\/my-french-grocery.com\/it\/prodotto\/cialde-di-liege-di-cioccolato-al-latte-lotus\/#breadcrumb"},"inLanguage":"it-IT","potentialAction":[{"@type":"ReadAction","target":["https:\/\/my-french-grocery.com\/it\/prodotto\/cialde-di-liege-di-cioccolato-al-latte-lotus\/"]}]},{"@type":"ImageObject","inLanguage":"it-IT","@id":"https:\/\/my-french-grocery.com\/it\/prodotto\/cialde-di-liege-di-cioccolato-al-latte-lotus\/#primaryimage","url":"https:\/\/my-french-grocery.com\/wp-content\/uploads\/2023\/10\/LOTUS-Liege-waffles-topped-with-milk-chocolate.jpeg","contentUrl":"https:\/\/my-french-grocery.com\/wp-content\/uploads\/2023\/10\/LOTUS-Liege-waffles-topped-with-milk-chocolate.jpeg","width":1200,"height":1200,"caption":"Cialde Di Li\u00e8ge Di Cioccolato Al Latte Lotus"},{"@type":"BreadcrumbList","@id":"https:\/\/my-french-grocery.com\/it\/prodotto\/cialde-di-liege-di-cioccolato-al-latte-lotus\/#breadcrumb","itemListElement":[{"@type":"ListItem","position":1,"name":"Home","item":"https:\/\/my-french-grocery.com\/it\/negozio\/"},{"@type":"ListItem","position":2,"name":"Shop","item":"https:\/\/my-french-grocery.com\/shop\/"},{"@type":"ListItem","position":3,"name":"Torte &amp; Biscotti","item":"https:\/\/my-french-grocery.com\/it\/categoria-prodotto\/torte-biscotti\/"},{"@type":"ListItem","position":4,"name":"Cialde Di Li\u00e8ge Di Cioccolato Al Latte Lotus"}]},{"@type":"WebSite","@id":"https:\/\/my-french-grocery.com\/it\/#website","url":"https:\/\/my-french-grocery.com\/it\/","name":"My French Grocery","description":"Your Online French Grocery  !","publisher":{"@id":"https:\/\/my-french-grocery.com\/it\/#organization"},"potentialAction":[{"@type":"SearchAction","target":{"@type":"EntryPoint","urlTemplate":"https:\/\/my-french-grocery.com\/it\/?s={search_term_string}"},"query-input":{"@type":"PropertyValueSpecification","valueRequired":true,"valueName":"search_term_string"}}],"inLanguage":"it-IT"},{"@type":"Organization","@id":"https:\/\/my-french-grocery.com\/it\/#organization","name":"MY FRENCH GROCERY","url":"https:\/\/my-french-grocery.com\/it\/","logo":{"@type":"ImageObject","inLanguage":"it-IT","@id":"https:\/\/my-french-grocery.com\/it\/#\/schema\/logo\/image\/","url":"https:\/\/my-french-grocery.com\/wp-content\/uploads\/2021\/11\/My-French-Grocery-Online-French-Grocery.png","contentUrl":"https:\/\/my-french-grocery.com\/wp-content\/uploads\/2021\/11\/My-French-Grocery-Online-French-Grocery.png","width":100,"height":100,"caption":"MY FRENCH GROCERY"},"image":{"@id":"https:\/\/my-french-grocery.com\/it\/#\/schema\/logo\/image\/"},"sameAs":["https:\/\/www.facebook.com\/myfrenchgrocery\/"]}]}},"brands":[{"id":3377,"name":"Lotus","slug":"lotus-it"}],"_links":{"self":[{"href":"https:\/\/my-french-grocery.com\/it\/wp-json\/wp\/v2\/product\/36262","targetHints":{"allow":["GET"]}}],"collection":[{"href":"https:\/\/my-french-grocery.com\/it\/wp-json\/wp\/v2\/product"}],"about":[{"href":"https:\/\/my-french-grocery.com\/it\/wp-json\/wp\/v2\/types\/product"}],"replies":[{"embeddable":true,"href":"https:\/\/my-french-grocery.com\/it\/wp-json\/wp\/v2\/comments?post=36262"}],"wp:featuredmedia":[{"embeddable":true,"href":"https:\/\/my-french-grocery.com\/it\/wp-json\/wp\/v2\/media\/36267"}],"wp:attachment":[{"href":"https:\/\/my-french-grocery.com\/it\/wp-json\/wp\/v2\/media?parent=36262"}],"wp:term":[{"taxonomy":"pwb-brand","embeddable":true,"href":"https:\/\/my-french-grocery.com\/it\/wp-json\/wp\/v2\/pwb-brand?post=36262"},{"taxonomy":"product_brand","embeddable":true,"href":"https:\/\/my-french-grocery.com\/it\/wp-json\/wp\/v2\/product_brand?post=36262"},{"taxonomy":"product_cat","embeddable":true,"href":"https:\/\/my-french-grocery.com\/it\/wp-json\/wp\/v2\/product_cat?post=36262"},{"taxonomy":"product_tag","embeddable":true,"href":"https:\/\/my-french-grocery.com\/it\/wp-json\/wp\/v2\/product_tag?post=36262"}],"curies":[{"name":"wp","href":"https:\/\/api.w.org\/{rel}","templated":true}]}}