{"id":37289,"date":"2023-12-06T17:47:40","date_gmt":"2023-12-06T15:47:41","guid":{"rendered":"https:\/\/my-french-grocery.com\/?post_type=product&#038;p=37289"},"modified":"2023-12-06T17:57:41","modified_gmt":"2023-12-06T15:57:41","slug":"biscotti-cioccolato-fondente-petit-ecolier-copy","status":"publish","type":"product","link":"https:\/\/my-french-grocery.com\/it\/prodotto\/biscotti-cioccolato-fondente-petit-ecolier-copy\/","title":{"rendered":"Biscotti Ripieni Di Cioccolato Go\u00fbters REM"},"content":{"rendered":"<p>Biscotti Ripieni Di Cioccolato Go\u00fbters REM<\/p>\n<div class=\"pdp-card__header--text\">\n<p>Confezione da 9 buste &#8211; 375 g<\/p>\n<div class=\"saz_next_widget\" data-referer=\"carrefour_widget\" data-ean=\"7622210421968\" data-type=\"RatingsCRF\" data-status=\"LOADING_DATA\">\n<div class=\"MuiScopedCssBaseline-root jss2\">REM Go\u00fbters, due croccanti biscotti attorno ad un delizioso ripieno al gusto di cioccolato.<\/div>\n<\/div>\n<\/div>\n","protected":false},"excerpt":{"rendered":"<p>Biscotti Ripieni Di Cioccolato Go\u00fbters REM<\/p>\n<div class=\"pdp-card__header--text\">\n<p>Confezione da 9 buste &#8211; 375 g<\/p>\n<\/div>\n","protected":false},"featured_media":37294,"comment_status":"open","ping_status":"closed","template":"","meta":[],"pwb-brand":[2822],"product_brand":[],"product_cat":[2821],"product_tag":[],"class_list":{"0":"post-37289","1":"product","2":"type-product","3":"status-publish","4":"has-post-thumbnail","6":"pwb-brand-lu-it","7":"product_cat-torte-biscotti","8":"product_shipping_class-mondo-spedizioni","10":"first","11":"instock","12":"taxable","13":"shipping-taxable","14":"purchasable","15":"product-type-simple"},"yoast_head":"<!-- This site is optimized with the Yoast SEO plugin v27.3 - https:\/\/yoast.com\/product\/yoast-seo-wordpress\/ -->\n<title>Biscotti Ripieni Di Cioccolato Go\u00fbters REM | Acquisti Online | My French Grocery<\/title>\n<meta name=\"description\" content=\"Biscotti Ripieni Di Cioccolato Go\u00fbters REM - Confezione da 9 buste - 375 -g REM Go\u00fbters, due croccanti biscotti attorno ad un delizioso ripieno al gusto di cioccolato.\" \/>\n<meta name=\"robots\" content=\"index, follow, max-snippet:-1, max-image-preview:large, max-video-preview:-1\" \/>\n<link rel=\"canonical\" href=\"https:\/\/my-french-grocery.com\/it\/prodotto\/biscotti-cioccolato-fondente-petit-ecolier-copy\/\" \/>\n<meta property=\"og:locale\" content=\"it_IT\" \/>\n<meta property=\"og:type\" content=\"article\" \/>\n<meta property=\"og:title\" content=\"Biscotti Ripieni Di Cioccolato Go\u00fbters REM | Acquisti Online | My French Grocery\" \/>\n<meta property=\"og:description\" content=\"Biscotti Ripieni Di Cioccolato Go\u00fbters REM - Confezione da 9 buste - 375 -g REM Go\u00fbters, due croccanti biscotti attorno ad un delizioso ripieno al gusto di cioccolato.\" \/>\n<meta property=\"og:url\" content=\"https:\/\/my-french-grocery.com\/it\/prodotto\/biscotti-cioccolato-fondente-petit-ecolier-copy\/\" \/>\n<meta property=\"og:site_name\" content=\"My French Grocery\" \/>\n<meta property=\"article:publisher\" content=\"https:\/\/www.facebook.com\/myfrenchgrocery\/\" \/>\n<meta property=\"article:modified_time\" content=\"2023-12-06T15:57:41+00:00\" \/>\n<meta property=\"og:image\" content=\"https:\/\/my-french-grocery.com\/wp-content\/uploads\/2023\/12\/LU-Gouters-REM-chocolate-filled-biscuits.jpeg\" \/>\n\t<meta property=\"og:image:width\" content=\"1200\" \/>\n\t<meta property=\"og:image:height\" content=\"1200\" \/>\n\t<meta property=\"og:image:type\" content=\"image\/jpeg\" \/>\n<meta name=\"twitter:card\" content=\"summary_large_image\" \/>\n<script type=\"application\/ld+json\" class=\"yoast-schema-graph\">{\"@context\":\"https:\\\/\\\/schema.org\",\"@graph\":[{\"@type\":\"WebPage\",\"@id\":\"https:\\\/\\\/my-french-grocery.com\\\/it\\\/prodotto\\\/biscotti-cioccolato-fondente-petit-ecolier-copy\\\/\",\"url\":\"https:\\\/\\\/my-french-grocery.com\\\/it\\\/prodotto\\\/biscotti-cioccolato-fondente-petit-ecolier-copy\\\/\",\"name\":\"Biscotti Ripieni Di Cioccolato Go\u00fbters REM | Acquisti Online | My French Grocery\",\"isPartOf\":{\"@id\":\"https:\\\/\\\/my-french-grocery.com\\\/it\\\/#website\"},\"primaryImageOfPage\":{\"@id\":\"https:\\\/\\\/my-french-grocery.com\\\/it\\\/prodotto\\\/biscotti-cioccolato-fondente-petit-ecolier-copy\\\/#primaryimage\"},\"image\":{\"@id\":\"https:\\\/\\\/my-french-grocery.com\\\/it\\\/prodotto\\\/biscotti-cioccolato-fondente-petit-ecolier-copy\\\/#primaryimage\"},\"thumbnailUrl\":\"https:\\\/\\\/my-french-grocery.com\\\/wp-content\\\/uploads\\\/2023\\\/12\\\/LU-Gouters-REM-chocolate-filled-biscuits.jpeg\",\"datePublished\":\"2023-12-06T15:47:41+00:00\",\"dateModified\":\"2023-12-06T15:57:41+00:00\",\"description\":\"Biscotti Ripieni Di Cioccolato Go\u00fbters REM - Confezione da 9 buste - 375 -g REM Go\u00fbters, due croccanti biscotti attorno ad un delizioso ripieno al gusto di cioccolato.\",\"breadcrumb\":{\"@id\":\"https:\\\/\\\/my-french-grocery.com\\\/it\\\/prodotto\\\/biscotti-cioccolato-fondente-petit-ecolier-copy\\\/#breadcrumb\"},\"inLanguage\":\"it-IT\",\"potentialAction\":[{\"@type\":\"ReadAction\",\"target\":[\"https:\\\/\\\/my-french-grocery.com\\\/it\\\/prodotto\\\/biscotti-cioccolato-fondente-petit-ecolier-copy\\\/\"]}]},{\"@type\":\"ImageObject\",\"inLanguage\":\"it-IT\",\"@id\":\"https:\\\/\\\/my-french-grocery.com\\\/it\\\/prodotto\\\/biscotti-cioccolato-fondente-petit-ecolier-copy\\\/#primaryimage\",\"url\":\"https:\\\/\\\/my-french-grocery.com\\\/wp-content\\\/uploads\\\/2023\\\/12\\\/LU-Gouters-REM-chocolate-filled-biscuits.jpeg\",\"contentUrl\":\"https:\\\/\\\/my-french-grocery.com\\\/wp-content\\\/uploads\\\/2023\\\/12\\\/LU-Gouters-REM-chocolate-filled-biscuits.jpeg\",\"width\":1200,\"height\":1200,\"caption\":\"Biscotti Ripieni Di Cioccolato Go\u00fbters REM\"},{\"@type\":\"BreadcrumbList\",\"@id\":\"https:\\\/\\\/my-french-grocery.com\\\/it\\\/prodotto\\\/biscotti-cioccolato-fondente-petit-ecolier-copy\\\/#breadcrumb\",\"itemListElement\":[{\"@type\":\"ListItem\",\"position\":1,\"name\":\"Home\",\"item\":\"https:\\\/\\\/my-french-grocery.com\\\/it\\\/negozio\\\/\"},{\"@type\":\"ListItem\",\"position\":2,\"name\":\"Shop\",\"item\":\"https:\\\/\\\/my-french-grocery.com\\\/shop\\\/\"},{\"@type\":\"ListItem\",\"position\":3,\"name\":\"Torte &amp; Biscotti\",\"item\":\"https:\\\/\\\/my-french-grocery.com\\\/it\\\/categoria-prodotto\\\/torte-biscotti\\\/\"},{\"@type\":\"ListItem\",\"position\":4,\"name\":\"Biscotti Ripieni Di Cioccolato Go\u00fbters REM\"}]},{\"@type\":\"WebSite\",\"@id\":\"https:\\\/\\\/my-french-grocery.com\\\/it\\\/#website\",\"url\":\"https:\\\/\\\/my-french-grocery.com\\\/it\\\/\",\"name\":\"My French Grocery\",\"description\":\"Your Online French Grocery  !\",\"publisher\":{\"@id\":\"https:\\\/\\\/my-french-grocery.com\\\/it\\\/#organization\"},\"potentialAction\":[{\"@type\":\"SearchAction\",\"target\":{\"@type\":\"EntryPoint\",\"urlTemplate\":\"https:\\\/\\\/my-french-grocery.com\\\/it\\\/?s={search_term_string}\"},\"query-input\":{\"@type\":\"PropertyValueSpecification\",\"valueRequired\":true,\"valueName\":\"search_term_string\"}}],\"inLanguage\":\"it-IT\"},{\"@type\":\"Organization\",\"@id\":\"https:\\\/\\\/my-french-grocery.com\\\/it\\\/#organization\",\"name\":\"MY FRENCH GROCERY\",\"url\":\"https:\\\/\\\/my-french-grocery.com\\\/it\\\/\",\"logo\":{\"@type\":\"ImageObject\",\"inLanguage\":\"it-IT\",\"@id\":\"https:\\\/\\\/my-french-grocery.com\\\/it\\\/#\\\/schema\\\/logo\\\/image\\\/\",\"url\":\"https:\\\/\\\/my-french-grocery.com\\\/wp-content\\\/uploads\\\/2021\\\/11\\\/My-French-Grocery-Online-French-Grocery.png\",\"contentUrl\":\"https:\\\/\\\/my-french-grocery.com\\\/wp-content\\\/uploads\\\/2021\\\/11\\\/My-French-Grocery-Online-French-Grocery.png\",\"width\":100,\"height\":100,\"caption\":\"MY FRENCH GROCERY\"},\"image\":{\"@id\":\"https:\\\/\\\/my-french-grocery.com\\\/it\\\/#\\\/schema\\\/logo\\\/image\\\/\"},\"sameAs\":[\"https:\\\/\\\/www.facebook.com\\\/myfrenchgrocery\\\/\"]}]}<\/script>\n<!-- \/ Yoast SEO plugin. -->","yoast_head_json":{"title":"Biscotti Ripieni Di Cioccolato Go\u00fbters REM | Acquisti Online | My French Grocery","description":"Biscotti Ripieni Di Cioccolato Go\u00fbters REM - Confezione da 9 buste - 375 -g REM Go\u00fbters, due croccanti biscotti attorno ad un delizioso ripieno al gusto di cioccolato.","robots":{"index":"index","follow":"follow","max-snippet":"max-snippet:-1","max-image-preview":"max-image-preview:large","max-video-preview":"max-video-preview:-1"},"canonical":"https:\/\/my-french-grocery.com\/it\/prodotto\/biscotti-cioccolato-fondente-petit-ecolier-copy\/","og_locale":"it_IT","og_type":"article","og_title":"Biscotti Ripieni Di Cioccolato Go\u00fbters REM | Acquisti Online | My French Grocery","og_description":"Biscotti Ripieni Di Cioccolato Go\u00fbters REM - Confezione da 9 buste - 375 -g REM Go\u00fbters, due croccanti biscotti attorno ad un delizioso ripieno al gusto di cioccolato.","og_url":"https:\/\/my-french-grocery.com\/it\/prodotto\/biscotti-cioccolato-fondente-petit-ecolier-copy\/","og_site_name":"My French Grocery","article_publisher":"https:\/\/www.facebook.com\/myfrenchgrocery\/","article_modified_time":"2023-12-06T15:57:41+00:00","og_image":[{"width":1200,"height":1200,"url":"https:\/\/my-french-grocery.com\/wp-content\/uploads\/2023\/12\/LU-Gouters-REM-chocolate-filled-biscuits.jpeg","type":"image\/jpeg"}],"twitter_card":"summary_large_image","schema":{"@context":"https:\/\/schema.org","@graph":[{"@type":"WebPage","@id":"https:\/\/my-french-grocery.com\/it\/prodotto\/biscotti-cioccolato-fondente-petit-ecolier-copy\/","url":"https:\/\/my-french-grocery.com\/it\/prodotto\/biscotti-cioccolato-fondente-petit-ecolier-copy\/","name":"Biscotti Ripieni Di Cioccolato Go\u00fbters REM | Acquisti Online | My French Grocery","isPartOf":{"@id":"https:\/\/my-french-grocery.com\/it\/#website"},"primaryImageOfPage":{"@id":"https:\/\/my-french-grocery.com\/it\/prodotto\/biscotti-cioccolato-fondente-petit-ecolier-copy\/#primaryimage"},"image":{"@id":"https:\/\/my-french-grocery.com\/it\/prodotto\/biscotti-cioccolato-fondente-petit-ecolier-copy\/#primaryimage"},"thumbnailUrl":"https:\/\/my-french-grocery.com\/wp-content\/uploads\/2023\/12\/LU-Gouters-REM-chocolate-filled-biscuits.jpeg","datePublished":"2023-12-06T15:47:41+00:00","dateModified":"2023-12-06T15:57:41+00:00","description":"Biscotti Ripieni Di Cioccolato Go\u00fbters REM - Confezione da 9 buste - 375 -g REM Go\u00fbters, due croccanti biscotti attorno ad un delizioso ripieno al gusto di cioccolato.","breadcrumb":{"@id":"https:\/\/my-french-grocery.com\/it\/prodotto\/biscotti-cioccolato-fondente-petit-ecolier-copy\/#breadcrumb"},"inLanguage":"it-IT","potentialAction":[{"@type":"ReadAction","target":["https:\/\/my-french-grocery.com\/it\/prodotto\/biscotti-cioccolato-fondente-petit-ecolier-copy\/"]}]},{"@type":"ImageObject","inLanguage":"it-IT","@id":"https:\/\/my-french-grocery.com\/it\/prodotto\/biscotti-cioccolato-fondente-petit-ecolier-copy\/#primaryimage","url":"https:\/\/my-french-grocery.com\/wp-content\/uploads\/2023\/12\/LU-Gouters-REM-chocolate-filled-biscuits.jpeg","contentUrl":"https:\/\/my-french-grocery.com\/wp-content\/uploads\/2023\/12\/LU-Gouters-REM-chocolate-filled-biscuits.jpeg","width":1200,"height":1200,"caption":"Biscotti Ripieni Di Cioccolato Go\u00fbters REM"},{"@type":"BreadcrumbList","@id":"https:\/\/my-french-grocery.com\/it\/prodotto\/biscotti-cioccolato-fondente-petit-ecolier-copy\/#breadcrumb","itemListElement":[{"@type":"ListItem","position":1,"name":"Home","item":"https:\/\/my-french-grocery.com\/it\/negozio\/"},{"@type":"ListItem","position":2,"name":"Shop","item":"https:\/\/my-french-grocery.com\/shop\/"},{"@type":"ListItem","position":3,"name":"Torte &amp; Biscotti","item":"https:\/\/my-french-grocery.com\/it\/categoria-prodotto\/torte-biscotti\/"},{"@type":"ListItem","position":4,"name":"Biscotti Ripieni Di Cioccolato Go\u00fbters REM"}]},{"@type":"WebSite","@id":"https:\/\/my-french-grocery.com\/it\/#website","url":"https:\/\/my-french-grocery.com\/it\/","name":"My French Grocery","description":"Your Online French Grocery  !","publisher":{"@id":"https:\/\/my-french-grocery.com\/it\/#organization"},"potentialAction":[{"@type":"SearchAction","target":{"@type":"EntryPoint","urlTemplate":"https:\/\/my-french-grocery.com\/it\/?s={search_term_string}"},"query-input":{"@type":"PropertyValueSpecification","valueRequired":true,"valueName":"search_term_string"}}],"inLanguage":"it-IT"},{"@type":"Organization","@id":"https:\/\/my-french-grocery.com\/it\/#organization","name":"MY FRENCH GROCERY","url":"https:\/\/my-french-grocery.com\/it\/","logo":{"@type":"ImageObject","inLanguage":"it-IT","@id":"https:\/\/my-french-grocery.com\/it\/#\/schema\/logo\/image\/","url":"https:\/\/my-french-grocery.com\/wp-content\/uploads\/2021\/11\/My-French-Grocery-Online-French-Grocery.png","contentUrl":"https:\/\/my-french-grocery.com\/wp-content\/uploads\/2021\/11\/My-French-Grocery-Online-French-Grocery.png","width":100,"height":100,"caption":"MY FRENCH GROCERY"},"image":{"@id":"https:\/\/my-french-grocery.com\/it\/#\/schema\/logo\/image\/"},"sameAs":["https:\/\/www.facebook.com\/myfrenchgrocery\/"]}]}},"brands":[{"id":2822,"name":"Lu","slug":"lu-it"}],"_links":{"self":[{"href":"https:\/\/my-french-grocery.com\/it\/wp-json\/wp\/v2\/product\/37289","targetHints":{"allow":["GET"]}}],"collection":[{"href":"https:\/\/my-french-grocery.com\/it\/wp-json\/wp\/v2\/product"}],"about":[{"href":"https:\/\/my-french-grocery.com\/it\/wp-json\/wp\/v2\/types\/product"}],"replies":[{"embeddable":true,"href":"https:\/\/my-french-grocery.com\/it\/wp-json\/wp\/v2\/comments?post=37289"}],"wp:featuredmedia":[{"embeddable":true,"href":"https:\/\/my-french-grocery.com\/it\/wp-json\/wp\/v2\/media\/37294"}],"wp:attachment":[{"href":"https:\/\/my-french-grocery.com\/it\/wp-json\/wp\/v2\/media?parent=37289"}],"wp:term":[{"taxonomy":"pwb-brand","embeddable":true,"href":"https:\/\/my-french-grocery.com\/it\/wp-json\/wp\/v2\/pwb-brand?post=37289"},{"taxonomy":"product_brand","embeddable":true,"href":"https:\/\/my-french-grocery.com\/it\/wp-json\/wp\/v2\/product_brand?post=37289"},{"taxonomy":"product_cat","embeddable":true,"href":"https:\/\/my-french-grocery.com\/it\/wp-json\/wp\/v2\/product_cat?post=37289"},{"taxonomy":"product_tag","embeddable":true,"href":"https:\/\/my-french-grocery.com\/it\/wp-json\/wp\/v2\/product_tag?post=37289"}],"curies":[{"name":"wp","href":"https:\/\/api.w.org\/{rel}","templated":true}]}}