{"id":38222,"date":"2024-01-31T12:32:12","date_gmt":"2024-01-31T10:32:14","guid":{"rendered":"https:\/\/my-french-grocery.com\/?post_type=product&#038;p=38222"},"modified":"2024-02-21T11:08:24","modified_gmt":"2024-02-21T09:08:24","slug":"caffe-in-cialde-classico-lungo-tassimo-lor","status":"publish","type":"product","link":"https:\/\/my-french-grocery.com\/it\/prodotto\/caffe-in-cialde-classico-lungo-tassimo-lor\/","title":{"rendered":"Caff\u00e8 In Cialde Classico Lungo Tassimo L&#8217;or"},"content":{"rendered":"<p>Caff\u00e8 In Cialde Classico Lungo Tassimo L\u2019or<\/p>\n<p class=\"product-title__packaging c-text c-text--size-m c-text--style-p\">confezione da 16 cialde<\/p>\n<div class=\"pdp-card__header--text\">\n<div class=\"pdp-card__header--text\">TASSIMO L\u2019OR Caf\u00e9 Long Classique \u00e8 un caff\u00e8 equilibrato sormontato da una schiuma cremosa. I nostri caff\u00e8 Tassimo presentano miscele uniche di chicchi di caff\u00e8 Arabica e Robusta.<\/div>\n<\/div>\n<div><\/div>\n","protected":false},"excerpt":{"rendered":"<p>Caff\u00e8 In Cialde Classico Lungo Tassimo L&#8217;or<\/p>\n<p class=\"product-title__packaging c-text c-text--size-m c-text--style-p\">confezione da 16 cialde<\/p>\n<div><\/div>\n","protected":false},"featured_media":38227,"comment_status":"open","ping_status":"closed","template":"","meta":[],"pwb-brand":[3365],"product_brand":[],"product_cat":[2853],"product_tag":[3489,3475],"class_list":{"0":"post-38222","1":"product","2":"type-product","3":"status-publish","4":"has-post-thumbnail","6":"pwb-brand-lor-maison-du-cafe-it","7":"product_cat-caffe-cicoria","8":"product_tag-lor-it","9":"product_tag-tassimo-it","10":"product_shipping_class-mondo-spedizioni","12":"first","13":"instock","14":"taxable","15":"shipping-taxable","16":"purchasable","17":"product-type-simple"},"brands":[{"id":3365,"name":"L'Or - Maison Du Caf\u00e9","slug":"lor-maison-du-cafe-it"}],"_links":{"self":[{"href":"https:\/\/my-french-grocery.com\/it\/wp-json\/wp\/v2\/product\/38222","targetHints":{"allow":["GET"]}}],"collection":[{"href":"https:\/\/my-french-grocery.com\/it\/wp-json\/wp\/v2\/product"}],"about":[{"href":"https:\/\/my-french-grocery.com\/it\/wp-json\/wp\/v2\/types\/product"}],"replies":[{"embeddable":true,"href":"https:\/\/my-french-grocery.com\/it\/wp-json\/wp\/v2\/comments?post=38222"}],"wp:featuredmedia":[{"embeddable":true,"href":"https:\/\/my-french-grocery.com\/it\/wp-json\/wp\/v2\/media\/38227"}],"wp:attachment":[{"href":"https:\/\/my-french-grocery.com\/it\/wp-json\/wp\/v2\/media?parent=38222"}],"wp:term":[{"taxonomy":"pwb-brand","embeddable":true,"href":"https:\/\/my-french-grocery.com\/it\/wp-json\/wp\/v2\/pwb-brand?post=38222"},{"taxonomy":"product_brand","embeddable":true,"href":"https:\/\/my-french-grocery.com\/it\/wp-json\/wp\/v2\/product_brand?post=38222"},{"taxonomy":"product_cat","embeddable":true,"href":"https:\/\/my-french-grocery.com\/it\/wp-json\/wp\/v2\/product_cat?post=38222"},{"taxonomy":"product_tag","embeddable":true,"href":"https:\/\/my-french-grocery.com\/it\/wp-json\/wp\/v2\/product_tag?post=38222"}],"curies":[{"name":"wp","href":"https:\/\/api.w.org\/{rel}","templated":true}]}}