{"id":38292,"date":"2024-02-05T11:24:11","date_gmt":"2024-02-05T09:24:13","guid":{"rendered":"https:\/\/my-french-grocery.com\/?post_type=product&#038;p=38292"},"modified":"2024-02-21T11:08:59","modified_gmt":"2024-02-21T09:08:59","slug":"cialde-te-verde-alla-menta-tassimo","status":"publish","type":"product","link":"https:\/\/my-french-grocery.com\/it\/prodotto\/cialde-te-verde-alla-menta-tassimo\/","title":{"rendered":"Cialde T\u00e8 Verde Alla Menta Tassimo"},"content":{"rendered":"<p>Cialde T\u00e8 Verde Alla Menta Tassimo<\/p>\n<p class=\"product-title__packaging c-text c-text--size-m c-text--style-p\">confezione da 16 cialde<\/p>\n<div class=\"pdp-card__header--text\">\n<div class=\"pdp-card__header--text\">TASSIMO T\u00e8 Verde alla Menta \u00e8 una miscela sottile che unisce il gusto rinfrescante della menta ai piaceri del t\u00e8 verde.\u00a0Un t\u00e8 eccezionale da condividere in ogni momento della giornata.\u00a0Cialde compatibili con la tua macchina TASSIMO\u00ae.\u00a0La tua macchina TASSIMO prepara ogni bevanda individualmente con il semplice tocco di un pulsante, per risultati deliziosi.<\/div>\n<\/div>\n<div><\/div>\n","protected":false},"excerpt":{"rendered":"<p>Cialde T\u00e8 Verde Alla Menta Tassimo<\/p>\n<p class=\"product-title__packaging c-text c-text--size-m c-text--style-p\">confezione da 16 cialde<\/p>\n<div><\/div>\n","protected":false},"featured_media":38297,"comment_status":"open","ping_status":"closed","template":"","meta":[],"pwb-brand":[3365],"product_brand":[],"product_cat":[2853,2890],"product_tag":[3475,3499],"class_list":{"0":"post-38292","1":"product","2":"type-product","3":"status-publish","4":"has-post-thumbnail","6":"pwb-brand-lor-maison-du-cafe-it","7":"product_cat-caffe-cicoria","8":"product_cat-te-it","9":"product_tag-tassimo-it","10":"product_tag-te","11":"product_shipping_class-mondo-spedizioni","13":"first","14":"instock","15":"taxable","16":"shipping-taxable","17":"purchasable","18":"product-type-simple"},"yoast_head":"<!-- This site is optimized with the Yoast SEO plugin v27.3 - https:\/\/yoast.com\/product\/yoast-seo-wordpress\/ -->\n<title>Cialde T\u00e8 Verde Alla Menta Tassimo | Acquisti Online | My French Grocery<\/title>\n<meta name=\"description\" content=\"Cialde T\u00e8 Verde Alla Menta Tassimo - confezione da 16 cialde - TASSIMO T\u00e8 Verde alla Menta \u00e8 una miscela sottile che unisce il gusto rinfrescante della menta\" \/>\n<meta name=\"robots\" content=\"index, follow, max-snippet:-1, max-image-preview:large, max-video-preview:-1\" \/>\n<link rel=\"canonical\" href=\"https:\/\/my-french-grocery.com\/it\/prodotto\/cialde-te-verde-alla-menta-tassimo\/\" \/>\n<meta property=\"og:locale\" content=\"it_IT\" \/>\n<meta property=\"og:type\" content=\"article\" \/>\n<meta property=\"og:title\" content=\"Cialde T\u00e8 Verde Alla Menta Tassimo | Acquisti Online | My French Grocery\" \/>\n<meta property=\"og:description\" content=\"Cialde T\u00e8 Verde Alla Menta Tassimo - confezione da 16 cialde - TASSIMO T\u00e8 Verde alla Menta \u00e8 una miscela sottile che unisce il gusto rinfrescante della menta\" \/>\n<meta property=\"og:url\" content=\"https:\/\/my-french-grocery.com\/it\/prodotto\/cialde-te-verde-alla-menta-tassimo\/\" \/>\n<meta property=\"og:site_name\" content=\"My French Grocery\" \/>\n<meta property=\"article:publisher\" content=\"https:\/\/www.facebook.com\/myfrenchgrocery\/\" \/>\n<meta property=\"article:modified_time\" content=\"2024-02-21T09:08:59+00:00\" \/>\n<meta property=\"og:image\" content=\"https:\/\/my-french-grocery.com\/wp-content\/uploads\/2024\/02\/pods-green-tea-with-mint-tassimo.webp\" \/>\n\t<meta property=\"og:image:width\" content=\"1500\" \/>\n\t<meta property=\"og:image:height\" content=\"1500\" \/>\n\t<meta property=\"og:image:type\" content=\"image\/webp\" \/>\n<meta name=\"twitter:card\" content=\"summary_large_image\" \/>\n<meta name=\"twitter:label1\" content=\"Tempo di lettura stimato\" \/>\n\t<meta name=\"twitter:data1\" content=\"1 minute\" \/>\n<script type=\"application\/ld+json\" class=\"yoast-schema-graph\">{\"@context\":\"https:\\\/\\\/schema.org\",\"@graph\":[{\"@type\":\"WebPage\",\"@id\":\"https:\\\/\\\/my-french-grocery.com\\\/it\\\/prodotto\\\/cialde-te-verde-alla-menta-tassimo\\\/\",\"url\":\"https:\\\/\\\/my-french-grocery.com\\\/it\\\/prodotto\\\/cialde-te-verde-alla-menta-tassimo\\\/\",\"name\":\"Cialde T\u00e8 Verde Alla Menta Tassimo | Acquisti Online | My French Grocery\",\"isPartOf\":{\"@id\":\"https:\\\/\\\/my-french-grocery.com\\\/it\\\/#website\"},\"primaryImageOfPage\":{\"@id\":\"https:\\\/\\\/my-french-grocery.com\\\/it\\\/prodotto\\\/cialde-te-verde-alla-menta-tassimo\\\/#primaryimage\"},\"image\":{\"@id\":\"https:\\\/\\\/my-french-grocery.com\\\/it\\\/prodotto\\\/cialde-te-verde-alla-menta-tassimo\\\/#primaryimage\"},\"thumbnailUrl\":\"https:\\\/\\\/my-french-grocery.com\\\/wp-content\\\/uploads\\\/2024\\\/02\\\/pods-green-tea-with-mint-tassimo.webp\",\"datePublished\":\"2024-02-05T09:24:13+00:00\",\"dateModified\":\"2024-02-21T09:08:59+00:00\",\"description\":\"Cialde T\u00e8 Verde Alla Menta Tassimo - confezione da 16 cialde - TASSIMO T\u00e8 Verde alla Menta \u00e8 una miscela sottile che unisce il gusto rinfrescante della menta\",\"breadcrumb\":{\"@id\":\"https:\\\/\\\/my-french-grocery.com\\\/it\\\/prodotto\\\/cialde-te-verde-alla-menta-tassimo\\\/#breadcrumb\"},\"inLanguage\":\"it-IT\",\"potentialAction\":[{\"@type\":\"ReadAction\",\"target\":[\"https:\\\/\\\/my-french-grocery.com\\\/it\\\/prodotto\\\/cialde-te-verde-alla-menta-tassimo\\\/\"]}]},{\"@type\":\"ImageObject\",\"inLanguage\":\"it-IT\",\"@id\":\"https:\\\/\\\/my-french-grocery.com\\\/it\\\/prodotto\\\/cialde-te-verde-alla-menta-tassimo\\\/#primaryimage\",\"url\":\"https:\\\/\\\/my-french-grocery.com\\\/wp-content\\\/uploads\\\/2024\\\/02\\\/pods-green-tea-with-mint-tassimo.webp\",\"contentUrl\":\"https:\\\/\\\/my-french-grocery.com\\\/wp-content\\\/uploads\\\/2024\\\/02\\\/pods-green-tea-with-mint-tassimo.webp\",\"width\":1500,\"height\":1500,\"caption\":\"Cialde T\u00e8 Verde Alla Menta Tassimo\"},{\"@type\":\"BreadcrumbList\",\"@id\":\"https:\\\/\\\/my-french-grocery.com\\\/it\\\/prodotto\\\/cialde-te-verde-alla-menta-tassimo\\\/#breadcrumb\",\"itemListElement\":[{\"@type\":\"ListItem\",\"position\":1,\"name\":\"Home\",\"item\":\"https:\\\/\\\/my-french-grocery.com\\\/it\\\/negozio\\\/\"},{\"@type\":\"ListItem\",\"position\":2,\"name\":\"Shop\",\"item\":\"https:\\\/\\\/my-french-grocery.com\\\/shop\\\/\"},{\"@type\":\"ListItem\",\"position\":3,\"name\":\"Alimentazione\",\"item\":\"https:\\\/\\\/my-french-grocery.com\\\/it\\\/categoria-prodotto\\\/alimentazione\\\/\"},{\"@type\":\"ListItem\",\"position\":4,\"name\":\"T\u00e8 - Caff\u00e8 - Cioccolato In Polvere\",\"item\":\"https:\\\/\\\/my-french-grocery.com\\\/it\\\/categoria-prodotto\\\/te-caffe-cioccolato-in-polvere\\\/\"},{\"@type\":\"ListItem\",\"position\":5,\"name\":\"Caff\u00e8 &amp; Cicoria\",\"item\":\"https:\\\/\\\/my-french-grocery.com\\\/it\\\/categoria-prodotto\\\/caffe-cicoria\\\/\"},{\"@type\":\"ListItem\",\"position\":6,\"name\":\"Cialde T\u00e8 Verde Alla Menta Tassimo\"}]},{\"@type\":\"WebSite\",\"@id\":\"https:\\\/\\\/my-french-grocery.com\\\/it\\\/#website\",\"url\":\"https:\\\/\\\/my-french-grocery.com\\\/it\\\/\",\"name\":\"My French Grocery\",\"description\":\"Your Online French Grocery  !\",\"publisher\":{\"@id\":\"https:\\\/\\\/my-french-grocery.com\\\/it\\\/#organization\"},\"potentialAction\":[{\"@type\":\"SearchAction\",\"target\":{\"@type\":\"EntryPoint\",\"urlTemplate\":\"https:\\\/\\\/my-french-grocery.com\\\/it\\\/?s={search_term_string}\"},\"query-input\":{\"@type\":\"PropertyValueSpecification\",\"valueRequired\":true,\"valueName\":\"search_term_string\"}}],\"inLanguage\":\"it-IT\"},{\"@type\":\"Organization\",\"@id\":\"https:\\\/\\\/my-french-grocery.com\\\/it\\\/#organization\",\"name\":\"MY FRENCH GROCERY\",\"url\":\"https:\\\/\\\/my-french-grocery.com\\\/it\\\/\",\"logo\":{\"@type\":\"ImageObject\",\"inLanguage\":\"it-IT\",\"@id\":\"https:\\\/\\\/my-french-grocery.com\\\/it\\\/#\\\/schema\\\/logo\\\/image\\\/\",\"url\":\"https:\\\/\\\/my-french-grocery.com\\\/wp-content\\\/uploads\\\/2021\\\/11\\\/My-French-Grocery-Online-French-Grocery.png\",\"contentUrl\":\"https:\\\/\\\/my-french-grocery.com\\\/wp-content\\\/uploads\\\/2021\\\/11\\\/My-French-Grocery-Online-French-Grocery.png\",\"width\":100,\"height\":100,\"caption\":\"MY FRENCH GROCERY\"},\"image\":{\"@id\":\"https:\\\/\\\/my-french-grocery.com\\\/it\\\/#\\\/schema\\\/logo\\\/image\\\/\"},\"sameAs\":[\"https:\\\/\\\/www.facebook.com\\\/myfrenchgrocery\\\/\"]}]}<\/script>\n<!-- \/ Yoast SEO plugin. -->","yoast_head_json":{"title":"Cialde T\u00e8 Verde Alla Menta Tassimo | Acquisti Online | My French Grocery","description":"Cialde T\u00e8 Verde Alla Menta Tassimo - confezione da 16 cialde - TASSIMO T\u00e8 Verde alla Menta \u00e8 una miscela sottile che unisce il gusto rinfrescante della menta","robots":{"index":"index","follow":"follow","max-snippet":"max-snippet:-1","max-image-preview":"max-image-preview:large","max-video-preview":"max-video-preview:-1"},"canonical":"https:\/\/my-french-grocery.com\/it\/prodotto\/cialde-te-verde-alla-menta-tassimo\/","og_locale":"it_IT","og_type":"article","og_title":"Cialde T\u00e8 Verde Alla Menta Tassimo | Acquisti Online | My French Grocery","og_description":"Cialde T\u00e8 Verde Alla Menta Tassimo - confezione da 16 cialde - TASSIMO T\u00e8 Verde alla Menta \u00e8 una miscela sottile che unisce il gusto rinfrescante della menta","og_url":"https:\/\/my-french-grocery.com\/it\/prodotto\/cialde-te-verde-alla-menta-tassimo\/","og_site_name":"My French Grocery","article_publisher":"https:\/\/www.facebook.com\/myfrenchgrocery\/","article_modified_time":"2024-02-21T09:08:59+00:00","og_image":[{"width":1500,"height":1500,"url":"https:\/\/my-french-grocery.com\/wp-content\/uploads\/2024\/02\/pods-green-tea-with-mint-tassimo.webp","type":"image\/webp"}],"twitter_card":"summary_large_image","twitter_misc":{"Tempo di lettura stimato":"1 minute"},"schema":{"@context":"https:\/\/schema.org","@graph":[{"@type":"WebPage","@id":"https:\/\/my-french-grocery.com\/it\/prodotto\/cialde-te-verde-alla-menta-tassimo\/","url":"https:\/\/my-french-grocery.com\/it\/prodotto\/cialde-te-verde-alla-menta-tassimo\/","name":"Cialde T\u00e8 Verde Alla Menta Tassimo | Acquisti Online | My French Grocery","isPartOf":{"@id":"https:\/\/my-french-grocery.com\/it\/#website"},"primaryImageOfPage":{"@id":"https:\/\/my-french-grocery.com\/it\/prodotto\/cialde-te-verde-alla-menta-tassimo\/#primaryimage"},"image":{"@id":"https:\/\/my-french-grocery.com\/it\/prodotto\/cialde-te-verde-alla-menta-tassimo\/#primaryimage"},"thumbnailUrl":"https:\/\/my-french-grocery.com\/wp-content\/uploads\/2024\/02\/pods-green-tea-with-mint-tassimo.webp","datePublished":"2024-02-05T09:24:13+00:00","dateModified":"2024-02-21T09:08:59+00:00","description":"Cialde T\u00e8 Verde Alla Menta Tassimo - confezione da 16 cialde - TASSIMO T\u00e8 Verde alla Menta \u00e8 una miscela sottile che unisce il gusto rinfrescante della menta","breadcrumb":{"@id":"https:\/\/my-french-grocery.com\/it\/prodotto\/cialde-te-verde-alla-menta-tassimo\/#breadcrumb"},"inLanguage":"it-IT","potentialAction":[{"@type":"ReadAction","target":["https:\/\/my-french-grocery.com\/it\/prodotto\/cialde-te-verde-alla-menta-tassimo\/"]}]},{"@type":"ImageObject","inLanguage":"it-IT","@id":"https:\/\/my-french-grocery.com\/it\/prodotto\/cialde-te-verde-alla-menta-tassimo\/#primaryimage","url":"https:\/\/my-french-grocery.com\/wp-content\/uploads\/2024\/02\/pods-green-tea-with-mint-tassimo.webp","contentUrl":"https:\/\/my-french-grocery.com\/wp-content\/uploads\/2024\/02\/pods-green-tea-with-mint-tassimo.webp","width":1500,"height":1500,"caption":"Cialde T\u00e8 Verde Alla Menta Tassimo"},{"@type":"BreadcrumbList","@id":"https:\/\/my-french-grocery.com\/it\/prodotto\/cialde-te-verde-alla-menta-tassimo\/#breadcrumb","itemListElement":[{"@type":"ListItem","position":1,"name":"Home","item":"https:\/\/my-french-grocery.com\/it\/negozio\/"},{"@type":"ListItem","position":2,"name":"Shop","item":"https:\/\/my-french-grocery.com\/shop\/"},{"@type":"ListItem","position":3,"name":"Alimentazione","item":"https:\/\/my-french-grocery.com\/it\/categoria-prodotto\/alimentazione\/"},{"@type":"ListItem","position":4,"name":"T\u00e8 - Caff\u00e8 - Cioccolato In Polvere","item":"https:\/\/my-french-grocery.com\/it\/categoria-prodotto\/te-caffe-cioccolato-in-polvere\/"},{"@type":"ListItem","position":5,"name":"Caff\u00e8 &amp; Cicoria","item":"https:\/\/my-french-grocery.com\/it\/categoria-prodotto\/caffe-cicoria\/"},{"@type":"ListItem","position":6,"name":"Cialde T\u00e8 Verde Alla Menta Tassimo"}]},{"@type":"WebSite","@id":"https:\/\/my-french-grocery.com\/it\/#website","url":"https:\/\/my-french-grocery.com\/it\/","name":"My French Grocery","description":"Your Online French Grocery  !","publisher":{"@id":"https:\/\/my-french-grocery.com\/it\/#organization"},"potentialAction":[{"@type":"SearchAction","target":{"@type":"EntryPoint","urlTemplate":"https:\/\/my-french-grocery.com\/it\/?s={search_term_string}"},"query-input":{"@type":"PropertyValueSpecification","valueRequired":true,"valueName":"search_term_string"}}],"inLanguage":"it-IT"},{"@type":"Organization","@id":"https:\/\/my-french-grocery.com\/it\/#organization","name":"MY FRENCH GROCERY","url":"https:\/\/my-french-grocery.com\/it\/","logo":{"@type":"ImageObject","inLanguage":"it-IT","@id":"https:\/\/my-french-grocery.com\/it\/#\/schema\/logo\/image\/","url":"https:\/\/my-french-grocery.com\/wp-content\/uploads\/2021\/11\/My-French-Grocery-Online-French-Grocery.png","contentUrl":"https:\/\/my-french-grocery.com\/wp-content\/uploads\/2021\/11\/My-French-Grocery-Online-French-Grocery.png","width":100,"height":100,"caption":"MY FRENCH GROCERY"},"image":{"@id":"https:\/\/my-french-grocery.com\/it\/#\/schema\/logo\/image\/"},"sameAs":["https:\/\/www.facebook.com\/myfrenchgrocery\/"]}]}},"brands":[{"id":3365,"name":"L'Or - Maison Du Caf\u00e9","slug":"lor-maison-du-cafe-it"}],"_links":{"self":[{"href":"https:\/\/my-french-grocery.com\/it\/wp-json\/wp\/v2\/product\/38292","targetHints":{"allow":["GET"]}}],"collection":[{"href":"https:\/\/my-french-grocery.com\/it\/wp-json\/wp\/v2\/product"}],"about":[{"href":"https:\/\/my-french-grocery.com\/it\/wp-json\/wp\/v2\/types\/product"}],"replies":[{"embeddable":true,"href":"https:\/\/my-french-grocery.com\/it\/wp-json\/wp\/v2\/comments?post=38292"}],"wp:featuredmedia":[{"embeddable":true,"href":"https:\/\/my-french-grocery.com\/it\/wp-json\/wp\/v2\/media\/38297"}],"wp:attachment":[{"href":"https:\/\/my-french-grocery.com\/it\/wp-json\/wp\/v2\/media?parent=38292"}],"wp:term":[{"taxonomy":"pwb-brand","embeddable":true,"href":"https:\/\/my-french-grocery.com\/it\/wp-json\/wp\/v2\/pwb-brand?post=38292"},{"taxonomy":"product_brand","embeddable":true,"href":"https:\/\/my-french-grocery.com\/it\/wp-json\/wp\/v2\/product_brand?post=38292"},{"taxonomy":"product_cat","embeddable":true,"href":"https:\/\/my-french-grocery.com\/it\/wp-json\/wp\/v2\/product_cat?post=38292"},{"taxonomy":"product_tag","embeddable":true,"href":"https:\/\/my-french-grocery.com\/it\/wp-json\/wp\/v2\/product_tag?post=38292"}],"curies":[{"name":"wp","href":"https:\/\/api.w.org\/{rel}","templated":true}]}}