{"id":38428,"date":"2024-02-06T16:17:47","date_gmt":"2024-02-06T14:17:49","guid":{"rendered":"https:\/\/my-french-grocery.com\/?post_type=product&#038;p=38428"},"modified":"2024-02-21T11:13:48","modified_gmt":"2024-02-21T09:13:48","slug":"te-verde-alla-menta-lipton","status":"publish","type":"product","link":"https:\/\/my-french-grocery.com\/it\/prodotto\/te-verde-alla-menta-lipton\/","title":{"rendered":"T\u00e8 Verde Alla Menta Lipton"},"content":{"rendered":"<p>T\u00e8 Verde Alla Menta Lipton<\/p>\n<div class=\"pdp-card__header--text\">\n<p class=\"product-title__packaging c-text c-text--size-m c-text--style-p\">scatola da 30 bustine<\/p>\n<\/div>\n<div class=\"main-details--food__shoppinglist\">Scopri le nostre 30 bustine di t\u00e8 verde alla menta Lipton, una combinazione di t\u00e8 verde asiatico, foglie di menta verde e aroma naturale di menta.\u00a0Un t\u00e8 verde gourmet per un delizioso momento di relax.\u00a0Con questo T\u00e8 Verde alla Menta, scopri tutto il profumo sottile e leggero del t\u00e8 verde abbinato alle foglie di menta verde e all&#8217;aroma naturale di menta per una ricetta dal gusto rotondo e delizioso.<\/div>\n","protected":false},"excerpt":{"rendered":"<p>T\u00e8 Verde Alla Menta Lipton<\/p>\n<div class=\"pdp-card__header--text\">\n<p class=\"product-title__packaging c-text c-text--size-m c-text--style-p\">scatola da 30 bustine<\/p>\n<\/div>\n","protected":false},"featured_media":38433,"comment_status":"open","ping_status":"closed","template":"","meta":[],"pwb-brand":[3102],"product_brand":[],"product_cat":[2890,2993],"product_tag":[3458,3499],"class_list":{"0":"post-38428","1":"product","2":"type-product","3":"status-publish","4":"has-post-thumbnail","6":"pwb-brand-lipton-it","7":"product_cat-te-it","8":"product_cat-te-bio","9":"product_tag-lipton-it","10":"product_tag-te","11":"product_shipping_class-mondo-spedizioni","13":"first","14":"instock","15":"taxable","16":"shipping-taxable","17":"purchasable","18":"product-type-simple"},"yoast_head":"<!-- This site is optimized with the Yoast SEO plugin v27.3 - https:\/\/yoast.com\/product\/yoast-seo-wordpress\/ -->\n<title>T\u00e8 Verde Alla Menta Lipton | Acquisti Online | My French Grocery<\/title>\n<meta name=\"description\" content=\"T\u00e8 Verde Alla Menta Lipton - scatola da 30 bustine - Scopri le nostre 30 bustine di t\u00e8 verde alla menta Lipton, una combinazione di t\u00e8 verde asiatico\" \/>\n<meta name=\"robots\" content=\"index, follow, max-snippet:-1, max-image-preview:large, max-video-preview:-1\" \/>\n<link rel=\"canonical\" href=\"https:\/\/my-french-grocery.com\/it\/prodotto\/te-verde-alla-menta-lipton\/\" \/>\n<meta property=\"og:locale\" content=\"it_IT\" \/>\n<meta property=\"og:type\" content=\"article\" \/>\n<meta property=\"og:title\" content=\"T\u00e8 Verde Alla Menta Lipton | Acquisti Online | My French Grocery\" \/>\n<meta property=\"og:description\" content=\"T\u00e8 Verde Alla Menta Lipton - scatola da 30 bustine - Scopri le nostre 30 bustine di t\u00e8 verde alla menta Lipton, una combinazione di t\u00e8 verde asiatico\" \/>\n<meta property=\"og:url\" content=\"https:\/\/my-french-grocery.com\/it\/prodotto\/te-verde-alla-menta-lipton\/\" \/>\n<meta property=\"og:site_name\" content=\"My French Grocery\" \/>\n<meta property=\"article:publisher\" content=\"https:\/\/www.facebook.com\/myfrenchgrocery\/\" \/>\n<meta property=\"article:modified_time\" content=\"2024-02-21T09:13:48+00:00\" \/>\n<meta property=\"og:image\" content=\"https:\/\/my-french-grocery.com\/wp-content\/uploads\/2024\/02\/LIPTON-mint-green-tea.webp\" \/>\n\t<meta property=\"og:image:width\" content=\"1200\" \/>\n\t<meta property=\"og:image:height\" content=\"1200\" \/>\n\t<meta property=\"og:image:type\" content=\"image\/webp\" \/>\n<meta name=\"twitter:card\" content=\"summary_large_image\" \/>\n<meta name=\"twitter:label1\" content=\"Tempo di lettura stimato\" \/>\n\t<meta name=\"twitter:data1\" content=\"1 minute\" \/>\n<script type=\"application\/ld+json\" class=\"yoast-schema-graph\">{\"@context\":\"https:\\\/\\\/schema.org\",\"@graph\":[{\"@type\":\"WebPage\",\"@id\":\"https:\\\/\\\/my-french-grocery.com\\\/it\\\/prodotto\\\/te-verde-alla-menta-lipton\\\/\",\"url\":\"https:\\\/\\\/my-french-grocery.com\\\/it\\\/prodotto\\\/te-verde-alla-menta-lipton\\\/\",\"name\":\"T\u00e8 Verde Alla Menta Lipton | Acquisti Online | My French Grocery\",\"isPartOf\":{\"@id\":\"https:\\\/\\\/my-french-grocery.com\\\/it\\\/#website\"},\"primaryImageOfPage\":{\"@id\":\"https:\\\/\\\/my-french-grocery.com\\\/it\\\/prodotto\\\/te-verde-alla-menta-lipton\\\/#primaryimage\"},\"image\":{\"@id\":\"https:\\\/\\\/my-french-grocery.com\\\/it\\\/prodotto\\\/te-verde-alla-menta-lipton\\\/#primaryimage\"},\"thumbnailUrl\":\"https:\\\/\\\/my-french-grocery.com\\\/wp-content\\\/uploads\\\/2024\\\/02\\\/LIPTON-mint-green-tea.webp\",\"datePublished\":\"2024-02-06T14:17:49+00:00\",\"dateModified\":\"2024-02-21T09:13:48+00:00\",\"description\":\"T\u00e8 Verde Alla Menta Lipton - scatola da 30 bustine - Scopri le nostre 30 bustine di t\u00e8 verde alla menta Lipton, una combinazione di t\u00e8 verde asiatico\",\"breadcrumb\":{\"@id\":\"https:\\\/\\\/my-french-grocery.com\\\/it\\\/prodotto\\\/te-verde-alla-menta-lipton\\\/#breadcrumb\"},\"inLanguage\":\"it-IT\",\"potentialAction\":[{\"@type\":\"ReadAction\",\"target\":[\"https:\\\/\\\/my-french-grocery.com\\\/it\\\/prodotto\\\/te-verde-alla-menta-lipton\\\/\"]}]},{\"@type\":\"ImageObject\",\"inLanguage\":\"it-IT\",\"@id\":\"https:\\\/\\\/my-french-grocery.com\\\/it\\\/prodotto\\\/te-verde-alla-menta-lipton\\\/#primaryimage\",\"url\":\"https:\\\/\\\/my-french-grocery.com\\\/wp-content\\\/uploads\\\/2024\\\/02\\\/LIPTON-mint-green-tea.webp\",\"contentUrl\":\"https:\\\/\\\/my-french-grocery.com\\\/wp-content\\\/uploads\\\/2024\\\/02\\\/LIPTON-mint-green-tea.webp\",\"width\":1200,\"height\":1200,\"caption\":\"T\u00e8 Verde Alla Menta Lipton\"},{\"@type\":\"BreadcrumbList\",\"@id\":\"https:\\\/\\\/my-french-grocery.com\\\/it\\\/prodotto\\\/te-verde-alla-menta-lipton\\\/#breadcrumb\",\"itemListElement\":[{\"@type\":\"ListItem\",\"position\":1,\"name\":\"Home\",\"item\":\"https:\\\/\\\/my-french-grocery.com\\\/it\\\/negozio\\\/\"},{\"@type\":\"ListItem\",\"position\":2,\"name\":\"Shop\",\"item\":\"https:\\\/\\\/my-french-grocery.com\\\/shop\\\/\"},{\"@type\":\"ListItem\",\"position\":3,\"name\":\"T\u00e8 - Caff\u00e8 - Cioccolato In Polvere\",\"item\":\"https:\\\/\\\/my-french-grocery.com\\\/it\\\/categoria-prodotto\\\/te-caffe-cioccolato-in-polvere\\\/\"},{\"@type\":\"ListItem\",\"position\":4,\"name\":\"T\u00e8\",\"item\":\"https:\\\/\\\/my-french-grocery.com\\\/it\\\/categoria-prodotto\\\/te-caffe-cioccolato-in-polvere\\\/te-it\\\/\"},{\"@type\":\"ListItem\",\"position\":5,\"name\":\"T\u00e8 Verde Alla Menta Lipton\"}]},{\"@type\":\"WebSite\",\"@id\":\"https:\\\/\\\/my-french-grocery.com\\\/it\\\/#website\",\"url\":\"https:\\\/\\\/my-french-grocery.com\\\/it\\\/\",\"name\":\"My French Grocery\",\"description\":\"Your Online French Grocery  !\",\"publisher\":{\"@id\":\"https:\\\/\\\/my-french-grocery.com\\\/it\\\/#organization\"},\"potentialAction\":[{\"@type\":\"SearchAction\",\"target\":{\"@type\":\"EntryPoint\",\"urlTemplate\":\"https:\\\/\\\/my-french-grocery.com\\\/it\\\/?s={search_term_string}\"},\"query-input\":{\"@type\":\"PropertyValueSpecification\",\"valueRequired\":true,\"valueName\":\"search_term_string\"}}],\"inLanguage\":\"it-IT\"},{\"@type\":\"Organization\",\"@id\":\"https:\\\/\\\/my-french-grocery.com\\\/it\\\/#organization\",\"name\":\"MY FRENCH GROCERY\",\"url\":\"https:\\\/\\\/my-french-grocery.com\\\/it\\\/\",\"logo\":{\"@type\":\"ImageObject\",\"inLanguage\":\"it-IT\",\"@id\":\"https:\\\/\\\/my-french-grocery.com\\\/it\\\/#\\\/schema\\\/logo\\\/image\\\/\",\"url\":\"https:\\\/\\\/my-french-grocery.com\\\/wp-content\\\/uploads\\\/2021\\\/11\\\/My-French-Grocery-Online-French-Grocery.png\",\"contentUrl\":\"https:\\\/\\\/my-french-grocery.com\\\/wp-content\\\/uploads\\\/2021\\\/11\\\/My-French-Grocery-Online-French-Grocery.png\",\"width\":100,\"height\":100,\"caption\":\"MY FRENCH GROCERY\"},\"image\":{\"@id\":\"https:\\\/\\\/my-french-grocery.com\\\/it\\\/#\\\/schema\\\/logo\\\/image\\\/\"},\"sameAs\":[\"https:\\\/\\\/www.facebook.com\\\/myfrenchgrocery\\\/\"]}]}<\/script>\n<!-- \/ Yoast SEO plugin. -->","yoast_head_json":{"title":"T\u00e8 Verde Alla Menta Lipton | Acquisti Online | My French Grocery","description":"T\u00e8 Verde Alla Menta Lipton - scatola da 30 bustine - Scopri le nostre 30 bustine di t\u00e8 verde alla menta Lipton, una combinazione di t\u00e8 verde asiatico","robots":{"index":"index","follow":"follow","max-snippet":"max-snippet:-1","max-image-preview":"max-image-preview:large","max-video-preview":"max-video-preview:-1"},"canonical":"https:\/\/my-french-grocery.com\/it\/prodotto\/te-verde-alla-menta-lipton\/","og_locale":"it_IT","og_type":"article","og_title":"T\u00e8 Verde Alla Menta Lipton | Acquisti Online | My French Grocery","og_description":"T\u00e8 Verde Alla Menta Lipton - scatola da 30 bustine - Scopri le nostre 30 bustine di t\u00e8 verde alla menta Lipton, una combinazione di t\u00e8 verde asiatico","og_url":"https:\/\/my-french-grocery.com\/it\/prodotto\/te-verde-alla-menta-lipton\/","og_site_name":"My French Grocery","article_publisher":"https:\/\/www.facebook.com\/myfrenchgrocery\/","article_modified_time":"2024-02-21T09:13:48+00:00","og_image":[{"width":1200,"height":1200,"url":"https:\/\/my-french-grocery.com\/wp-content\/uploads\/2024\/02\/LIPTON-mint-green-tea.webp","type":"image\/webp"}],"twitter_card":"summary_large_image","twitter_misc":{"Tempo di lettura stimato":"1 minute"},"schema":{"@context":"https:\/\/schema.org","@graph":[{"@type":"WebPage","@id":"https:\/\/my-french-grocery.com\/it\/prodotto\/te-verde-alla-menta-lipton\/","url":"https:\/\/my-french-grocery.com\/it\/prodotto\/te-verde-alla-menta-lipton\/","name":"T\u00e8 Verde Alla Menta Lipton | Acquisti Online | My French Grocery","isPartOf":{"@id":"https:\/\/my-french-grocery.com\/it\/#website"},"primaryImageOfPage":{"@id":"https:\/\/my-french-grocery.com\/it\/prodotto\/te-verde-alla-menta-lipton\/#primaryimage"},"image":{"@id":"https:\/\/my-french-grocery.com\/it\/prodotto\/te-verde-alla-menta-lipton\/#primaryimage"},"thumbnailUrl":"https:\/\/my-french-grocery.com\/wp-content\/uploads\/2024\/02\/LIPTON-mint-green-tea.webp","datePublished":"2024-02-06T14:17:49+00:00","dateModified":"2024-02-21T09:13:48+00:00","description":"T\u00e8 Verde Alla Menta Lipton - scatola da 30 bustine - Scopri le nostre 30 bustine di t\u00e8 verde alla menta Lipton, una combinazione di t\u00e8 verde asiatico","breadcrumb":{"@id":"https:\/\/my-french-grocery.com\/it\/prodotto\/te-verde-alla-menta-lipton\/#breadcrumb"},"inLanguage":"it-IT","potentialAction":[{"@type":"ReadAction","target":["https:\/\/my-french-grocery.com\/it\/prodotto\/te-verde-alla-menta-lipton\/"]}]},{"@type":"ImageObject","inLanguage":"it-IT","@id":"https:\/\/my-french-grocery.com\/it\/prodotto\/te-verde-alla-menta-lipton\/#primaryimage","url":"https:\/\/my-french-grocery.com\/wp-content\/uploads\/2024\/02\/LIPTON-mint-green-tea.webp","contentUrl":"https:\/\/my-french-grocery.com\/wp-content\/uploads\/2024\/02\/LIPTON-mint-green-tea.webp","width":1200,"height":1200,"caption":"T\u00e8 Verde Alla Menta Lipton"},{"@type":"BreadcrumbList","@id":"https:\/\/my-french-grocery.com\/it\/prodotto\/te-verde-alla-menta-lipton\/#breadcrumb","itemListElement":[{"@type":"ListItem","position":1,"name":"Home","item":"https:\/\/my-french-grocery.com\/it\/negozio\/"},{"@type":"ListItem","position":2,"name":"Shop","item":"https:\/\/my-french-grocery.com\/shop\/"},{"@type":"ListItem","position":3,"name":"T\u00e8 - Caff\u00e8 - Cioccolato In Polvere","item":"https:\/\/my-french-grocery.com\/it\/categoria-prodotto\/te-caffe-cioccolato-in-polvere\/"},{"@type":"ListItem","position":4,"name":"T\u00e8","item":"https:\/\/my-french-grocery.com\/it\/categoria-prodotto\/te-caffe-cioccolato-in-polvere\/te-it\/"},{"@type":"ListItem","position":5,"name":"T\u00e8 Verde Alla Menta Lipton"}]},{"@type":"WebSite","@id":"https:\/\/my-french-grocery.com\/it\/#website","url":"https:\/\/my-french-grocery.com\/it\/","name":"My French Grocery","description":"Your Online French Grocery  !","publisher":{"@id":"https:\/\/my-french-grocery.com\/it\/#organization"},"potentialAction":[{"@type":"SearchAction","target":{"@type":"EntryPoint","urlTemplate":"https:\/\/my-french-grocery.com\/it\/?s={search_term_string}"},"query-input":{"@type":"PropertyValueSpecification","valueRequired":true,"valueName":"search_term_string"}}],"inLanguage":"it-IT"},{"@type":"Organization","@id":"https:\/\/my-french-grocery.com\/it\/#organization","name":"MY FRENCH GROCERY","url":"https:\/\/my-french-grocery.com\/it\/","logo":{"@type":"ImageObject","inLanguage":"it-IT","@id":"https:\/\/my-french-grocery.com\/it\/#\/schema\/logo\/image\/","url":"https:\/\/my-french-grocery.com\/wp-content\/uploads\/2021\/11\/My-French-Grocery-Online-French-Grocery.png","contentUrl":"https:\/\/my-french-grocery.com\/wp-content\/uploads\/2021\/11\/My-French-Grocery-Online-French-Grocery.png","width":100,"height":100,"caption":"MY FRENCH GROCERY"},"image":{"@id":"https:\/\/my-french-grocery.com\/it\/#\/schema\/logo\/image\/"},"sameAs":["https:\/\/www.facebook.com\/myfrenchgrocery\/"]}]}},"brands":[{"id":3102,"name":"Lipton","slug":"lipton-it"}],"_links":{"self":[{"href":"https:\/\/my-french-grocery.com\/it\/wp-json\/wp\/v2\/product\/38428","targetHints":{"allow":["GET"]}}],"collection":[{"href":"https:\/\/my-french-grocery.com\/it\/wp-json\/wp\/v2\/product"}],"about":[{"href":"https:\/\/my-french-grocery.com\/it\/wp-json\/wp\/v2\/types\/product"}],"replies":[{"embeddable":true,"href":"https:\/\/my-french-grocery.com\/it\/wp-json\/wp\/v2\/comments?post=38428"}],"wp:featuredmedia":[{"embeddable":true,"href":"https:\/\/my-french-grocery.com\/it\/wp-json\/wp\/v2\/media\/38433"}],"wp:attachment":[{"href":"https:\/\/my-french-grocery.com\/it\/wp-json\/wp\/v2\/media?parent=38428"}],"wp:term":[{"taxonomy":"pwb-brand","embeddable":true,"href":"https:\/\/my-french-grocery.com\/it\/wp-json\/wp\/v2\/pwb-brand?post=38428"},{"taxonomy":"product_brand","embeddable":true,"href":"https:\/\/my-french-grocery.com\/it\/wp-json\/wp\/v2\/product_brand?post=38428"},{"taxonomy":"product_cat","embeddable":true,"href":"https:\/\/my-french-grocery.com\/it\/wp-json\/wp\/v2\/product_cat?post=38428"},{"taxonomy":"product_tag","embeddable":true,"href":"https:\/\/my-french-grocery.com\/it\/wp-json\/wp\/v2\/product_tag?post=38428"}],"curies":[{"name":"wp","href":"https:\/\/api.w.org\/{rel}","templated":true}]}}