{"id":38756,"date":"2024-02-20T14:48:33","date_gmt":"2024-02-20T12:48:35","guid":{"rendered":"https:\/\/my-french-grocery.com\/?post_type=product&#038;p=38756"},"modified":"2024-02-21T11:21:03","modified_gmt":"2024-02-21T09:21:03","slug":"te-verde-mango-albicocca-lipton","status":"publish","type":"product","link":"https:\/\/my-french-grocery.com\/it\/prodotto\/te-verde-mango-albicocca-lipton\/","title":{"rendered":"T\u00e8 Verde Mango &#038; Albicocca Lipton"},"content":{"rendered":"<p>T\u00e8 Verde Mango & Albicocca Lipton<\/p>\n<div class=\"pdp-card__header--text\">\n<p class=\"product-title__packaging c-text c-text--size-m c-text--style-p\">scatola da 20 bustine<\/p>\n<\/div>\n<div class=\"main-details--food__shoppinglist\">Scopri le nostre 20 bustine di t\u00e8 verde Lipton Mango e Albicocca, un t\u00e8 dal sapore delicato per un\u2019esperienza confortante e fruttata.\u00a0Con questo T\u00e8 Verde Mango e Albicocca, goditi tutto il profumo sottile del t\u00e8 verde unito alla rotondit\u00e0 del mango e alla cremosit\u00e0 dell\u2019albicocca.\u00a0Una ricetta intensa e deliziosa.<\/div>\n","protected":false},"excerpt":{"rendered":"<p>T\u00e8 Verde Mango &amp; Albicocca Lipton<\/p>\n<div class=\"pdp-card__header--text\">\n<p class=\"product-title__packaging c-text c-text--size-m c-text--style-p\">scatola da 20 bustine<\/p>\n<\/div>\n","protected":false},"featured_media":38761,"comment_status":"open","ping_status":"closed","template":"","meta":[],"pwb-brand":[3102],"product_brand":[],"product_cat":[2890],"product_tag":[3458,3499],"class_list":{"0":"post-38756","1":"product","2":"type-product","3":"status-publish","4":"has-post-thumbnail","6":"pwb-brand-lipton-it","7":"product_cat-te-it","8":"product_tag-lipton-it","9":"product_tag-te","10":"product_shipping_class-mondo-spedizioni","12":"first","13":"instock","14":"taxable","15":"shipping-taxable","16":"purchasable","17":"product-type-simple"},"brands":[{"id":3102,"name":"Lipton","slug":"lipton-it"}],"_links":{"self":[{"href":"https:\/\/my-french-grocery.com\/it\/wp-json\/wp\/v2\/product\/38756","targetHints":{"allow":["GET"]}}],"collection":[{"href":"https:\/\/my-french-grocery.com\/it\/wp-json\/wp\/v2\/product"}],"about":[{"href":"https:\/\/my-french-grocery.com\/it\/wp-json\/wp\/v2\/types\/product"}],"replies":[{"embeddable":true,"href":"https:\/\/my-french-grocery.com\/it\/wp-json\/wp\/v2\/comments?post=38756"}],"wp:featuredmedia":[{"embeddable":true,"href":"https:\/\/my-french-grocery.com\/it\/wp-json\/wp\/v2\/media\/38761"}],"wp:attachment":[{"href":"https:\/\/my-french-grocery.com\/it\/wp-json\/wp\/v2\/media?parent=38756"}],"wp:term":[{"taxonomy":"pwb-brand","embeddable":true,"href":"https:\/\/my-french-grocery.com\/it\/wp-json\/wp\/v2\/pwb-brand?post=38756"},{"taxonomy":"product_brand","embeddable":true,"href":"https:\/\/my-french-grocery.com\/it\/wp-json\/wp\/v2\/product_brand?post=38756"},{"taxonomy":"product_cat","embeddable":true,"href":"https:\/\/my-french-grocery.com\/it\/wp-json\/wp\/v2\/product_cat?post=38756"},{"taxonomy":"product_tag","embeddable":true,"href":"https:\/\/my-french-grocery.com\/it\/wp-json\/wp\/v2\/product_tag?post=38756"}],"curies":[{"name":"wp","href":"https:\/\/api.w.org\/{rel}","templated":true}]}}