{"id":38966,"date":"2024-02-26T18:35:21","date_gmt":"2024-02-26T16:35:23","guid":{"rendered":"https:\/\/my-french-grocery.com\/?post_type=product&#038;p=38966"},"modified":"2024-02-26T19:02:13","modified_gmt":"2024-02-26T17:02:13","slug":"infuso-the-menthole-les-2-marmottes","status":"publish","type":"product","link":"https:\/\/my-french-grocery.com\/it\/prodotto\/infuso-the-menthole-les-2-marmottes\/","title":{"rendered":"Infuso Th\u00e9 Menth&#8217;Ol\u00e9 Les 2 Marmottes"},"content":{"rendered":"<p>Infuso Th\u00e9 Menth&#8217;Ol\u00e9 Les 2 Marmottes<\/p>\n<div class=\"pdp-card__header--text\">\n<p class=\"product-title__packaging c-text c-text--size-m c-text--style-p\">scatola da 30 buste<\/p>\n<\/div>\n<div class=\"main-details--food__shoppinglist\">Il nostro t\u00e8 verde alla menta \u00e8 l\u2019esempio di condivisione virtuosa.\u00a0Il gusto armonioso del t\u00e8 verde si unisce delicatamente alla vivace freschezza della menta, per un connubio avvincente.\u00a0Un matrimonio perfetto da consumare senza moderazione!<\/div>\n","protected":false},"excerpt":{"rendered":"<p>Infuso Th\u00e9 Menth&#8217;Ol\u00e9 Les 2 Marmottes<\/p>\n<div class=\"pdp-card__header--text\">\n<p class=\"product-title__packaging c-text c-text--size-m c-text--style-p\">scatola da 30 buste<\/p>\n<\/div>\n","protected":false},"featured_media":38971,"comment_status":"open","ping_status":"closed","template":"","meta":[],"pwb-brand":[3518],"product_brand":[],"product_cat":[2890],"product_tag":[3517,3516,3499],"class_list":{"0":"post-38966","1":"product","2":"type-product","3":"status-publish","4":"has-post-thumbnail","6":"pwb-brand-les-2-marmottes-it","7":"product_cat-te-it","8":"product_tag-infuso","9":"product_tag-les-2-marmottes-it","10":"product_tag-te","12":"first","13":"instock","14":"taxable","15":"shipping-taxable","16":"purchasable","17":"product-type-simple"},"yoast_head":"<!-- This site is optimized with the Yoast SEO plugin v27.4 - https:\/\/yoast.com\/product\/yoast-seo-wordpress\/ -->\n<title>Infuso Th\u00e9 Menth&#039;Ol\u00e9 Les 2 Marmottes | Acquisti Online | My French Grocery<\/title>\n<meta name=\"description\" content=\"Infuso Th\u00e9 Menth&#039;Ol\u00e9 Les 2 Marmottes - scatola da 30 buste - Il nostro t\u00e8 verde alla menta \u00e8 l\u2019esempio di condivisione virtuosa.\u00a0\" \/>\n<meta name=\"robots\" content=\"index, follow, max-snippet:-1, max-image-preview:large, max-video-preview:-1\" \/>\n<link rel=\"canonical\" href=\"https:\/\/my-french-grocery.com\/it\/prodotto\/infuso-the-menthole-les-2-marmottes\/\" \/>\n<meta property=\"og:locale\" content=\"it_IT\" \/>\n<meta property=\"og:type\" content=\"article\" \/>\n<meta property=\"og:title\" content=\"Infuso Th\u00e9 Menth&#039;Ol\u00e9 Les 2 Marmottes | Acquisti Online | My French Grocery\" \/>\n<meta property=\"og:description\" content=\"Infuso Th\u00e9 Menth&#039;Ol\u00e9 Les 2 Marmottes - scatola da 30 buste - Il nostro t\u00e8 verde alla menta \u00e8 l\u2019esempio di condivisione virtuosa.\u00a0\" \/>\n<meta property=\"og:url\" content=\"https:\/\/my-french-grocery.com\/it\/prodotto\/infuso-the-menthole-les-2-marmottes\/\" \/>\n<meta property=\"og:site_name\" content=\"My French Grocery\" \/>\n<meta property=\"article:publisher\" content=\"https:\/\/www.facebook.com\/myfrenchgrocery\/\" \/>\n<meta property=\"article:modified_time\" content=\"2024-02-26T17:02:13+00:00\" \/>\n<meta property=\"og:image\" content=\"https:\/\/my-french-grocery.com\/wp-content\/uploads\/2024\/02\/Mint-tea-LES-2-MARMOTES.webp\" \/>\n\t<meta property=\"og:image:width\" content=\"1500\" \/>\n\t<meta property=\"og:image:height\" content=\"1500\" \/>\n\t<meta property=\"og:image:type\" content=\"image\/webp\" \/>\n<meta name=\"twitter:card\" content=\"summary_large_image\" \/>\n<meta name=\"twitter:label1\" content=\"Tempo di lettura stimato\" \/>\n\t<meta name=\"twitter:data1\" content=\"1 minute\" \/>\n<script type=\"application\/ld+json\" class=\"yoast-schema-graph\">{\"@context\":\"https:\\\/\\\/schema.org\",\"@graph\":[{\"@type\":\"WebPage\",\"@id\":\"https:\\\/\\\/my-french-grocery.com\\\/it\\\/prodotto\\\/infuso-the-menthole-les-2-marmottes\\\/\",\"url\":\"https:\\\/\\\/my-french-grocery.com\\\/it\\\/prodotto\\\/infuso-the-menthole-les-2-marmottes\\\/\",\"name\":\"Infuso Th\u00e9 Menth'Ol\u00e9 Les 2 Marmottes | Acquisti Online | My French Grocery\",\"isPartOf\":{\"@id\":\"https:\\\/\\\/my-french-grocery.com\\\/it\\\/#website\"},\"primaryImageOfPage\":{\"@id\":\"https:\\\/\\\/my-french-grocery.com\\\/it\\\/prodotto\\\/infuso-the-menthole-les-2-marmottes\\\/#primaryimage\"},\"image\":{\"@id\":\"https:\\\/\\\/my-french-grocery.com\\\/it\\\/prodotto\\\/infuso-the-menthole-les-2-marmottes\\\/#primaryimage\"},\"thumbnailUrl\":\"https:\\\/\\\/my-french-grocery.com\\\/wp-content\\\/uploads\\\/2024\\\/02\\\/Mint-tea-LES-2-MARMOTES.webp\",\"datePublished\":\"2024-02-26T16:35:23+00:00\",\"dateModified\":\"2024-02-26T17:02:13+00:00\",\"description\":\"Infuso Th\u00e9 Menth'Ol\u00e9 Les 2 Marmottes - scatola da 30 buste - Il nostro t\u00e8 verde alla menta \u00e8 l\u2019esempio di condivisione virtuosa.\u00a0\",\"breadcrumb\":{\"@id\":\"https:\\\/\\\/my-french-grocery.com\\\/it\\\/prodotto\\\/infuso-the-menthole-les-2-marmottes\\\/#breadcrumb\"},\"inLanguage\":\"it-IT\",\"potentialAction\":[{\"@type\":\"ReadAction\",\"target\":[\"https:\\\/\\\/my-french-grocery.com\\\/it\\\/prodotto\\\/infuso-the-menthole-les-2-marmottes\\\/\"]}]},{\"@type\":\"ImageObject\",\"inLanguage\":\"it-IT\",\"@id\":\"https:\\\/\\\/my-french-grocery.com\\\/it\\\/prodotto\\\/infuso-the-menthole-les-2-marmottes\\\/#primaryimage\",\"url\":\"https:\\\/\\\/my-french-grocery.com\\\/wp-content\\\/uploads\\\/2024\\\/02\\\/Mint-tea-LES-2-MARMOTES.webp\",\"contentUrl\":\"https:\\\/\\\/my-french-grocery.com\\\/wp-content\\\/uploads\\\/2024\\\/02\\\/Mint-tea-LES-2-MARMOTES.webp\",\"width\":1500,\"height\":1500,\"caption\":\"Infuso Th\u00e9 Menth'Ol\u00e9 Les 2 Marmottes\"},{\"@type\":\"BreadcrumbList\",\"@id\":\"https:\\\/\\\/my-french-grocery.com\\\/it\\\/prodotto\\\/infuso-the-menthole-les-2-marmottes\\\/#breadcrumb\",\"itemListElement\":[{\"@type\":\"ListItem\",\"position\":1,\"name\":\"Home\",\"item\":\"https:\\\/\\\/my-french-grocery.com\\\/it\\\/negozio\\\/\"},{\"@type\":\"ListItem\",\"position\":2,\"name\":\"Shop\",\"item\":\"https:\\\/\\\/my-french-grocery.com\\\/shop\\\/\"},{\"@type\":\"ListItem\",\"position\":3,\"name\":\"T\u00e8 - Caff\u00e8 - Cioccolato In Polvere\",\"item\":\"https:\\\/\\\/my-french-grocery.com\\\/it\\\/categoria-prodotto\\\/te-caffe-cioccolato-in-polvere\\\/\"},{\"@type\":\"ListItem\",\"position\":4,\"name\":\"T\u00e8\",\"item\":\"https:\\\/\\\/my-french-grocery.com\\\/it\\\/categoria-prodotto\\\/te-caffe-cioccolato-in-polvere\\\/te-it\\\/\"},{\"@type\":\"ListItem\",\"position\":5,\"name\":\"Infuso Th\u00e9 Menth&#8217;Ol\u00e9 Les 2 Marmottes\"}]},{\"@type\":\"WebSite\",\"@id\":\"https:\\\/\\\/my-french-grocery.com\\\/it\\\/#website\",\"url\":\"https:\\\/\\\/my-french-grocery.com\\\/it\\\/\",\"name\":\"My French Grocery\",\"description\":\"Your Online French Grocery  !\",\"publisher\":{\"@id\":\"https:\\\/\\\/my-french-grocery.com\\\/it\\\/#organization\"},\"potentialAction\":[{\"@type\":\"SearchAction\",\"target\":{\"@type\":\"EntryPoint\",\"urlTemplate\":\"https:\\\/\\\/my-french-grocery.com\\\/it\\\/?s={search_term_string}\"},\"query-input\":{\"@type\":\"PropertyValueSpecification\",\"valueRequired\":true,\"valueName\":\"search_term_string\"}}],\"inLanguage\":\"it-IT\"},{\"@type\":\"Organization\",\"@id\":\"https:\\\/\\\/my-french-grocery.com\\\/it\\\/#organization\",\"name\":\"MY FRENCH GROCERY\",\"url\":\"https:\\\/\\\/my-french-grocery.com\\\/it\\\/\",\"logo\":{\"@type\":\"ImageObject\",\"inLanguage\":\"it-IT\",\"@id\":\"https:\\\/\\\/my-french-grocery.com\\\/it\\\/#\\\/schema\\\/logo\\\/image\\\/\",\"url\":\"https:\\\/\\\/my-french-grocery.com\\\/wp-content\\\/uploads\\\/2021\\\/11\\\/My-French-Grocery-Online-French-Grocery.png\",\"contentUrl\":\"https:\\\/\\\/my-french-grocery.com\\\/wp-content\\\/uploads\\\/2021\\\/11\\\/My-French-Grocery-Online-French-Grocery.png\",\"width\":100,\"height\":100,\"caption\":\"MY FRENCH GROCERY\"},\"image\":{\"@id\":\"https:\\\/\\\/my-french-grocery.com\\\/it\\\/#\\\/schema\\\/logo\\\/image\\\/\"},\"sameAs\":[\"https:\\\/\\\/www.facebook.com\\\/myfrenchgrocery\\\/\"]}]}<\/script>\n<!-- \/ Yoast SEO plugin. -->","yoast_head_json":{"title":"Infuso Th\u00e9 Menth'Ol\u00e9 Les 2 Marmottes | Acquisti Online | My French Grocery","description":"Infuso Th\u00e9 Menth'Ol\u00e9 Les 2 Marmottes - scatola da 30 buste - Il nostro t\u00e8 verde alla menta \u00e8 l\u2019esempio di condivisione virtuosa.\u00a0","robots":{"index":"index","follow":"follow","max-snippet":"max-snippet:-1","max-image-preview":"max-image-preview:large","max-video-preview":"max-video-preview:-1"},"canonical":"https:\/\/my-french-grocery.com\/it\/prodotto\/infuso-the-menthole-les-2-marmottes\/","og_locale":"it_IT","og_type":"article","og_title":"Infuso Th\u00e9 Menth'Ol\u00e9 Les 2 Marmottes | Acquisti Online | My French Grocery","og_description":"Infuso Th\u00e9 Menth'Ol\u00e9 Les 2 Marmottes - scatola da 30 buste - Il nostro t\u00e8 verde alla menta \u00e8 l\u2019esempio di condivisione virtuosa.\u00a0","og_url":"https:\/\/my-french-grocery.com\/it\/prodotto\/infuso-the-menthole-les-2-marmottes\/","og_site_name":"My French Grocery","article_publisher":"https:\/\/www.facebook.com\/myfrenchgrocery\/","article_modified_time":"2024-02-26T17:02:13+00:00","og_image":[{"width":1500,"height":1500,"url":"https:\/\/my-french-grocery.com\/wp-content\/uploads\/2024\/02\/Mint-tea-LES-2-MARMOTES.webp","type":"image\/webp"}],"twitter_card":"summary_large_image","twitter_misc":{"Tempo di lettura stimato":"1 minute"},"schema":{"@context":"https:\/\/schema.org","@graph":[{"@type":"WebPage","@id":"https:\/\/my-french-grocery.com\/it\/prodotto\/infuso-the-menthole-les-2-marmottes\/","url":"https:\/\/my-french-grocery.com\/it\/prodotto\/infuso-the-menthole-les-2-marmottes\/","name":"Infuso Th\u00e9 Menth'Ol\u00e9 Les 2 Marmottes | Acquisti Online | My French Grocery","isPartOf":{"@id":"https:\/\/my-french-grocery.com\/it\/#website"},"primaryImageOfPage":{"@id":"https:\/\/my-french-grocery.com\/it\/prodotto\/infuso-the-menthole-les-2-marmottes\/#primaryimage"},"image":{"@id":"https:\/\/my-french-grocery.com\/it\/prodotto\/infuso-the-menthole-les-2-marmottes\/#primaryimage"},"thumbnailUrl":"https:\/\/my-french-grocery.com\/wp-content\/uploads\/2024\/02\/Mint-tea-LES-2-MARMOTES.webp","datePublished":"2024-02-26T16:35:23+00:00","dateModified":"2024-02-26T17:02:13+00:00","description":"Infuso Th\u00e9 Menth'Ol\u00e9 Les 2 Marmottes - scatola da 30 buste - Il nostro t\u00e8 verde alla menta \u00e8 l\u2019esempio di condivisione virtuosa.\u00a0","breadcrumb":{"@id":"https:\/\/my-french-grocery.com\/it\/prodotto\/infuso-the-menthole-les-2-marmottes\/#breadcrumb"},"inLanguage":"it-IT","potentialAction":[{"@type":"ReadAction","target":["https:\/\/my-french-grocery.com\/it\/prodotto\/infuso-the-menthole-les-2-marmottes\/"]}]},{"@type":"ImageObject","inLanguage":"it-IT","@id":"https:\/\/my-french-grocery.com\/it\/prodotto\/infuso-the-menthole-les-2-marmottes\/#primaryimage","url":"https:\/\/my-french-grocery.com\/wp-content\/uploads\/2024\/02\/Mint-tea-LES-2-MARMOTES.webp","contentUrl":"https:\/\/my-french-grocery.com\/wp-content\/uploads\/2024\/02\/Mint-tea-LES-2-MARMOTES.webp","width":1500,"height":1500,"caption":"Infuso Th\u00e9 Menth'Ol\u00e9 Les 2 Marmottes"},{"@type":"BreadcrumbList","@id":"https:\/\/my-french-grocery.com\/it\/prodotto\/infuso-the-menthole-les-2-marmottes\/#breadcrumb","itemListElement":[{"@type":"ListItem","position":1,"name":"Home","item":"https:\/\/my-french-grocery.com\/it\/negozio\/"},{"@type":"ListItem","position":2,"name":"Shop","item":"https:\/\/my-french-grocery.com\/shop\/"},{"@type":"ListItem","position":3,"name":"T\u00e8 - Caff\u00e8 - Cioccolato In Polvere","item":"https:\/\/my-french-grocery.com\/it\/categoria-prodotto\/te-caffe-cioccolato-in-polvere\/"},{"@type":"ListItem","position":4,"name":"T\u00e8","item":"https:\/\/my-french-grocery.com\/it\/categoria-prodotto\/te-caffe-cioccolato-in-polvere\/te-it\/"},{"@type":"ListItem","position":5,"name":"Infuso Th\u00e9 Menth&#8217;Ol\u00e9 Les 2 Marmottes"}]},{"@type":"WebSite","@id":"https:\/\/my-french-grocery.com\/it\/#website","url":"https:\/\/my-french-grocery.com\/it\/","name":"My French Grocery","description":"Your Online French Grocery  !","publisher":{"@id":"https:\/\/my-french-grocery.com\/it\/#organization"},"potentialAction":[{"@type":"SearchAction","target":{"@type":"EntryPoint","urlTemplate":"https:\/\/my-french-grocery.com\/it\/?s={search_term_string}"},"query-input":{"@type":"PropertyValueSpecification","valueRequired":true,"valueName":"search_term_string"}}],"inLanguage":"it-IT"},{"@type":"Organization","@id":"https:\/\/my-french-grocery.com\/it\/#organization","name":"MY FRENCH GROCERY","url":"https:\/\/my-french-grocery.com\/it\/","logo":{"@type":"ImageObject","inLanguage":"it-IT","@id":"https:\/\/my-french-grocery.com\/it\/#\/schema\/logo\/image\/","url":"https:\/\/my-french-grocery.com\/wp-content\/uploads\/2021\/11\/My-French-Grocery-Online-French-Grocery.png","contentUrl":"https:\/\/my-french-grocery.com\/wp-content\/uploads\/2021\/11\/My-French-Grocery-Online-French-Grocery.png","width":100,"height":100,"caption":"MY FRENCH GROCERY"},"image":{"@id":"https:\/\/my-french-grocery.com\/it\/#\/schema\/logo\/image\/"},"sameAs":["https:\/\/www.facebook.com\/myfrenchgrocery\/"]}]}},"brands":[{"id":3518,"name":"Les 2 Marmottes","slug":"les-2-marmottes-it"}],"_links":{"self":[{"href":"https:\/\/my-french-grocery.com\/it\/wp-json\/wp\/v2\/product\/38966","targetHints":{"allow":["GET"]}}],"collection":[{"href":"https:\/\/my-french-grocery.com\/it\/wp-json\/wp\/v2\/product"}],"about":[{"href":"https:\/\/my-french-grocery.com\/it\/wp-json\/wp\/v2\/types\/product"}],"replies":[{"embeddable":true,"href":"https:\/\/my-french-grocery.com\/it\/wp-json\/wp\/v2\/comments?post=38966"}],"wp:featuredmedia":[{"embeddable":true,"href":"https:\/\/my-french-grocery.com\/it\/wp-json\/wp\/v2\/media\/38971"}],"wp:attachment":[{"href":"https:\/\/my-french-grocery.com\/it\/wp-json\/wp\/v2\/media?parent=38966"}],"wp:term":[{"taxonomy":"pwb-brand","embeddable":true,"href":"https:\/\/my-french-grocery.com\/it\/wp-json\/wp\/v2\/pwb-brand?post=38966"},{"taxonomy":"product_brand","embeddable":true,"href":"https:\/\/my-french-grocery.com\/it\/wp-json\/wp\/v2\/product_brand?post=38966"},{"taxonomy":"product_cat","embeddable":true,"href":"https:\/\/my-french-grocery.com\/it\/wp-json\/wp\/v2\/product_cat?post=38966"},{"taxonomy":"product_tag","embeddable":true,"href":"https:\/\/my-french-grocery.com\/it\/wp-json\/wp\/v2\/product_tag?post=38966"}],"curies":[{"name":"wp","href":"https:\/\/api.w.org\/{rel}","templated":true}]}}