{"id":40495,"date":"2024-05-26T17:52:31","date_gmt":"2024-05-26T15:52:33","guid":{"rendered":"https:\/\/my-french-grocery.com\/?post_type=product&#038;p=40495"},"modified":"2024-05-28T18:25:43","modified_gmt":"2024-05-28T16:25:43","slug":"crema-doccia-al-burro-di-karite-cadum","status":"publish","type":"product","link":"https:\/\/my-french-grocery.com\/it\/prodotto\/crema-doccia-al-burro-di-karite-cadum\/","title":{"rendered":"Crema Doccia Al Burro Di Karit\u00e8 Cadum"},"content":{"rendered":"<p>Crema Doccia Al Burro Di Karit\u00e8 Cadum<\/p>\n<div class=\"pdp-card__header--text\"><span class=\"pl-text pl-text--size-m pl-text--style-p pl-text--bold\">Pompa da 450 ml<\/span><\/div>\n<div class=\"main-details--food__shoppinglist\"><\/div>\n<div>\n<div class=\"product-description__feature-group-wrapper\">\n<div class=\"product-description__feature-values\">La sua formula Surgras con burro di karit\u00e8 arricchito con olio di mandorle dolci biologico \u00e8 ideale per proteggere la pelle secca. Deterge delicatamente la pelle e la avvolge in una schiuma ricca e generosa. Ti dona cura e morbidezza per 24 ore.<\/div>\n<\/div>\n<div class=\"product-description__feature-group-wrapper\"><\/div>\n<\/div>\n","protected":false},"excerpt":{"rendered":"<p>Crema Doccia Al Burro Di Karit\u00e8 Cadum<\/p>\n<div class=\"pdp-card__header--text\"><span class=\"pl-text pl-text--size-m pl-text--style-p pl-text--bold\">Pompa da 450 ml<\/span><\/div>\n","protected":false},"featured_media":40500,"comment_status":"open","ping_status":"closed","template":"","meta":[],"pwb-brand":[3730],"product_brand":[],"product_cat":[2802],"product_tag":[3234,3729],"class_list":{"0":"post-40495","1":"product","2":"type-product","3":"status-publish","4":"has-post-thumbnail","6":"pwb-brand-cadum-it","7":"product_cat-gel-doccia","8":"product_tag-bagnoschiuma","9":"product_tag-cadum-it","11":"first","12":"instock","13":"taxable","14":"shipping-taxable","15":"purchasable","16":"product-type-simple"},"yoast_head":"<!-- This site is optimized with the Yoast SEO plugin v27.3 - https:\/\/yoast.com\/product\/yoast-seo-wordpress\/ -->\n<title>Crema Doccia Al Burro Di Karit\u00e8 Cadum | Acquisti Online | My French Grocery<\/title>\n<meta name=\"description\" content=\"Crema Doccia Al Burro Di Karit\u00e8 Cadum - Pompa da 450 ml - La sua formula Surgras con burro di karit\u00e8 arricchito con olio di mandorle dolci biologico\" \/>\n<meta name=\"robots\" content=\"index, follow, max-snippet:-1, max-image-preview:large, max-video-preview:-1\" \/>\n<link rel=\"canonical\" href=\"https:\/\/my-french-grocery.com\/it\/prodotto\/crema-doccia-al-burro-di-karite-cadum\/\" \/>\n<meta property=\"og:locale\" content=\"it_IT\" \/>\n<meta property=\"og:type\" content=\"article\" \/>\n<meta property=\"og:title\" content=\"Crema Doccia Al Burro Di Karit\u00e8 Cadum | Acquisti Online | My French Grocery\" \/>\n<meta property=\"og:description\" content=\"Crema Doccia Al Burro Di Karit\u00e8 Cadum - Pompa da 450 ml - La sua formula Surgras con burro di karit\u00e8 arricchito con olio di mandorle dolci biologico\" \/>\n<meta property=\"og:url\" content=\"https:\/\/my-french-grocery.com\/it\/prodotto\/crema-doccia-al-burro-di-karite-cadum\/\" \/>\n<meta property=\"og:site_name\" content=\"My French Grocery\" \/>\n<meta property=\"article:publisher\" content=\"https:\/\/www.facebook.com\/myfrenchgrocery\/\" \/>\n<meta property=\"article:modified_time\" content=\"2024-05-28T16:25:43+00:00\" \/>\n<meta property=\"og:image\" content=\"https:\/\/my-french-grocery.com\/wp-content\/uploads\/2024\/05\/CADUM-Shea-Butter-Shower-Gel-and-Shower-Cream.webp\" \/>\n\t<meta property=\"og:image:width\" content=\"1500\" \/>\n\t<meta property=\"og:image:height\" content=\"1500\" \/>\n\t<meta property=\"og:image:type\" content=\"image\/webp\" \/>\n<meta name=\"twitter:card\" content=\"summary_large_image\" \/>\n<meta name=\"twitter:label1\" content=\"Tempo di lettura stimato\" \/>\n\t<meta name=\"twitter:data1\" content=\"1 minute\" \/>\n<script type=\"application\/ld+json\" class=\"yoast-schema-graph\">{\"@context\":\"https:\\\/\\\/schema.org\",\"@graph\":[{\"@type\":\"WebPage\",\"@id\":\"https:\\\/\\\/my-french-grocery.com\\\/it\\\/prodotto\\\/crema-doccia-al-burro-di-karite-cadum\\\/\",\"url\":\"https:\\\/\\\/my-french-grocery.com\\\/it\\\/prodotto\\\/crema-doccia-al-burro-di-karite-cadum\\\/\",\"name\":\"Crema Doccia Al Burro Di Karit\u00e8 Cadum | Acquisti Online | My French Grocery\",\"isPartOf\":{\"@id\":\"https:\\\/\\\/my-french-grocery.com\\\/it\\\/#website\"},\"primaryImageOfPage\":{\"@id\":\"https:\\\/\\\/my-french-grocery.com\\\/it\\\/prodotto\\\/crema-doccia-al-burro-di-karite-cadum\\\/#primaryimage\"},\"image\":{\"@id\":\"https:\\\/\\\/my-french-grocery.com\\\/it\\\/prodotto\\\/crema-doccia-al-burro-di-karite-cadum\\\/#primaryimage\"},\"thumbnailUrl\":\"https:\\\/\\\/my-french-grocery.com\\\/wp-content\\\/uploads\\\/2024\\\/05\\\/CADUM-Shea-Butter-Shower-Gel-and-Shower-Cream.webp\",\"datePublished\":\"2024-05-26T15:52:33+00:00\",\"dateModified\":\"2024-05-28T16:25:43+00:00\",\"description\":\"Crema Doccia Al Burro Di Karit\u00e8 Cadum - Pompa da 450 ml - La sua formula Surgras con burro di karit\u00e8 arricchito con olio di mandorle dolci biologico\",\"breadcrumb\":{\"@id\":\"https:\\\/\\\/my-french-grocery.com\\\/it\\\/prodotto\\\/crema-doccia-al-burro-di-karite-cadum\\\/#breadcrumb\"},\"inLanguage\":\"it-IT\",\"potentialAction\":[{\"@type\":\"ReadAction\",\"target\":[\"https:\\\/\\\/my-french-grocery.com\\\/it\\\/prodotto\\\/crema-doccia-al-burro-di-karite-cadum\\\/\"]}]},{\"@type\":\"ImageObject\",\"inLanguage\":\"it-IT\",\"@id\":\"https:\\\/\\\/my-french-grocery.com\\\/it\\\/prodotto\\\/crema-doccia-al-burro-di-karite-cadum\\\/#primaryimage\",\"url\":\"https:\\\/\\\/my-french-grocery.com\\\/wp-content\\\/uploads\\\/2024\\\/05\\\/CADUM-Shea-Butter-Shower-Gel-and-Shower-Cream.webp\",\"contentUrl\":\"https:\\\/\\\/my-french-grocery.com\\\/wp-content\\\/uploads\\\/2024\\\/05\\\/CADUM-Shea-Butter-Shower-Gel-and-Shower-Cream.webp\",\"width\":1500,\"height\":1500,\"caption\":\"Crema Doccia Al Burro Di Karit\u00e8 Cadum\"},{\"@type\":\"BreadcrumbList\",\"@id\":\"https:\\\/\\\/my-french-grocery.com\\\/it\\\/prodotto\\\/crema-doccia-al-burro-di-karite-cadum\\\/#breadcrumb\",\"itemListElement\":[{\"@type\":\"ListItem\",\"position\":1,\"name\":\"Home\",\"item\":\"https:\\\/\\\/my-french-grocery.com\\\/it\\\/negozio\\\/\"},{\"@type\":\"ListItem\",\"position\":2,\"name\":\"Shop\",\"item\":\"https:\\\/\\\/my-french-grocery.com\\\/shop\\\/\"},{\"@type\":\"ListItem\",\"position\":3,\"name\":\"Gel Doccia\",\"item\":\"https:\\\/\\\/my-french-grocery.com\\\/it\\\/categoria-prodotto\\\/gel-doccia\\\/\"},{\"@type\":\"ListItem\",\"position\":4,\"name\":\"Crema Doccia Al Burro Di Karit\u00e8 Cadum\"}]},{\"@type\":\"WebSite\",\"@id\":\"https:\\\/\\\/my-french-grocery.com\\\/it\\\/#website\",\"url\":\"https:\\\/\\\/my-french-grocery.com\\\/it\\\/\",\"name\":\"My French Grocery\",\"description\":\"Your Online French Grocery  !\",\"publisher\":{\"@id\":\"https:\\\/\\\/my-french-grocery.com\\\/it\\\/#organization\"},\"potentialAction\":[{\"@type\":\"SearchAction\",\"target\":{\"@type\":\"EntryPoint\",\"urlTemplate\":\"https:\\\/\\\/my-french-grocery.com\\\/it\\\/?s={search_term_string}\"},\"query-input\":{\"@type\":\"PropertyValueSpecification\",\"valueRequired\":true,\"valueName\":\"search_term_string\"}}],\"inLanguage\":\"it-IT\"},{\"@type\":\"Organization\",\"@id\":\"https:\\\/\\\/my-french-grocery.com\\\/it\\\/#organization\",\"name\":\"MY FRENCH GROCERY\",\"url\":\"https:\\\/\\\/my-french-grocery.com\\\/it\\\/\",\"logo\":{\"@type\":\"ImageObject\",\"inLanguage\":\"it-IT\",\"@id\":\"https:\\\/\\\/my-french-grocery.com\\\/it\\\/#\\\/schema\\\/logo\\\/image\\\/\",\"url\":\"https:\\\/\\\/my-french-grocery.com\\\/wp-content\\\/uploads\\\/2021\\\/11\\\/My-French-Grocery-Online-French-Grocery.png\",\"contentUrl\":\"https:\\\/\\\/my-french-grocery.com\\\/wp-content\\\/uploads\\\/2021\\\/11\\\/My-French-Grocery-Online-French-Grocery.png\",\"width\":100,\"height\":100,\"caption\":\"MY FRENCH GROCERY\"},\"image\":{\"@id\":\"https:\\\/\\\/my-french-grocery.com\\\/it\\\/#\\\/schema\\\/logo\\\/image\\\/\"},\"sameAs\":[\"https:\\\/\\\/www.facebook.com\\\/myfrenchgrocery\\\/\"]}]}<\/script>\n<!-- \/ Yoast SEO plugin. -->","yoast_head_json":{"title":"Crema Doccia Al Burro Di Karit\u00e8 Cadum | Acquisti Online | My French Grocery","description":"Crema Doccia Al Burro Di Karit\u00e8 Cadum - Pompa da 450 ml - La sua formula Surgras con burro di karit\u00e8 arricchito con olio di mandorle dolci biologico","robots":{"index":"index","follow":"follow","max-snippet":"max-snippet:-1","max-image-preview":"max-image-preview:large","max-video-preview":"max-video-preview:-1"},"canonical":"https:\/\/my-french-grocery.com\/it\/prodotto\/crema-doccia-al-burro-di-karite-cadum\/","og_locale":"it_IT","og_type":"article","og_title":"Crema Doccia Al Burro Di Karit\u00e8 Cadum | Acquisti Online | My French Grocery","og_description":"Crema Doccia Al Burro Di Karit\u00e8 Cadum - Pompa da 450 ml - La sua formula Surgras con burro di karit\u00e8 arricchito con olio di mandorle dolci biologico","og_url":"https:\/\/my-french-grocery.com\/it\/prodotto\/crema-doccia-al-burro-di-karite-cadum\/","og_site_name":"My French Grocery","article_publisher":"https:\/\/www.facebook.com\/myfrenchgrocery\/","article_modified_time":"2024-05-28T16:25:43+00:00","og_image":[{"width":1500,"height":1500,"url":"https:\/\/my-french-grocery.com\/wp-content\/uploads\/2024\/05\/CADUM-Shea-Butter-Shower-Gel-and-Shower-Cream.webp","type":"image\/webp"}],"twitter_card":"summary_large_image","twitter_misc":{"Tempo di lettura stimato":"1 minute"},"schema":{"@context":"https:\/\/schema.org","@graph":[{"@type":"WebPage","@id":"https:\/\/my-french-grocery.com\/it\/prodotto\/crema-doccia-al-burro-di-karite-cadum\/","url":"https:\/\/my-french-grocery.com\/it\/prodotto\/crema-doccia-al-burro-di-karite-cadum\/","name":"Crema Doccia Al Burro Di Karit\u00e8 Cadum | Acquisti Online | My French Grocery","isPartOf":{"@id":"https:\/\/my-french-grocery.com\/it\/#website"},"primaryImageOfPage":{"@id":"https:\/\/my-french-grocery.com\/it\/prodotto\/crema-doccia-al-burro-di-karite-cadum\/#primaryimage"},"image":{"@id":"https:\/\/my-french-grocery.com\/it\/prodotto\/crema-doccia-al-burro-di-karite-cadum\/#primaryimage"},"thumbnailUrl":"https:\/\/my-french-grocery.com\/wp-content\/uploads\/2024\/05\/CADUM-Shea-Butter-Shower-Gel-and-Shower-Cream.webp","datePublished":"2024-05-26T15:52:33+00:00","dateModified":"2024-05-28T16:25:43+00:00","description":"Crema Doccia Al Burro Di Karit\u00e8 Cadum - Pompa da 450 ml - La sua formula Surgras con burro di karit\u00e8 arricchito con olio di mandorle dolci biologico","breadcrumb":{"@id":"https:\/\/my-french-grocery.com\/it\/prodotto\/crema-doccia-al-burro-di-karite-cadum\/#breadcrumb"},"inLanguage":"it-IT","potentialAction":[{"@type":"ReadAction","target":["https:\/\/my-french-grocery.com\/it\/prodotto\/crema-doccia-al-burro-di-karite-cadum\/"]}]},{"@type":"ImageObject","inLanguage":"it-IT","@id":"https:\/\/my-french-grocery.com\/it\/prodotto\/crema-doccia-al-burro-di-karite-cadum\/#primaryimage","url":"https:\/\/my-french-grocery.com\/wp-content\/uploads\/2024\/05\/CADUM-Shea-Butter-Shower-Gel-and-Shower-Cream.webp","contentUrl":"https:\/\/my-french-grocery.com\/wp-content\/uploads\/2024\/05\/CADUM-Shea-Butter-Shower-Gel-and-Shower-Cream.webp","width":1500,"height":1500,"caption":"Crema Doccia Al Burro Di Karit\u00e8 Cadum"},{"@type":"BreadcrumbList","@id":"https:\/\/my-french-grocery.com\/it\/prodotto\/crema-doccia-al-burro-di-karite-cadum\/#breadcrumb","itemListElement":[{"@type":"ListItem","position":1,"name":"Home","item":"https:\/\/my-french-grocery.com\/it\/negozio\/"},{"@type":"ListItem","position":2,"name":"Shop","item":"https:\/\/my-french-grocery.com\/shop\/"},{"@type":"ListItem","position":3,"name":"Gel Doccia","item":"https:\/\/my-french-grocery.com\/it\/categoria-prodotto\/gel-doccia\/"},{"@type":"ListItem","position":4,"name":"Crema Doccia Al Burro Di Karit\u00e8 Cadum"}]},{"@type":"WebSite","@id":"https:\/\/my-french-grocery.com\/it\/#website","url":"https:\/\/my-french-grocery.com\/it\/","name":"My French Grocery","description":"Your Online French Grocery  !","publisher":{"@id":"https:\/\/my-french-grocery.com\/it\/#organization"},"potentialAction":[{"@type":"SearchAction","target":{"@type":"EntryPoint","urlTemplate":"https:\/\/my-french-grocery.com\/it\/?s={search_term_string}"},"query-input":{"@type":"PropertyValueSpecification","valueRequired":true,"valueName":"search_term_string"}}],"inLanguage":"it-IT"},{"@type":"Organization","@id":"https:\/\/my-french-grocery.com\/it\/#organization","name":"MY FRENCH GROCERY","url":"https:\/\/my-french-grocery.com\/it\/","logo":{"@type":"ImageObject","inLanguage":"it-IT","@id":"https:\/\/my-french-grocery.com\/it\/#\/schema\/logo\/image\/","url":"https:\/\/my-french-grocery.com\/wp-content\/uploads\/2021\/11\/My-French-Grocery-Online-French-Grocery.png","contentUrl":"https:\/\/my-french-grocery.com\/wp-content\/uploads\/2021\/11\/My-French-Grocery-Online-French-Grocery.png","width":100,"height":100,"caption":"MY FRENCH GROCERY"},"image":{"@id":"https:\/\/my-french-grocery.com\/it\/#\/schema\/logo\/image\/"},"sameAs":["https:\/\/www.facebook.com\/myfrenchgrocery\/"]}]}},"brands":[{"id":3730,"name":"Cadum","slug":"cadum-it"}],"_links":{"self":[{"href":"https:\/\/my-french-grocery.com\/it\/wp-json\/wp\/v2\/product\/40495","targetHints":{"allow":["GET"]}}],"collection":[{"href":"https:\/\/my-french-grocery.com\/it\/wp-json\/wp\/v2\/product"}],"about":[{"href":"https:\/\/my-french-grocery.com\/it\/wp-json\/wp\/v2\/types\/product"}],"replies":[{"embeddable":true,"href":"https:\/\/my-french-grocery.com\/it\/wp-json\/wp\/v2\/comments?post=40495"}],"wp:featuredmedia":[{"embeddable":true,"href":"https:\/\/my-french-grocery.com\/it\/wp-json\/wp\/v2\/media\/40500"}],"wp:attachment":[{"href":"https:\/\/my-french-grocery.com\/it\/wp-json\/wp\/v2\/media?parent=40495"}],"wp:term":[{"taxonomy":"pwb-brand","embeddable":true,"href":"https:\/\/my-french-grocery.com\/it\/wp-json\/wp\/v2\/pwb-brand?post=40495"},{"taxonomy":"product_brand","embeddable":true,"href":"https:\/\/my-french-grocery.com\/it\/wp-json\/wp\/v2\/product_brand?post=40495"},{"taxonomy":"product_cat","embeddable":true,"href":"https:\/\/my-french-grocery.com\/it\/wp-json\/wp\/v2\/product_cat?post=40495"},{"taxonomy":"product_tag","embeddable":true,"href":"https:\/\/my-french-grocery.com\/it\/wp-json\/wp\/v2\/product_tag?post=40495"}],"curies":[{"name":"wp","href":"https:\/\/api.w.org\/{rel}","templated":true}]}}