{"id":44647,"date":"2024-11-02T17:06:36","date_gmt":"2024-11-02T15:06:37","guid":{"rendered":"https:\/\/my-french-grocery.com\/?post_type=product&#038;p=44647"},"modified":"2024-11-12T21:17:04","modified_gmt":"2024-11-12T19:17:04","slug":"salsiccia-alla-griglia-pure-di-patate-la-cuisine-doceane","status":"publish","type":"product","link":"https:\/\/my-french-grocery.com\/it\/prodotto\/salsiccia-alla-griglia-pure-di-patate-la-cuisine-doceane\/","title":{"rendered":"Salsiccia Alla Griglia &#038; Pur\u00e8 Di Patate La Cuisine D&#8217;Oc\u00e9ane"},"content":{"rendered":"<p>Salsiccia Alla Griglia &amp; Pur\u00e8 Di Patate La Cuisine D&#8217;Oc\u00e9ane<\/p>\n<p>piatto da 300 g<\/p>\n<div class=\"secondary-details-intro\">\n<div class=\"regulated-name\">\n<p class=\"paragraph\">Ho selezionato per voi una salsiccia di Puro Suino alla griglia, servita con una leggera salsa di senape e cipolle affettate. Per un piatto gustoso ed equilibrato vi propongo un delizioso pur\u00e8 di patate preparato alla vecchia maniera con un tocco di cr\u00e8me fra\u00eeche. Una ricetta equilibrata, fonte di proteine, garantita senza aromi e coloranti artificiali.<\/p>\n<\/div>\n<\/div>\n","protected":false},"excerpt":{"rendered":"<p>Salsiccia Alla Griglia &amp; Pur\u00e8 Di Patate La Cuisine D&#8217;Oc\u00e9ane<\/p>\n<p>piatto da 300 g<\/p>\n<div class=\"secondary-details-intro\">\n<div class=\"regulated-name\">\n<p class=\"paragraph\">\n<\/div>\n<\/div>\n","protected":false},"featured_media":44652,"comment_status":"open","ping_status":"closed","template":"","meta":[],"pwb-brand":[3830],"product_brand":[],"product_cat":[2875],"product_tag":[2866,3088,3829],"class_list":{"0":"post-44647","1":"product","2":"type-product","3":"status-publish","4":"has-post-thumbnail","6":"pwb-brand-la-cuisine-doceane-it","7":"product_cat-piatti-pronti","8":"product_tag-francese","9":"product_tag-pure-di-patate","10":"product_tag-salsiccia-it","11":"product_shipping_class-mondo-spedizioni","13":"first","14":"instock","15":"taxable","16":"shipping-taxable","17":"purchasable","18":"product-type-simple"},"yoast_head":"<!-- This site is optimized with the Yoast SEO plugin v27.4 - https:\/\/yoast.com\/product\/yoast-seo-wordpress\/ -->\n<title>Salsiccia Alla Griglia &amp; Pur\u00e8 Di Patate La Cuisine D&#039;Oc\u00e9ane | Acquisti Online | My French Grocery<\/title>\n<meta name=\"description\" content=\"Salsiccia Alla Griglia &amp; Pur\u00e8 Di Patate La Cuisine D&#039;Oc\u00e9ane - piatto da 300 g - Ho selezionato per voi una salsiccia di Puro Suino alla griglia\" \/>\n<meta name=\"robots\" content=\"index, follow, max-snippet:-1, max-image-preview:large, max-video-preview:-1\" \/>\n<link rel=\"canonical\" href=\"https:\/\/my-french-grocery.com\/it\/prodotto\/salsiccia-alla-griglia-pure-di-patate-la-cuisine-doceane\/\" \/>\n<meta property=\"og:locale\" content=\"it_IT\" \/>\n<meta property=\"og:type\" content=\"article\" \/>\n<meta property=\"og:title\" content=\"Salsiccia Alla Griglia &amp; Pur\u00e8 Di Patate La Cuisine D&#039;Oc\u00e9ane | Acquisti Online | My French Grocery\" \/>\n<meta property=\"og:description\" content=\"Salsiccia Alla Griglia &amp; Pur\u00e8 Di Patate La Cuisine D&#039;Oc\u00e9ane - piatto da 300 g - Ho selezionato per voi una salsiccia di Puro Suino alla griglia\" \/>\n<meta property=\"og:url\" content=\"https:\/\/my-french-grocery.com\/it\/prodotto\/salsiccia-alla-griglia-pure-di-patate-la-cuisine-doceane\/\" \/>\n<meta property=\"og:site_name\" content=\"My French Grocery\" \/>\n<meta property=\"article:publisher\" content=\"https:\/\/www.facebook.com\/myfrenchgrocery\/\" \/>\n<meta property=\"article:modified_time\" content=\"2024-11-12T19:17:04+00:00\" \/>\n<meta property=\"og:image\" content=\"https:\/\/my-french-grocery.com\/wp-content\/uploads\/2024\/11\/sausage-smashed-potatoes-cuisine-oceane.webp\" \/>\n\t<meta property=\"og:image:width\" content=\"1500\" \/>\n\t<meta property=\"og:image:height\" content=\"1500\" \/>\n\t<meta property=\"og:image:type\" content=\"image\/webp\" \/>\n<meta name=\"twitter:card\" content=\"summary_large_image\" \/>\n<meta name=\"twitter:label1\" content=\"Tempo di lettura stimato\" \/>\n\t<meta name=\"twitter:data1\" content=\"1 minute\" \/>\n<script type=\"application\/ld+json\" class=\"yoast-schema-graph\">{\"@context\":\"https:\\\/\\\/schema.org\",\"@graph\":[{\"@type\":\"WebPage\",\"@id\":\"https:\\\/\\\/my-french-grocery.com\\\/it\\\/prodotto\\\/salsiccia-alla-griglia-pure-di-patate-la-cuisine-doceane\\\/\",\"url\":\"https:\\\/\\\/my-french-grocery.com\\\/it\\\/prodotto\\\/salsiccia-alla-griglia-pure-di-patate-la-cuisine-doceane\\\/\",\"name\":\"Salsiccia Alla Griglia & Pur\u00e8 Di Patate La Cuisine D'Oc\u00e9ane | Acquisti Online | My French Grocery\",\"isPartOf\":{\"@id\":\"https:\\\/\\\/my-french-grocery.com\\\/it\\\/#website\"},\"primaryImageOfPage\":{\"@id\":\"https:\\\/\\\/my-french-grocery.com\\\/it\\\/prodotto\\\/salsiccia-alla-griglia-pure-di-patate-la-cuisine-doceane\\\/#primaryimage\"},\"image\":{\"@id\":\"https:\\\/\\\/my-french-grocery.com\\\/it\\\/prodotto\\\/salsiccia-alla-griglia-pure-di-patate-la-cuisine-doceane\\\/#primaryimage\"},\"thumbnailUrl\":\"https:\\\/\\\/my-french-grocery.com\\\/wp-content\\\/uploads\\\/2024\\\/11\\\/sausage-smashed-potatoes-cuisine-oceane.webp\",\"datePublished\":\"2024-11-02T15:06:37+00:00\",\"dateModified\":\"2024-11-12T19:17:04+00:00\",\"description\":\"Salsiccia Alla Griglia & Pur\u00e8 Di Patate La Cuisine D'Oc\u00e9ane - piatto da 300 g - Ho selezionato per voi una salsiccia di Puro Suino alla griglia\",\"breadcrumb\":{\"@id\":\"https:\\\/\\\/my-french-grocery.com\\\/it\\\/prodotto\\\/salsiccia-alla-griglia-pure-di-patate-la-cuisine-doceane\\\/#breadcrumb\"},\"inLanguage\":\"it-IT\",\"potentialAction\":[{\"@type\":\"ReadAction\",\"target\":[\"https:\\\/\\\/my-french-grocery.com\\\/it\\\/prodotto\\\/salsiccia-alla-griglia-pure-di-patate-la-cuisine-doceane\\\/\"]}]},{\"@type\":\"ImageObject\",\"inLanguage\":\"it-IT\",\"@id\":\"https:\\\/\\\/my-french-grocery.com\\\/it\\\/prodotto\\\/salsiccia-alla-griglia-pure-di-patate-la-cuisine-doceane\\\/#primaryimage\",\"url\":\"https:\\\/\\\/my-french-grocery.com\\\/wp-content\\\/uploads\\\/2024\\\/11\\\/sausage-smashed-potatoes-cuisine-oceane.webp\",\"contentUrl\":\"https:\\\/\\\/my-french-grocery.com\\\/wp-content\\\/uploads\\\/2024\\\/11\\\/sausage-smashed-potatoes-cuisine-oceane.webp\",\"width\":1500,\"height\":1500,\"caption\":\"Salsiccia Alla Griglia & Pur\u00e8 Di Patate La Cuisine D'Oc\u00e9ane\"},{\"@type\":\"BreadcrumbList\",\"@id\":\"https:\\\/\\\/my-french-grocery.com\\\/it\\\/prodotto\\\/salsiccia-alla-griglia-pure-di-patate-la-cuisine-doceane\\\/#breadcrumb\",\"itemListElement\":[{\"@type\":\"ListItem\",\"position\":1,\"name\":\"Home\",\"item\":\"https:\\\/\\\/my-french-grocery.com\\\/it\\\/negozio\\\/\"},{\"@type\":\"ListItem\",\"position\":2,\"name\":\"Shop\",\"item\":\"https:\\\/\\\/my-french-grocery.com\\\/shop\\\/\"},{\"@type\":\"ListItem\",\"position\":3,\"name\":\"Alimentazione\",\"item\":\"https:\\\/\\\/my-french-grocery.com\\\/it\\\/categoria-prodotto\\\/alimentazione\\\/\"},{\"@type\":\"ListItem\",\"position\":4,\"name\":\"Conserve &amp; Piatti Pronti\",\"item\":\"https:\\\/\\\/my-french-grocery.com\\\/it\\\/categoria-prodotto\\\/alimentazione\\\/conserve-piatti-pronti\\\/\"},{\"@type\":\"ListItem\",\"position\":5,\"name\":\"Piatti Pronti\",\"item\":\"https:\\\/\\\/my-french-grocery.com\\\/it\\\/categoria-prodotto\\\/alimentazione\\\/conserve-piatti-pronti\\\/piatti-pronti\\\/\"},{\"@type\":\"ListItem\",\"position\":6,\"name\":\"Salsiccia Alla Griglia &#038; Pur\u00e8 Di Patate La Cuisine D&#8217;Oc\u00e9ane\"}]},{\"@type\":\"WebSite\",\"@id\":\"https:\\\/\\\/my-french-grocery.com\\\/it\\\/#website\",\"url\":\"https:\\\/\\\/my-french-grocery.com\\\/it\\\/\",\"name\":\"My French Grocery\",\"description\":\"Your Online French Grocery  !\",\"publisher\":{\"@id\":\"https:\\\/\\\/my-french-grocery.com\\\/it\\\/#organization\"},\"potentialAction\":[{\"@type\":\"SearchAction\",\"target\":{\"@type\":\"EntryPoint\",\"urlTemplate\":\"https:\\\/\\\/my-french-grocery.com\\\/it\\\/?s={search_term_string}\"},\"query-input\":{\"@type\":\"PropertyValueSpecification\",\"valueRequired\":true,\"valueName\":\"search_term_string\"}}],\"inLanguage\":\"it-IT\"},{\"@type\":\"Organization\",\"@id\":\"https:\\\/\\\/my-french-grocery.com\\\/it\\\/#organization\",\"name\":\"MY FRENCH GROCERY\",\"url\":\"https:\\\/\\\/my-french-grocery.com\\\/it\\\/\",\"logo\":{\"@type\":\"ImageObject\",\"inLanguage\":\"it-IT\",\"@id\":\"https:\\\/\\\/my-french-grocery.com\\\/it\\\/#\\\/schema\\\/logo\\\/image\\\/\",\"url\":\"https:\\\/\\\/my-french-grocery.com\\\/wp-content\\\/uploads\\\/2021\\\/11\\\/My-French-Grocery-Online-French-Grocery.png\",\"contentUrl\":\"https:\\\/\\\/my-french-grocery.com\\\/wp-content\\\/uploads\\\/2021\\\/11\\\/My-French-Grocery-Online-French-Grocery.png\",\"width\":100,\"height\":100,\"caption\":\"MY FRENCH GROCERY\"},\"image\":{\"@id\":\"https:\\\/\\\/my-french-grocery.com\\\/it\\\/#\\\/schema\\\/logo\\\/image\\\/\"},\"sameAs\":[\"https:\\\/\\\/www.facebook.com\\\/myfrenchgrocery\\\/\"]}]}<\/script>\n<!-- \/ Yoast SEO plugin. -->","yoast_head_json":{"title":"Salsiccia Alla Griglia & Pur\u00e8 Di Patate La Cuisine D'Oc\u00e9ane | Acquisti Online | My French Grocery","description":"Salsiccia Alla Griglia & Pur\u00e8 Di Patate La Cuisine D'Oc\u00e9ane - piatto da 300 g - Ho selezionato per voi una salsiccia di Puro Suino alla griglia","robots":{"index":"index","follow":"follow","max-snippet":"max-snippet:-1","max-image-preview":"max-image-preview:large","max-video-preview":"max-video-preview:-1"},"canonical":"https:\/\/my-french-grocery.com\/it\/prodotto\/salsiccia-alla-griglia-pure-di-patate-la-cuisine-doceane\/","og_locale":"it_IT","og_type":"article","og_title":"Salsiccia Alla Griglia & Pur\u00e8 Di Patate La Cuisine D'Oc\u00e9ane | Acquisti Online | My French Grocery","og_description":"Salsiccia Alla Griglia & Pur\u00e8 Di Patate La Cuisine D'Oc\u00e9ane - piatto da 300 g - Ho selezionato per voi una salsiccia di Puro Suino alla griglia","og_url":"https:\/\/my-french-grocery.com\/it\/prodotto\/salsiccia-alla-griglia-pure-di-patate-la-cuisine-doceane\/","og_site_name":"My French Grocery","article_publisher":"https:\/\/www.facebook.com\/myfrenchgrocery\/","article_modified_time":"2024-11-12T19:17:04+00:00","og_image":[{"width":1500,"height":1500,"url":"https:\/\/my-french-grocery.com\/wp-content\/uploads\/2024\/11\/sausage-smashed-potatoes-cuisine-oceane.webp","type":"image\/webp"}],"twitter_card":"summary_large_image","twitter_misc":{"Tempo di lettura stimato":"1 minute"},"schema":{"@context":"https:\/\/schema.org","@graph":[{"@type":"WebPage","@id":"https:\/\/my-french-grocery.com\/it\/prodotto\/salsiccia-alla-griglia-pure-di-patate-la-cuisine-doceane\/","url":"https:\/\/my-french-grocery.com\/it\/prodotto\/salsiccia-alla-griglia-pure-di-patate-la-cuisine-doceane\/","name":"Salsiccia Alla Griglia & Pur\u00e8 Di Patate La Cuisine D'Oc\u00e9ane | Acquisti Online | My French Grocery","isPartOf":{"@id":"https:\/\/my-french-grocery.com\/it\/#website"},"primaryImageOfPage":{"@id":"https:\/\/my-french-grocery.com\/it\/prodotto\/salsiccia-alla-griglia-pure-di-patate-la-cuisine-doceane\/#primaryimage"},"image":{"@id":"https:\/\/my-french-grocery.com\/it\/prodotto\/salsiccia-alla-griglia-pure-di-patate-la-cuisine-doceane\/#primaryimage"},"thumbnailUrl":"https:\/\/my-french-grocery.com\/wp-content\/uploads\/2024\/11\/sausage-smashed-potatoes-cuisine-oceane.webp","datePublished":"2024-11-02T15:06:37+00:00","dateModified":"2024-11-12T19:17:04+00:00","description":"Salsiccia Alla Griglia & Pur\u00e8 Di Patate La Cuisine D'Oc\u00e9ane - piatto da 300 g - Ho selezionato per voi una salsiccia di Puro Suino alla griglia","breadcrumb":{"@id":"https:\/\/my-french-grocery.com\/it\/prodotto\/salsiccia-alla-griglia-pure-di-patate-la-cuisine-doceane\/#breadcrumb"},"inLanguage":"it-IT","potentialAction":[{"@type":"ReadAction","target":["https:\/\/my-french-grocery.com\/it\/prodotto\/salsiccia-alla-griglia-pure-di-patate-la-cuisine-doceane\/"]}]},{"@type":"ImageObject","inLanguage":"it-IT","@id":"https:\/\/my-french-grocery.com\/it\/prodotto\/salsiccia-alla-griglia-pure-di-patate-la-cuisine-doceane\/#primaryimage","url":"https:\/\/my-french-grocery.com\/wp-content\/uploads\/2024\/11\/sausage-smashed-potatoes-cuisine-oceane.webp","contentUrl":"https:\/\/my-french-grocery.com\/wp-content\/uploads\/2024\/11\/sausage-smashed-potatoes-cuisine-oceane.webp","width":1500,"height":1500,"caption":"Salsiccia Alla Griglia & Pur\u00e8 Di Patate La Cuisine D'Oc\u00e9ane"},{"@type":"BreadcrumbList","@id":"https:\/\/my-french-grocery.com\/it\/prodotto\/salsiccia-alla-griglia-pure-di-patate-la-cuisine-doceane\/#breadcrumb","itemListElement":[{"@type":"ListItem","position":1,"name":"Home","item":"https:\/\/my-french-grocery.com\/it\/negozio\/"},{"@type":"ListItem","position":2,"name":"Shop","item":"https:\/\/my-french-grocery.com\/shop\/"},{"@type":"ListItem","position":3,"name":"Alimentazione","item":"https:\/\/my-french-grocery.com\/it\/categoria-prodotto\/alimentazione\/"},{"@type":"ListItem","position":4,"name":"Conserve &amp; Piatti Pronti","item":"https:\/\/my-french-grocery.com\/it\/categoria-prodotto\/alimentazione\/conserve-piatti-pronti\/"},{"@type":"ListItem","position":5,"name":"Piatti Pronti","item":"https:\/\/my-french-grocery.com\/it\/categoria-prodotto\/alimentazione\/conserve-piatti-pronti\/piatti-pronti\/"},{"@type":"ListItem","position":6,"name":"Salsiccia Alla Griglia &#038; Pur\u00e8 Di Patate La Cuisine D&#8217;Oc\u00e9ane"}]},{"@type":"WebSite","@id":"https:\/\/my-french-grocery.com\/it\/#website","url":"https:\/\/my-french-grocery.com\/it\/","name":"My French Grocery","description":"Your Online French Grocery  !","publisher":{"@id":"https:\/\/my-french-grocery.com\/it\/#organization"},"potentialAction":[{"@type":"SearchAction","target":{"@type":"EntryPoint","urlTemplate":"https:\/\/my-french-grocery.com\/it\/?s={search_term_string}"},"query-input":{"@type":"PropertyValueSpecification","valueRequired":true,"valueName":"search_term_string"}}],"inLanguage":"it-IT"},{"@type":"Organization","@id":"https:\/\/my-french-grocery.com\/it\/#organization","name":"MY FRENCH GROCERY","url":"https:\/\/my-french-grocery.com\/it\/","logo":{"@type":"ImageObject","inLanguage":"it-IT","@id":"https:\/\/my-french-grocery.com\/it\/#\/schema\/logo\/image\/","url":"https:\/\/my-french-grocery.com\/wp-content\/uploads\/2021\/11\/My-French-Grocery-Online-French-Grocery.png","contentUrl":"https:\/\/my-french-grocery.com\/wp-content\/uploads\/2021\/11\/My-French-Grocery-Online-French-Grocery.png","width":100,"height":100,"caption":"MY FRENCH GROCERY"},"image":{"@id":"https:\/\/my-french-grocery.com\/it\/#\/schema\/logo\/image\/"},"sameAs":["https:\/\/www.facebook.com\/myfrenchgrocery\/"]}]}},"brands":[{"id":3830,"name":"La Cuisine D'Oc\u00e9ane","slug":"la-cuisine-doceane-it"}],"_links":{"self":[{"href":"https:\/\/my-french-grocery.com\/it\/wp-json\/wp\/v2\/product\/44647","targetHints":{"allow":["GET"]}}],"collection":[{"href":"https:\/\/my-french-grocery.com\/it\/wp-json\/wp\/v2\/product"}],"about":[{"href":"https:\/\/my-french-grocery.com\/it\/wp-json\/wp\/v2\/types\/product"}],"replies":[{"embeddable":true,"href":"https:\/\/my-french-grocery.com\/it\/wp-json\/wp\/v2\/comments?post=44647"}],"wp:featuredmedia":[{"embeddable":true,"href":"https:\/\/my-french-grocery.com\/it\/wp-json\/wp\/v2\/media\/44652"}],"wp:attachment":[{"href":"https:\/\/my-french-grocery.com\/it\/wp-json\/wp\/v2\/media?parent=44647"}],"wp:term":[{"taxonomy":"pwb-brand","embeddable":true,"href":"https:\/\/my-french-grocery.com\/it\/wp-json\/wp\/v2\/pwb-brand?post=44647"},{"taxonomy":"product_brand","embeddable":true,"href":"https:\/\/my-french-grocery.com\/it\/wp-json\/wp\/v2\/product_brand?post=44647"},{"taxonomy":"product_cat","embeddable":true,"href":"https:\/\/my-french-grocery.com\/it\/wp-json\/wp\/v2\/product_cat?post=44647"},{"taxonomy":"product_tag","embeddable":true,"href":"https:\/\/my-french-grocery.com\/it\/wp-json\/wp\/v2\/product_tag?post=44647"}],"curies":[{"name":"wp","href":"https:\/\/api.w.org\/{rel}","templated":true}]}}