{"id":48179,"date":"2025-05-02T18:15:21","date_gmt":"2025-05-02T16:15:23","guid":{"rendered":"https:\/\/my-french-grocery.com\/?post_type=product&#038;p=48179"},"modified":"2025-05-05T18:41:58","modified_gmt":"2025-05-05T16:41:58","slug":"te-nero-earl-grey-twinings","status":"publish","type":"product","link":"https:\/\/my-french-grocery.com\/it\/prodotto\/te-nero-earl-grey-twinings\/","title":{"rendered":"T\u00e8 Nero Earl Grey Twinings"},"content":{"rendered":"<p>T\u00e8 Nero Earl Grey Twinings<\/p>\n<div class=\"pdp-card__header--text\">\n<p class=\"product-title__packaging c-text c-text--size-m c-text--style-p\">scatola da 25 bustine<\/p>\n<\/div>\n<div class=\"main-details--food__shoppinglist\">Scopri i nostri t\u00e8 e infusi Twinings: ricette intense e deliziose preparate dai nostri Tea Creators!<\/div>\n","protected":false},"excerpt":{"rendered":"<p>T\u00e8 Nero Earl Grey Twinings<\/p>\n<div class=\"pdp-card__header--text\">\n<p class=\"product-title__packaging c-text c-text--size-m c-text--style-p\">scatola da 25 bustine<\/p>\n<\/div>\n","protected":false},"featured_media":48184,"comment_status":"open","ping_status":"closed","template":"","meta":[],"pwb-brand":[4043],"product_brand":[],"product_cat":[2890],"product_tag":[3499,4042],"class_list":{"0":"post-48179","1":"product","2":"type-product","3":"status-publish","4":"has-post-thumbnail","6":"pwb-brand-twinings-it","7":"product_cat-te-it","8":"product_tag-te","9":"product_tag-twinings-it","10":"product_shipping_class-mondo-spedizioni","12":"first","13":"instock","14":"taxable","15":"shipping-taxable","16":"purchasable","17":"product-type-simple"},"yoast_head":"<!-- This site is optimized with the Yoast SEO plugin v27.3 - https:\/\/yoast.com\/product\/yoast-seo-wordpress\/ -->\n<title>T\u00e8 Nero Earl Grey Twinings | Acquisti Online | My French Grocery<\/title>\n<meta name=\"description\" content=\"T\u00e8 Nero Earl Grey Twinings - scatola da 25 bustine - Scopri i nostri t\u00e8 e infusi Twinings: ricette intense e deliziose preparate dai nostri Tea Creators!\" \/>\n<meta name=\"robots\" content=\"index, follow, max-snippet:-1, max-image-preview:large, max-video-preview:-1\" \/>\n<link rel=\"canonical\" href=\"https:\/\/my-french-grocery.com\/it\/prodotto\/te-nero-earl-grey-twinings\/\" \/>\n<meta property=\"og:locale\" content=\"it_IT\" \/>\n<meta property=\"og:type\" content=\"article\" \/>\n<meta property=\"og:title\" content=\"T\u00e8 Nero Earl Grey Twinings | Acquisti Online | My French Grocery\" \/>\n<meta property=\"og:description\" content=\"T\u00e8 Nero Earl Grey Twinings - scatola da 25 bustine - Scopri i nostri t\u00e8 e infusi Twinings: ricette intense e deliziose preparate dai nostri Tea Creators!\" \/>\n<meta property=\"og:url\" content=\"https:\/\/my-french-grocery.com\/it\/prodotto\/te-nero-earl-grey-twinings\/\" \/>\n<meta property=\"og:site_name\" content=\"My French Grocery\" \/>\n<meta property=\"article:publisher\" content=\"https:\/\/www.facebook.com\/myfrenchgrocery\/\" \/>\n<meta property=\"article:modified_time\" content=\"2025-05-05T16:41:58+00:00\" \/>\n<meta property=\"og:image\" content=\"https:\/\/my-french-grocery.com\/wp-content\/uploads\/2025\/05\/TWININGS-Earl-Grey-Black-Tea.webp\" \/>\n\t<meta property=\"og:image:width\" content=\"1500\" \/>\n\t<meta property=\"og:image:height\" content=\"1500\" \/>\n\t<meta property=\"og:image:type\" content=\"image\/webp\" \/>\n<meta name=\"twitter:card\" content=\"summary_large_image\" \/>\n<meta name=\"twitter:label1\" content=\"Tempo di lettura stimato\" \/>\n\t<meta name=\"twitter:data1\" content=\"1 minute\" \/>\n<script type=\"application\/ld+json\" class=\"yoast-schema-graph\">{\"@context\":\"https:\\\/\\\/schema.org\",\"@graph\":[{\"@type\":\"WebPage\",\"@id\":\"https:\\\/\\\/my-french-grocery.com\\\/it\\\/prodotto\\\/te-nero-earl-grey-twinings\\\/\",\"url\":\"https:\\\/\\\/my-french-grocery.com\\\/it\\\/prodotto\\\/te-nero-earl-grey-twinings\\\/\",\"name\":\"T\u00e8 Nero Earl Grey Twinings | Acquisti Online | My French Grocery\",\"isPartOf\":{\"@id\":\"https:\\\/\\\/my-french-grocery.com\\\/it\\\/#website\"},\"primaryImageOfPage\":{\"@id\":\"https:\\\/\\\/my-french-grocery.com\\\/it\\\/prodotto\\\/te-nero-earl-grey-twinings\\\/#primaryimage\"},\"image\":{\"@id\":\"https:\\\/\\\/my-french-grocery.com\\\/it\\\/prodotto\\\/te-nero-earl-grey-twinings\\\/#primaryimage\"},\"thumbnailUrl\":\"https:\\\/\\\/my-french-grocery.com\\\/wp-content\\\/uploads\\\/2025\\\/05\\\/TWININGS-Earl-Grey-Black-Tea.webp\",\"datePublished\":\"2025-05-02T16:15:23+00:00\",\"dateModified\":\"2025-05-05T16:41:58+00:00\",\"description\":\"T\u00e8 Nero Earl Grey Twinings - scatola da 25 bustine - Scopri i nostri t\u00e8 e infusi Twinings: ricette intense e deliziose preparate dai nostri Tea Creators!\",\"breadcrumb\":{\"@id\":\"https:\\\/\\\/my-french-grocery.com\\\/it\\\/prodotto\\\/te-nero-earl-grey-twinings\\\/#breadcrumb\"},\"inLanguage\":\"it-IT\",\"potentialAction\":[{\"@type\":\"ReadAction\",\"target\":[\"https:\\\/\\\/my-french-grocery.com\\\/it\\\/prodotto\\\/te-nero-earl-grey-twinings\\\/\"]}]},{\"@type\":\"ImageObject\",\"inLanguage\":\"it-IT\",\"@id\":\"https:\\\/\\\/my-french-grocery.com\\\/it\\\/prodotto\\\/te-nero-earl-grey-twinings\\\/#primaryimage\",\"url\":\"https:\\\/\\\/my-french-grocery.com\\\/wp-content\\\/uploads\\\/2025\\\/05\\\/TWININGS-Earl-Grey-Black-Tea.webp\",\"contentUrl\":\"https:\\\/\\\/my-french-grocery.com\\\/wp-content\\\/uploads\\\/2025\\\/05\\\/TWININGS-Earl-Grey-Black-Tea.webp\",\"width\":1500,\"height\":1500,\"caption\":\"T\u00e8 Nero Earl Grey Twinings\"},{\"@type\":\"BreadcrumbList\",\"@id\":\"https:\\\/\\\/my-french-grocery.com\\\/it\\\/prodotto\\\/te-nero-earl-grey-twinings\\\/#breadcrumb\",\"itemListElement\":[{\"@type\":\"ListItem\",\"position\":1,\"name\":\"Home\",\"item\":\"https:\\\/\\\/my-french-grocery.com\\\/it\\\/negozio\\\/\"},{\"@type\":\"ListItem\",\"position\":2,\"name\":\"Shop\",\"item\":\"https:\\\/\\\/my-french-grocery.com\\\/shop\\\/\"},{\"@type\":\"ListItem\",\"position\":3,\"name\":\"Alimentazione\",\"item\":\"https:\\\/\\\/my-french-grocery.com\\\/it\\\/categoria-prodotto\\\/alimentazione\\\/\"},{\"@type\":\"ListItem\",\"position\":4,\"name\":\"T\u00e8 - Caff\u00e8 - Cioccolato In Polvere\",\"item\":\"https:\\\/\\\/my-french-grocery.com\\\/it\\\/categoria-prodotto\\\/te-caffe-cioccolato-in-polvere\\\/\"},{\"@type\":\"ListItem\",\"position\":5,\"name\":\"T\u00e8\",\"item\":\"https:\\\/\\\/my-french-grocery.com\\\/it\\\/categoria-prodotto\\\/te-caffe-cioccolato-in-polvere\\\/te-it\\\/\"},{\"@type\":\"ListItem\",\"position\":6,\"name\":\"T\u00e8 Nero Earl Grey Twinings\"}]},{\"@type\":\"WebSite\",\"@id\":\"https:\\\/\\\/my-french-grocery.com\\\/it\\\/#website\",\"url\":\"https:\\\/\\\/my-french-grocery.com\\\/it\\\/\",\"name\":\"My French Grocery\",\"description\":\"Your Online French Grocery  !\",\"publisher\":{\"@id\":\"https:\\\/\\\/my-french-grocery.com\\\/it\\\/#organization\"},\"potentialAction\":[{\"@type\":\"SearchAction\",\"target\":{\"@type\":\"EntryPoint\",\"urlTemplate\":\"https:\\\/\\\/my-french-grocery.com\\\/it\\\/?s={search_term_string}\"},\"query-input\":{\"@type\":\"PropertyValueSpecification\",\"valueRequired\":true,\"valueName\":\"search_term_string\"}}],\"inLanguage\":\"it-IT\"},{\"@type\":\"Organization\",\"@id\":\"https:\\\/\\\/my-french-grocery.com\\\/it\\\/#organization\",\"name\":\"MY FRENCH GROCERY\",\"url\":\"https:\\\/\\\/my-french-grocery.com\\\/it\\\/\",\"logo\":{\"@type\":\"ImageObject\",\"inLanguage\":\"it-IT\",\"@id\":\"https:\\\/\\\/my-french-grocery.com\\\/it\\\/#\\\/schema\\\/logo\\\/image\\\/\",\"url\":\"https:\\\/\\\/my-french-grocery.com\\\/wp-content\\\/uploads\\\/2021\\\/11\\\/My-French-Grocery-Online-French-Grocery.png\",\"contentUrl\":\"https:\\\/\\\/my-french-grocery.com\\\/wp-content\\\/uploads\\\/2021\\\/11\\\/My-French-Grocery-Online-French-Grocery.png\",\"width\":100,\"height\":100,\"caption\":\"MY FRENCH GROCERY\"},\"image\":{\"@id\":\"https:\\\/\\\/my-french-grocery.com\\\/it\\\/#\\\/schema\\\/logo\\\/image\\\/\"},\"sameAs\":[\"https:\\\/\\\/www.facebook.com\\\/myfrenchgrocery\\\/\"]}]}<\/script>\n<!-- \/ Yoast SEO plugin. -->","yoast_head_json":{"title":"T\u00e8 Nero Earl Grey Twinings | Acquisti Online | My French Grocery","description":"T\u00e8 Nero Earl Grey Twinings - scatola da 25 bustine - Scopri i nostri t\u00e8 e infusi Twinings: ricette intense e deliziose preparate dai nostri Tea Creators!","robots":{"index":"index","follow":"follow","max-snippet":"max-snippet:-1","max-image-preview":"max-image-preview:large","max-video-preview":"max-video-preview:-1"},"canonical":"https:\/\/my-french-grocery.com\/it\/prodotto\/te-nero-earl-grey-twinings\/","og_locale":"it_IT","og_type":"article","og_title":"T\u00e8 Nero Earl Grey Twinings | Acquisti Online | My French Grocery","og_description":"T\u00e8 Nero Earl Grey Twinings - scatola da 25 bustine - Scopri i nostri t\u00e8 e infusi Twinings: ricette intense e deliziose preparate dai nostri Tea Creators!","og_url":"https:\/\/my-french-grocery.com\/it\/prodotto\/te-nero-earl-grey-twinings\/","og_site_name":"My French Grocery","article_publisher":"https:\/\/www.facebook.com\/myfrenchgrocery\/","article_modified_time":"2025-05-05T16:41:58+00:00","og_image":[{"width":1500,"height":1500,"url":"https:\/\/my-french-grocery.com\/wp-content\/uploads\/2025\/05\/TWININGS-Earl-Grey-Black-Tea.webp","type":"image\/webp"}],"twitter_card":"summary_large_image","twitter_misc":{"Tempo di lettura stimato":"1 minute"},"schema":{"@context":"https:\/\/schema.org","@graph":[{"@type":"WebPage","@id":"https:\/\/my-french-grocery.com\/it\/prodotto\/te-nero-earl-grey-twinings\/","url":"https:\/\/my-french-grocery.com\/it\/prodotto\/te-nero-earl-grey-twinings\/","name":"T\u00e8 Nero Earl Grey Twinings | Acquisti Online | My French Grocery","isPartOf":{"@id":"https:\/\/my-french-grocery.com\/it\/#website"},"primaryImageOfPage":{"@id":"https:\/\/my-french-grocery.com\/it\/prodotto\/te-nero-earl-grey-twinings\/#primaryimage"},"image":{"@id":"https:\/\/my-french-grocery.com\/it\/prodotto\/te-nero-earl-grey-twinings\/#primaryimage"},"thumbnailUrl":"https:\/\/my-french-grocery.com\/wp-content\/uploads\/2025\/05\/TWININGS-Earl-Grey-Black-Tea.webp","datePublished":"2025-05-02T16:15:23+00:00","dateModified":"2025-05-05T16:41:58+00:00","description":"T\u00e8 Nero Earl Grey Twinings - scatola da 25 bustine - Scopri i nostri t\u00e8 e infusi Twinings: ricette intense e deliziose preparate dai nostri Tea Creators!","breadcrumb":{"@id":"https:\/\/my-french-grocery.com\/it\/prodotto\/te-nero-earl-grey-twinings\/#breadcrumb"},"inLanguage":"it-IT","potentialAction":[{"@type":"ReadAction","target":["https:\/\/my-french-grocery.com\/it\/prodotto\/te-nero-earl-grey-twinings\/"]}]},{"@type":"ImageObject","inLanguage":"it-IT","@id":"https:\/\/my-french-grocery.com\/it\/prodotto\/te-nero-earl-grey-twinings\/#primaryimage","url":"https:\/\/my-french-grocery.com\/wp-content\/uploads\/2025\/05\/TWININGS-Earl-Grey-Black-Tea.webp","contentUrl":"https:\/\/my-french-grocery.com\/wp-content\/uploads\/2025\/05\/TWININGS-Earl-Grey-Black-Tea.webp","width":1500,"height":1500,"caption":"T\u00e8 Nero Earl Grey Twinings"},{"@type":"BreadcrumbList","@id":"https:\/\/my-french-grocery.com\/it\/prodotto\/te-nero-earl-grey-twinings\/#breadcrumb","itemListElement":[{"@type":"ListItem","position":1,"name":"Home","item":"https:\/\/my-french-grocery.com\/it\/negozio\/"},{"@type":"ListItem","position":2,"name":"Shop","item":"https:\/\/my-french-grocery.com\/shop\/"},{"@type":"ListItem","position":3,"name":"Alimentazione","item":"https:\/\/my-french-grocery.com\/it\/categoria-prodotto\/alimentazione\/"},{"@type":"ListItem","position":4,"name":"T\u00e8 - Caff\u00e8 - Cioccolato In Polvere","item":"https:\/\/my-french-grocery.com\/it\/categoria-prodotto\/te-caffe-cioccolato-in-polvere\/"},{"@type":"ListItem","position":5,"name":"T\u00e8","item":"https:\/\/my-french-grocery.com\/it\/categoria-prodotto\/te-caffe-cioccolato-in-polvere\/te-it\/"},{"@type":"ListItem","position":6,"name":"T\u00e8 Nero Earl Grey Twinings"}]},{"@type":"WebSite","@id":"https:\/\/my-french-grocery.com\/it\/#website","url":"https:\/\/my-french-grocery.com\/it\/","name":"My French Grocery","description":"Your Online French Grocery  !","publisher":{"@id":"https:\/\/my-french-grocery.com\/it\/#organization"},"potentialAction":[{"@type":"SearchAction","target":{"@type":"EntryPoint","urlTemplate":"https:\/\/my-french-grocery.com\/it\/?s={search_term_string}"},"query-input":{"@type":"PropertyValueSpecification","valueRequired":true,"valueName":"search_term_string"}}],"inLanguage":"it-IT"},{"@type":"Organization","@id":"https:\/\/my-french-grocery.com\/it\/#organization","name":"MY FRENCH GROCERY","url":"https:\/\/my-french-grocery.com\/it\/","logo":{"@type":"ImageObject","inLanguage":"it-IT","@id":"https:\/\/my-french-grocery.com\/it\/#\/schema\/logo\/image\/","url":"https:\/\/my-french-grocery.com\/wp-content\/uploads\/2021\/11\/My-French-Grocery-Online-French-Grocery.png","contentUrl":"https:\/\/my-french-grocery.com\/wp-content\/uploads\/2021\/11\/My-French-Grocery-Online-French-Grocery.png","width":100,"height":100,"caption":"MY FRENCH GROCERY"},"image":{"@id":"https:\/\/my-french-grocery.com\/it\/#\/schema\/logo\/image\/"},"sameAs":["https:\/\/www.facebook.com\/myfrenchgrocery\/"]}]}},"brands":[{"id":4043,"name":"Twinings","slug":"twinings-it"}],"_links":{"self":[{"href":"https:\/\/my-french-grocery.com\/it\/wp-json\/wp\/v2\/product\/48179","targetHints":{"allow":["GET"]}}],"collection":[{"href":"https:\/\/my-french-grocery.com\/it\/wp-json\/wp\/v2\/product"}],"about":[{"href":"https:\/\/my-french-grocery.com\/it\/wp-json\/wp\/v2\/types\/product"}],"replies":[{"embeddable":true,"href":"https:\/\/my-french-grocery.com\/it\/wp-json\/wp\/v2\/comments?post=48179"}],"wp:featuredmedia":[{"embeddable":true,"href":"https:\/\/my-french-grocery.com\/it\/wp-json\/wp\/v2\/media\/48184"}],"wp:attachment":[{"href":"https:\/\/my-french-grocery.com\/it\/wp-json\/wp\/v2\/media?parent=48179"}],"wp:term":[{"taxonomy":"pwb-brand","embeddable":true,"href":"https:\/\/my-french-grocery.com\/it\/wp-json\/wp\/v2\/pwb-brand?post=48179"},{"taxonomy":"product_brand","embeddable":true,"href":"https:\/\/my-french-grocery.com\/it\/wp-json\/wp\/v2\/product_brand?post=48179"},{"taxonomy":"product_cat","embeddable":true,"href":"https:\/\/my-french-grocery.com\/it\/wp-json\/wp\/v2\/product_cat?post=48179"},{"taxonomy":"product_tag","embeddable":true,"href":"https:\/\/my-french-grocery.com\/it\/wp-json\/wp\/v2\/product_tag?post=48179"}],"curies":[{"name":"wp","href":"https:\/\/api.w.org\/{rel}","templated":true}]}}