{"id":49385,"date":"2025-06-24T18:14:53","date_gmt":"2025-06-24T16:14:55","guid":{"rendered":"https:\/\/my-french-grocery.com\/?post_type=product&#038;p=49385"},"modified":"2025-09-01T19:40:47","modified_gmt":"2025-09-01T17:40:47","slug":"biscotto-ripieno-di-cacao-senza-zucchero-gerble","status":"publish","type":"product","link":"https:\/\/my-french-grocery.com\/it\/prodotto\/biscotto-ripieno-di-cacao-senza-zucchero-gerble\/","title":{"rendered":"Biscotto Ripieno Di Cacao Senza Zucchero Gerbl\u00e9"},"content":{"rendered":"<p>Biscotto Ripieno Di Cacao Senza Zucchero Gerbl\u00e9<\/p>\n<p>scatola da 185 g<\/p>\n<div class=\"product-description\">\n<div data-testid=\"product-description-long\">\n<div class=\"ds-body-text ds-body-text--weight-light ds-body-text--size-m\">\n<div id=\"product-description\" class=\"main-details__block product-content\">\n<div class=\"product-content__content c-text c-text--size-s c-text--style-p c-text--spacing-default\">Lasciatevi conquistare da questo originale biscotto ripieno al cacao, che unisce la croccantezza del biscotto alla morbidezza del ripieno al cacao. La nostra ricetta \u00e8 stata studiata per offrirvi una pausa deliziosa e senza zucchero. Con Gerbl\u00e9, mangiare senza zucchero \u00e8 un vero piacere!<\/div>\n<\/div>\n<div id=\"product-ingredients\" class=\"main-details__block product-content\">\n<div class=\"product-content__title\"><\/div>\n<\/div>\n<\/div>\n<\/div>\n<\/div>\n<div id=\"data-recommandation-zone-2\" class=\"secondary-details-cross-sell\">\n<div id=\"data-advertising-undefined\" class=\"advertising-placeholder-recommendation\" data-zone=\"1\"><\/div>\n<\/div>\n","protected":false},"excerpt":{"rendered":"<p>Biscotto Ripieno Di Cacao Senza Zucchero Gerbl\u00e9<\/p>\n<p>scatola da 185 g<\/p>\n<div class=\"product-description\">\n<div data-testid=\"product-description-long\">\n<div class=\"ds-body-text ds-body-text--weight-light ds-body-text--size-m\"><\/div>\n<\/div>\n<\/div>\n<div class=\"product-description\">\n<div data-testid=\"product-description-long\">\n<div class=\"ds-body-text ds-body-text--weight-light ds-body-text--size-m\"><\/div>\n<\/div>\n<\/div>\n<div class=\"product-description\">\n<div data-testid=\"product-description-long\">\n<div class=\"ds-body-text ds-body-text--weight-light ds-body-text--size-m\"><\/div>\n<\/div>\n<\/div>\n<div class=\"product-description\">\n<div data-testid=\"product-description-long\">\n<div class=\"ds-body-text ds-body-text--weight-light ds-body-text--size-m\"><\/div>\n<\/div>\n<\/div>\n","protected":false},"featured_media":49390,"comment_status":"open","ping_status":"closed","template":"","meta":[],"pwb-brand":[3310],"product_brand":[],"product_cat":[2821],"product_tag":[3160,4129],"class_list":{"0":"post-49385","1":"product","2":"type-product","3":"status-publish","4":"has-post-thumbnail","6":"pwb-brand-gerble-it","7":"product_cat-torte-biscotti","8":"product_tag-biscotti","9":"product_tag-gerble-it","10":"product_shipping_class-mondo-spedizioni","12":"first","13":"instock","14":"taxable","15":"shipping-taxable","16":"purchasable","17":"product-type-simple"},"yoast_head":"<!-- This site is optimized with the Yoast SEO plugin v27.4 - https:\/\/yoast.com\/product\/yoast-seo-wordpress\/ -->\n<title>Biscotto Ripieno Di Cacao Senza Zucchero Gerbl\u00e9 | Acquisti Online | My French Grocery<\/title>\n<meta name=\"description\" content=\"Biscotto Ripieno Di Cacao Senza Zucchero Gerbl\u00e9 - scatola da 185 g - Lasciatevi conquistare da questo originale biscotto ripieno al cacao, che unisce la croccantezza del biscotto alla morbidezza del ripieno al cacao.\" \/>\n<meta name=\"robots\" content=\"index, follow, max-snippet:-1, max-image-preview:large, max-video-preview:-1\" \/>\n<link rel=\"canonical\" href=\"https:\/\/my-french-grocery.com\/it\/prodotto\/biscotto-ripieno-di-cacao-senza-zucchero-gerble\/\" \/>\n<meta property=\"og:locale\" content=\"it_IT\" \/>\n<meta property=\"og:type\" content=\"article\" \/>\n<meta property=\"og:title\" content=\"Biscotto Ripieno Di Cacao Senza Zucchero Gerbl\u00e9 | Acquisti Online | My French Grocery\" \/>\n<meta property=\"og:description\" content=\"Biscotto Ripieno Di Cacao Senza Zucchero Gerbl\u00e9 - scatola da 185 g - Lasciatevi conquistare da questo originale biscotto ripieno al cacao, che unisce la croccantezza del biscotto alla morbidezza del ripieno al cacao.\" \/>\n<meta property=\"og:url\" content=\"https:\/\/my-french-grocery.com\/it\/prodotto\/biscotto-ripieno-di-cacao-senza-zucchero-gerble\/\" \/>\n<meta property=\"og:site_name\" content=\"My French Grocery\" \/>\n<meta property=\"article:publisher\" content=\"https:\/\/www.facebook.com\/myfrenchgrocery\/\" \/>\n<meta property=\"article:modified_time\" content=\"2025-09-01T17:40:47+00:00\" \/>\n<meta property=\"og:image\" content=\"https:\/\/my-french-grocery.com\/wp-content\/uploads\/2025\/06\/GERBLE-sugar-free-cocoa-filled-biscuit.webp\" \/>\n\t<meta property=\"og:image:width\" content=\"1500\" \/>\n\t<meta property=\"og:image:height\" content=\"1500\" \/>\n\t<meta property=\"og:image:type\" content=\"image\/webp\" \/>\n<meta name=\"twitter:card\" content=\"summary_large_image\" \/>\n<meta name=\"twitter:label1\" content=\"Tempo di lettura stimato\" \/>\n\t<meta name=\"twitter:data1\" content=\"1 minute\" \/>\n<script type=\"application\/ld+json\" class=\"yoast-schema-graph\">{\"@context\":\"https:\\\/\\\/schema.org\",\"@graph\":[{\"@type\":\"WebPage\",\"@id\":\"https:\\\/\\\/my-french-grocery.com\\\/it\\\/prodotto\\\/biscotto-ripieno-di-cacao-senza-zucchero-gerble\\\/\",\"url\":\"https:\\\/\\\/my-french-grocery.com\\\/it\\\/prodotto\\\/biscotto-ripieno-di-cacao-senza-zucchero-gerble\\\/\",\"name\":\"Biscotto Ripieno Di Cacao Senza Zucchero Gerbl\u00e9 | Acquisti Online | My French Grocery\",\"isPartOf\":{\"@id\":\"https:\\\/\\\/my-french-grocery.com\\\/it\\\/#website\"},\"primaryImageOfPage\":{\"@id\":\"https:\\\/\\\/my-french-grocery.com\\\/it\\\/prodotto\\\/biscotto-ripieno-di-cacao-senza-zucchero-gerble\\\/#primaryimage\"},\"image\":{\"@id\":\"https:\\\/\\\/my-french-grocery.com\\\/it\\\/prodotto\\\/biscotto-ripieno-di-cacao-senza-zucchero-gerble\\\/#primaryimage\"},\"thumbnailUrl\":\"https:\\\/\\\/my-french-grocery.com\\\/wp-content\\\/uploads\\\/2025\\\/06\\\/GERBLE-sugar-free-cocoa-filled-biscuit.webp\",\"datePublished\":\"2025-06-24T16:14:55+00:00\",\"dateModified\":\"2025-09-01T17:40:47+00:00\",\"description\":\"Biscotto Ripieno Di Cacao Senza Zucchero Gerbl\u00e9 - scatola da 185 g - Lasciatevi conquistare da questo originale biscotto ripieno al cacao, che unisce la croccantezza del biscotto alla morbidezza del ripieno al cacao.\",\"breadcrumb\":{\"@id\":\"https:\\\/\\\/my-french-grocery.com\\\/it\\\/prodotto\\\/biscotto-ripieno-di-cacao-senza-zucchero-gerble\\\/#breadcrumb\"},\"inLanguage\":\"it-IT\",\"potentialAction\":[{\"@type\":\"ReadAction\",\"target\":[\"https:\\\/\\\/my-french-grocery.com\\\/it\\\/prodotto\\\/biscotto-ripieno-di-cacao-senza-zucchero-gerble\\\/\"]}]},{\"@type\":\"ImageObject\",\"inLanguage\":\"it-IT\",\"@id\":\"https:\\\/\\\/my-french-grocery.com\\\/it\\\/prodotto\\\/biscotto-ripieno-di-cacao-senza-zucchero-gerble\\\/#primaryimage\",\"url\":\"https:\\\/\\\/my-french-grocery.com\\\/wp-content\\\/uploads\\\/2025\\\/06\\\/GERBLE-sugar-free-cocoa-filled-biscuit.webp\",\"contentUrl\":\"https:\\\/\\\/my-french-grocery.com\\\/wp-content\\\/uploads\\\/2025\\\/06\\\/GERBLE-sugar-free-cocoa-filled-biscuit.webp\",\"width\":1500,\"height\":1500,\"caption\":\"Biscotto Ripieno Di Cacao Senza Zucchero Gerbl\u00e9\"},{\"@type\":\"BreadcrumbList\",\"@id\":\"https:\\\/\\\/my-french-grocery.com\\\/it\\\/prodotto\\\/biscotto-ripieno-di-cacao-senza-zucchero-gerble\\\/#breadcrumb\",\"itemListElement\":[{\"@type\":\"ListItem\",\"position\":1,\"name\":\"Home\",\"item\":\"https:\\\/\\\/my-french-grocery.com\\\/it\\\/negozio\\\/\"},{\"@type\":\"ListItem\",\"position\":2,\"name\":\"Shop\",\"item\":\"https:\\\/\\\/my-french-grocery.com\\\/shop\\\/\"},{\"@type\":\"ListItem\",\"position\":3,\"name\":\"Alimentazione\",\"item\":\"https:\\\/\\\/my-french-grocery.com\\\/it\\\/categoria-prodotto\\\/alimentazione\\\/\"},{\"@type\":\"ListItem\",\"position\":4,\"name\":\"Torte &amp; Biscotti\",\"item\":\"https:\\\/\\\/my-french-grocery.com\\\/it\\\/categoria-prodotto\\\/torte-biscotti\\\/\"},{\"@type\":\"ListItem\",\"position\":5,\"name\":\"Biscotto Ripieno Di Cacao Senza Zucchero Gerbl\u00e9\"}]},{\"@type\":\"WebSite\",\"@id\":\"https:\\\/\\\/my-french-grocery.com\\\/it\\\/#website\",\"url\":\"https:\\\/\\\/my-french-grocery.com\\\/it\\\/\",\"name\":\"My French Grocery\",\"description\":\"Your Online French Grocery  !\",\"publisher\":{\"@id\":\"https:\\\/\\\/my-french-grocery.com\\\/it\\\/#organization\"},\"potentialAction\":[{\"@type\":\"SearchAction\",\"target\":{\"@type\":\"EntryPoint\",\"urlTemplate\":\"https:\\\/\\\/my-french-grocery.com\\\/it\\\/?s={search_term_string}\"},\"query-input\":{\"@type\":\"PropertyValueSpecification\",\"valueRequired\":true,\"valueName\":\"search_term_string\"}}],\"inLanguage\":\"it-IT\"},{\"@type\":\"Organization\",\"@id\":\"https:\\\/\\\/my-french-grocery.com\\\/it\\\/#organization\",\"name\":\"MY FRENCH GROCERY\",\"url\":\"https:\\\/\\\/my-french-grocery.com\\\/it\\\/\",\"logo\":{\"@type\":\"ImageObject\",\"inLanguage\":\"it-IT\",\"@id\":\"https:\\\/\\\/my-french-grocery.com\\\/it\\\/#\\\/schema\\\/logo\\\/image\\\/\",\"url\":\"https:\\\/\\\/my-french-grocery.com\\\/wp-content\\\/uploads\\\/2021\\\/11\\\/My-French-Grocery-Online-French-Grocery.png\",\"contentUrl\":\"https:\\\/\\\/my-french-grocery.com\\\/wp-content\\\/uploads\\\/2021\\\/11\\\/My-French-Grocery-Online-French-Grocery.png\",\"width\":100,\"height\":100,\"caption\":\"MY FRENCH GROCERY\"},\"image\":{\"@id\":\"https:\\\/\\\/my-french-grocery.com\\\/it\\\/#\\\/schema\\\/logo\\\/image\\\/\"},\"sameAs\":[\"https:\\\/\\\/www.facebook.com\\\/myfrenchgrocery\\\/\"]}]}<\/script>\n<!-- \/ Yoast SEO plugin. -->","yoast_head_json":{"title":"Biscotto Ripieno Di Cacao Senza Zucchero Gerbl\u00e9 | Acquisti Online | My French Grocery","description":"Biscotto Ripieno Di Cacao Senza Zucchero Gerbl\u00e9 - scatola da 185 g - Lasciatevi conquistare da questo originale biscotto ripieno al cacao, che unisce la croccantezza del biscotto alla morbidezza del ripieno al cacao.","robots":{"index":"index","follow":"follow","max-snippet":"max-snippet:-1","max-image-preview":"max-image-preview:large","max-video-preview":"max-video-preview:-1"},"canonical":"https:\/\/my-french-grocery.com\/it\/prodotto\/biscotto-ripieno-di-cacao-senza-zucchero-gerble\/","og_locale":"it_IT","og_type":"article","og_title":"Biscotto Ripieno Di Cacao Senza Zucchero Gerbl\u00e9 | Acquisti Online | My French Grocery","og_description":"Biscotto Ripieno Di Cacao Senza Zucchero Gerbl\u00e9 - scatola da 185 g - Lasciatevi conquistare da questo originale biscotto ripieno al cacao, che unisce la croccantezza del biscotto alla morbidezza del ripieno al cacao.","og_url":"https:\/\/my-french-grocery.com\/it\/prodotto\/biscotto-ripieno-di-cacao-senza-zucchero-gerble\/","og_site_name":"My French Grocery","article_publisher":"https:\/\/www.facebook.com\/myfrenchgrocery\/","article_modified_time":"2025-09-01T17:40:47+00:00","og_image":[{"width":1500,"height":1500,"url":"https:\/\/my-french-grocery.com\/wp-content\/uploads\/2025\/06\/GERBLE-sugar-free-cocoa-filled-biscuit.webp","type":"image\/webp"}],"twitter_card":"summary_large_image","twitter_misc":{"Tempo di lettura stimato":"1 minute"},"schema":{"@context":"https:\/\/schema.org","@graph":[{"@type":"WebPage","@id":"https:\/\/my-french-grocery.com\/it\/prodotto\/biscotto-ripieno-di-cacao-senza-zucchero-gerble\/","url":"https:\/\/my-french-grocery.com\/it\/prodotto\/biscotto-ripieno-di-cacao-senza-zucchero-gerble\/","name":"Biscotto Ripieno Di Cacao Senza Zucchero Gerbl\u00e9 | Acquisti Online | My French Grocery","isPartOf":{"@id":"https:\/\/my-french-grocery.com\/it\/#website"},"primaryImageOfPage":{"@id":"https:\/\/my-french-grocery.com\/it\/prodotto\/biscotto-ripieno-di-cacao-senza-zucchero-gerble\/#primaryimage"},"image":{"@id":"https:\/\/my-french-grocery.com\/it\/prodotto\/biscotto-ripieno-di-cacao-senza-zucchero-gerble\/#primaryimage"},"thumbnailUrl":"https:\/\/my-french-grocery.com\/wp-content\/uploads\/2025\/06\/GERBLE-sugar-free-cocoa-filled-biscuit.webp","datePublished":"2025-06-24T16:14:55+00:00","dateModified":"2025-09-01T17:40:47+00:00","description":"Biscotto Ripieno Di Cacao Senza Zucchero Gerbl\u00e9 - scatola da 185 g - Lasciatevi conquistare da questo originale biscotto ripieno al cacao, che unisce la croccantezza del biscotto alla morbidezza del ripieno al cacao.","breadcrumb":{"@id":"https:\/\/my-french-grocery.com\/it\/prodotto\/biscotto-ripieno-di-cacao-senza-zucchero-gerble\/#breadcrumb"},"inLanguage":"it-IT","potentialAction":[{"@type":"ReadAction","target":["https:\/\/my-french-grocery.com\/it\/prodotto\/biscotto-ripieno-di-cacao-senza-zucchero-gerble\/"]}]},{"@type":"ImageObject","inLanguage":"it-IT","@id":"https:\/\/my-french-grocery.com\/it\/prodotto\/biscotto-ripieno-di-cacao-senza-zucchero-gerble\/#primaryimage","url":"https:\/\/my-french-grocery.com\/wp-content\/uploads\/2025\/06\/GERBLE-sugar-free-cocoa-filled-biscuit.webp","contentUrl":"https:\/\/my-french-grocery.com\/wp-content\/uploads\/2025\/06\/GERBLE-sugar-free-cocoa-filled-biscuit.webp","width":1500,"height":1500,"caption":"Biscotto Ripieno Di Cacao Senza Zucchero Gerbl\u00e9"},{"@type":"BreadcrumbList","@id":"https:\/\/my-french-grocery.com\/it\/prodotto\/biscotto-ripieno-di-cacao-senza-zucchero-gerble\/#breadcrumb","itemListElement":[{"@type":"ListItem","position":1,"name":"Home","item":"https:\/\/my-french-grocery.com\/it\/negozio\/"},{"@type":"ListItem","position":2,"name":"Shop","item":"https:\/\/my-french-grocery.com\/shop\/"},{"@type":"ListItem","position":3,"name":"Alimentazione","item":"https:\/\/my-french-grocery.com\/it\/categoria-prodotto\/alimentazione\/"},{"@type":"ListItem","position":4,"name":"Torte &amp; Biscotti","item":"https:\/\/my-french-grocery.com\/it\/categoria-prodotto\/torte-biscotti\/"},{"@type":"ListItem","position":5,"name":"Biscotto Ripieno Di Cacao Senza Zucchero Gerbl\u00e9"}]},{"@type":"WebSite","@id":"https:\/\/my-french-grocery.com\/it\/#website","url":"https:\/\/my-french-grocery.com\/it\/","name":"My French Grocery","description":"Your Online French Grocery  !","publisher":{"@id":"https:\/\/my-french-grocery.com\/it\/#organization"},"potentialAction":[{"@type":"SearchAction","target":{"@type":"EntryPoint","urlTemplate":"https:\/\/my-french-grocery.com\/it\/?s={search_term_string}"},"query-input":{"@type":"PropertyValueSpecification","valueRequired":true,"valueName":"search_term_string"}}],"inLanguage":"it-IT"},{"@type":"Organization","@id":"https:\/\/my-french-grocery.com\/it\/#organization","name":"MY FRENCH GROCERY","url":"https:\/\/my-french-grocery.com\/it\/","logo":{"@type":"ImageObject","inLanguage":"it-IT","@id":"https:\/\/my-french-grocery.com\/it\/#\/schema\/logo\/image\/","url":"https:\/\/my-french-grocery.com\/wp-content\/uploads\/2021\/11\/My-French-Grocery-Online-French-Grocery.png","contentUrl":"https:\/\/my-french-grocery.com\/wp-content\/uploads\/2021\/11\/My-French-Grocery-Online-French-Grocery.png","width":100,"height":100,"caption":"MY FRENCH GROCERY"},"image":{"@id":"https:\/\/my-french-grocery.com\/it\/#\/schema\/logo\/image\/"},"sameAs":["https:\/\/www.facebook.com\/myfrenchgrocery\/"]}]}},"brands":[{"id":3310,"name":"Gerbl\u00e9","slug":"gerble-it"}],"_links":{"self":[{"href":"https:\/\/my-french-grocery.com\/it\/wp-json\/wp\/v2\/product\/49385","targetHints":{"allow":["GET"]}}],"collection":[{"href":"https:\/\/my-french-grocery.com\/it\/wp-json\/wp\/v2\/product"}],"about":[{"href":"https:\/\/my-french-grocery.com\/it\/wp-json\/wp\/v2\/types\/product"}],"replies":[{"embeddable":true,"href":"https:\/\/my-french-grocery.com\/it\/wp-json\/wp\/v2\/comments?post=49385"}],"wp:featuredmedia":[{"embeddable":true,"href":"https:\/\/my-french-grocery.com\/it\/wp-json\/wp\/v2\/media\/49390"}],"wp:attachment":[{"href":"https:\/\/my-french-grocery.com\/it\/wp-json\/wp\/v2\/media?parent=49385"}],"wp:term":[{"taxonomy":"pwb-brand","embeddable":true,"href":"https:\/\/my-french-grocery.com\/it\/wp-json\/wp\/v2\/pwb-brand?post=49385"},{"taxonomy":"product_brand","embeddable":true,"href":"https:\/\/my-french-grocery.com\/it\/wp-json\/wp\/v2\/product_brand?post=49385"},{"taxonomy":"product_cat","embeddable":true,"href":"https:\/\/my-french-grocery.com\/it\/wp-json\/wp\/v2\/product_cat?post=49385"},{"taxonomy":"product_tag","embeddable":true,"href":"https:\/\/my-french-grocery.com\/it\/wp-json\/wp\/v2\/product_tag?post=49385"}],"curies":[{"name":"wp","href":"https:\/\/api.w.org\/{rel}","templated":true}]}}