{"id":51287,"date":"2023-07-01T12:59:57","date_gmt":"2023-07-01T10:59:57","guid":{"rendered":"https:\/\/my-french-grocery.com\/?post_type=product&#038;p=51287"},"modified":"2025-10-30T20:50:20","modified_gmt":"2025-10-30T18:50:20","slug":"salsa-algerina-carrefour-sensation","status":"publish","type":"product","link":"https:\/\/my-french-grocery.com\/it\/prodotto\/salsa-algerina-carrefour-sensation\/","title":{"rendered":"Salsa Algerina Carrefour Sensation"},"content":{"rendered":"<p>Salsa Algerina Carrefour Sensation<\/p>\n<div class=\"pdp-card__header--text\"><span class=\"ds-body-text ds-body-text--weight-bold ds-body-text--size-m ds-body-text--color-standard-2\">Flacone da 505 gr<\/span><\/div>\n<div class=\"main-details--food__shoppinglist\"><\/div>\n<div>Deliziosamente piccante, arricchito da cipolle finemente tritate e delicatamente dolce, accompagner\u00e0 tutti i vostri piatti (patatine fritte, hamburger, carni alla griglia, ecc.) e dar\u00e0 un tocco di originalit\u00e0 alle vostre preparazioni culinarie.<\/div>\n","protected":false},"excerpt":{"rendered":"<p>Salsa Algerina Carrefour Sensation<\/p>\n<div class=\"pdp-card__header--text\"><span class=\"ds-body-text ds-body-text--weight-bold ds-body-text--size-m ds-body-text--color-standard-2\">Flacone da 505 gr<\/span><\/div>\n","protected":false},"featured_media":51292,"comment_status":"open","ping_status":"closed","template":"","meta":[],"pwb-brand":[3350],"product_brand":[],"product_cat":[2818],"product_tag":[4185,4186,3084],"class_list":{"0":"post-51287","1":"product","2":"type-product","3":"status-publish","4":"has-post-thumbnail","6":"pwb-brand-carrefour-it","7":"product_cat-salse","8":"product_tag-algerina","9":"product_tag-carrefour","10":"product_tag-salse","11":"product_shipping_class-mondo-spedizioni","13":"first","14":"instock","15":"taxable","16":"shipping-taxable","17":"purchasable","18":"product-type-simple"},"brands":[{"id":3350,"name":"Carrefour","slug":"carrefour-it"}],"_links":{"self":[{"href":"https:\/\/my-french-grocery.com\/it\/wp-json\/wp\/v2\/product\/51287","targetHints":{"allow":["GET"]}}],"collection":[{"href":"https:\/\/my-french-grocery.com\/it\/wp-json\/wp\/v2\/product"}],"about":[{"href":"https:\/\/my-french-grocery.com\/it\/wp-json\/wp\/v2\/types\/product"}],"replies":[{"embeddable":true,"href":"https:\/\/my-french-grocery.com\/it\/wp-json\/wp\/v2\/comments?post=51287"}],"wp:featuredmedia":[{"embeddable":true,"href":"https:\/\/my-french-grocery.com\/it\/wp-json\/wp\/v2\/media\/51292"}],"wp:attachment":[{"href":"https:\/\/my-french-grocery.com\/it\/wp-json\/wp\/v2\/media?parent=51287"}],"wp:term":[{"taxonomy":"pwb-brand","embeddable":true,"href":"https:\/\/my-french-grocery.com\/it\/wp-json\/wp\/v2\/pwb-brand?post=51287"},{"taxonomy":"product_brand","embeddable":true,"href":"https:\/\/my-french-grocery.com\/it\/wp-json\/wp\/v2\/product_brand?post=51287"},{"taxonomy":"product_cat","embeddable":true,"href":"https:\/\/my-french-grocery.com\/it\/wp-json\/wp\/v2\/product_cat?post=51287"},{"taxonomy":"product_tag","embeddable":true,"href":"https:\/\/my-french-grocery.com\/it\/wp-json\/wp\/v2\/product_tag?post=51287"}],"curies":[{"name":"wp","href":"https:\/\/api.w.org\/{rel}","templated":true}]}}