{"id":52986,"date":"2026-03-12T20:59:25","date_gmt":"2026-03-12T18:59:25","guid":{"rendered":"https:\/\/my-french-grocery.com\/?post_type=product&#038;p=52986"},"modified":"2026-03-12T21:11:28","modified_gmt":"2026-03-12T19:11:28","slug":"deodorant-bille-dry-comfort-nivea-copy","status":"publish","type":"product","link":"https:\/\/my-french-grocery.com\/it\/prodotto\/deodorant-bille-dry-comfort-nivea-copy\/","title":{"rendered":"Deodorante Stick Antitraspirante &#8220;Confidence&#8221; Rexona"},"content":{"rendered":"<p>Deodorante Stick Antitraspirante &#8220;Confidence&#8221; Rexona<\/p>\n<p><span class=\"pl-text pl-text--size-m pl-text--style-p pl-text--bold\">Rotolo da 45 ml<\/span><\/p>\n<div class=\"pl-rating\">\n<div class=\"pl-rating__content\">Quando sei sicura di te, niente pu\u00f2 fermarti. Dal compito pi\u00f9 piccolo alla sfida pi\u00f9 grande, puoi fare tutto. Una presentazione stressante? Facile! Un appuntamento? Mantieni la calma. Sii sicura di te giorno dopo giorno con il deodorante REXONA Maximum Protection Confidence per donna.<\/div>\n<\/div>\n","protected":false},"excerpt":{"rendered":"<p>Deodorante Stick Antitraspirante &#8220;Confidence&#8221; Rexona<\/p>\n<p><span class=\"pl-text pl-text--size-m pl-text--style-p pl-text--bold\">Rotolo da 45 ml<\/span><\/p>\n<div class=\"pl-rating\">\n<div class=\"pl-rating__content\"><\/div>\n<\/div>\n","protected":false},"featured_media":52991,"comment_status":"open","ping_status":"closed","template":"","meta":[],"pwb-brand":[4221],"product_brand":[],"product_cat":[3210],"product_tag":[3211,4220],"class_list":{"0":"post-52986","1":"product","2":"type-product","3":"status-publish","4":"has-post-thumbnail","6":"pwb-brand-rexona","7":"product_cat-deodoranti-antitraspiranti","8":"product_tag-deodorante","9":"product_tag-rexona","10":"product_shipping_class-mondo-spedizioni","12":"first","13":"instock","14":"taxable","15":"shipping-taxable","16":"purchasable","17":"product-type-simple"},"yoast_head":"<!-- This site is optimized with the Yoast SEO plugin v27.3 - https:\/\/yoast.com\/product\/yoast-seo-wordpress\/ -->\n<title>Deodorante Stick Antitraspirante &quot;Confidence&quot; Rexona | Acquisti Online | My French Grocery<\/title>\n<meta name=\"description\" content=\"Deodorante Stick Antitraspirante &quot;Confidence&quot; Rexona - Rotolo da 45 ml - Quando sei sicura di te, niente pu\u00f2 fermarti.\" \/>\n<meta name=\"robots\" content=\"index, follow, max-snippet:-1, max-image-preview:large, max-video-preview:-1\" \/>\n<link rel=\"canonical\" href=\"https:\/\/my-french-grocery.com\/it\/prodotto\/deodorant-bille-dry-comfort-nivea-copy\/\" \/>\n<meta property=\"og:locale\" content=\"it_IT\" \/>\n<meta property=\"og:type\" content=\"article\" \/>\n<meta property=\"og:title\" content=\"Deodorante Stick Antitraspirante &quot;Confidence&quot; Rexona | Acquisti Online | My French Grocery\" \/>\n<meta property=\"og:description\" content=\"Deodorante Stick Antitraspirante &quot;Confidence&quot; Rexona - Rotolo da 45 ml - Quando sei sicura di te, niente pu\u00f2 fermarti.\" \/>\n<meta property=\"og:url\" content=\"https:\/\/my-french-grocery.com\/it\/prodotto\/deodorant-bille-dry-comfort-nivea-copy\/\" \/>\n<meta property=\"og:site_name\" content=\"My French Grocery\" \/>\n<meta property=\"article:publisher\" content=\"https:\/\/www.facebook.com\/myfrenchgrocery\/\" \/>\n<meta property=\"article:modified_time\" content=\"2026-03-12T19:11:28+00:00\" \/>\n<meta property=\"og:image\" content=\"https:\/\/my-french-grocery.com\/wp-content\/uploads\/2026\/03\/REXONA-Confidence-96h-Antiperspirant-Deodorant-Stick.webp\" \/>\n\t<meta property=\"og:image:width\" content=\"1500\" \/>\n\t<meta property=\"og:image:height\" content=\"1500\" \/>\n\t<meta property=\"og:image:type\" content=\"image\/webp\" \/>\n<meta name=\"twitter:card\" content=\"summary_large_image\" \/>\n<script type=\"application\/ld+json\" class=\"yoast-schema-graph\">{\"@context\":\"https:\\\/\\\/schema.org\",\"@graph\":[{\"@type\":\"WebPage\",\"@id\":\"https:\\\/\\\/my-french-grocery.com\\\/it\\\/prodotto\\\/deodorant-bille-dry-comfort-nivea-copy\\\/\",\"url\":\"https:\\\/\\\/my-french-grocery.com\\\/it\\\/prodotto\\\/deodorant-bille-dry-comfort-nivea-copy\\\/\",\"name\":\"Deodorante Stick Antitraspirante \\\"Confidence\\\" Rexona | Acquisti Online | My French Grocery\",\"isPartOf\":{\"@id\":\"https:\\\/\\\/my-french-grocery.com\\\/it\\\/#website\"},\"primaryImageOfPage\":{\"@id\":\"https:\\\/\\\/my-french-grocery.com\\\/it\\\/prodotto\\\/deodorant-bille-dry-comfort-nivea-copy\\\/#primaryimage\"},\"image\":{\"@id\":\"https:\\\/\\\/my-french-grocery.com\\\/it\\\/prodotto\\\/deodorant-bille-dry-comfort-nivea-copy\\\/#primaryimage\"},\"thumbnailUrl\":\"https:\\\/\\\/my-french-grocery.com\\\/wp-content\\\/uploads\\\/2026\\\/03\\\/REXONA-Confidence-96h-Antiperspirant-Deodorant-Stick.webp\",\"datePublished\":\"2026-03-12T18:59:25+00:00\",\"dateModified\":\"2026-03-12T19:11:28+00:00\",\"description\":\"Deodorante Stick Antitraspirante \\\"Confidence\\\" Rexona - Rotolo da 45 ml - Quando sei sicura di te, niente pu\u00f2 fermarti.\",\"breadcrumb\":{\"@id\":\"https:\\\/\\\/my-french-grocery.com\\\/it\\\/prodotto\\\/deodorant-bille-dry-comfort-nivea-copy\\\/#breadcrumb\"},\"inLanguage\":\"it-IT\",\"potentialAction\":[{\"@type\":\"ReadAction\",\"target\":[\"https:\\\/\\\/my-french-grocery.com\\\/it\\\/prodotto\\\/deodorant-bille-dry-comfort-nivea-copy\\\/\"]}]},{\"@type\":\"ImageObject\",\"inLanguage\":\"it-IT\",\"@id\":\"https:\\\/\\\/my-french-grocery.com\\\/it\\\/prodotto\\\/deodorant-bille-dry-comfort-nivea-copy\\\/#primaryimage\",\"url\":\"https:\\\/\\\/my-french-grocery.com\\\/wp-content\\\/uploads\\\/2026\\\/03\\\/REXONA-Confidence-96h-Antiperspirant-Deodorant-Stick.webp\",\"contentUrl\":\"https:\\\/\\\/my-french-grocery.com\\\/wp-content\\\/uploads\\\/2026\\\/03\\\/REXONA-Confidence-96h-Antiperspirant-Deodorant-Stick.webp\",\"width\":1500,\"height\":1500,\"caption\":\"Deodorante Stick Antitraspirante \\\"Confidence\\\" Rexon\"},{\"@type\":\"BreadcrumbList\",\"@id\":\"https:\\\/\\\/my-french-grocery.com\\\/it\\\/prodotto\\\/deodorant-bille-dry-comfort-nivea-copy\\\/#breadcrumb\",\"itemListElement\":[{\"@type\":\"ListItem\",\"position\":1,\"name\":\"Home\",\"item\":\"https:\\\/\\\/my-french-grocery.com\\\/it\\\/negozio\\\/\"},{\"@type\":\"ListItem\",\"position\":2,\"name\":\"Shop\",\"item\":\"https:\\\/\\\/my-french-grocery.com\\\/shop\\\/\"},{\"@type\":\"ListItem\",\"position\":3,\"name\":\"Cosmetici\",\"item\":\"https:\\\/\\\/my-french-grocery.com\\\/it\\\/categoria-prodotto\\\/cosmetici\\\/\"},{\"@type\":\"ListItem\",\"position\":4,\"name\":\"Deodoranti &amp; Antitraspiranti\",\"item\":\"https:\\\/\\\/my-french-grocery.com\\\/it\\\/categoria-prodotto\\\/deodoranti-antitraspiranti\\\/\"},{\"@type\":\"ListItem\",\"position\":5,\"name\":\"Deodorante Stick Antitraspirante &#8220;Confidence&#8221; Rexona\"}]},{\"@type\":\"WebSite\",\"@id\":\"https:\\\/\\\/my-french-grocery.com\\\/it\\\/#website\",\"url\":\"https:\\\/\\\/my-french-grocery.com\\\/it\\\/\",\"name\":\"My French Grocery\",\"description\":\"Your Online French Grocery  !\",\"publisher\":{\"@id\":\"https:\\\/\\\/my-french-grocery.com\\\/it\\\/#organization\"},\"potentialAction\":[{\"@type\":\"SearchAction\",\"target\":{\"@type\":\"EntryPoint\",\"urlTemplate\":\"https:\\\/\\\/my-french-grocery.com\\\/it\\\/?s={search_term_string}\"},\"query-input\":{\"@type\":\"PropertyValueSpecification\",\"valueRequired\":true,\"valueName\":\"search_term_string\"}}],\"inLanguage\":\"it-IT\"},{\"@type\":\"Organization\",\"@id\":\"https:\\\/\\\/my-french-grocery.com\\\/it\\\/#organization\",\"name\":\"MY FRENCH GROCERY\",\"url\":\"https:\\\/\\\/my-french-grocery.com\\\/it\\\/\",\"logo\":{\"@type\":\"ImageObject\",\"inLanguage\":\"it-IT\",\"@id\":\"https:\\\/\\\/my-french-grocery.com\\\/it\\\/#\\\/schema\\\/logo\\\/image\\\/\",\"url\":\"https:\\\/\\\/my-french-grocery.com\\\/wp-content\\\/uploads\\\/2021\\\/11\\\/My-French-Grocery-Online-French-Grocery.png\",\"contentUrl\":\"https:\\\/\\\/my-french-grocery.com\\\/wp-content\\\/uploads\\\/2021\\\/11\\\/My-French-Grocery-Online-French-Grocery.png\",\"width\":100,\"height\":100,\"caption\":\"MY FRENCH GROCERY\"},\"image\":{\"@id\":\"https:\\\/\\\/my-french-grocery.com\\\/it\\\/#\\\/schema\\\/logo\\\/image\\\/\"},\"sameAs\":[\"https:\\\/\\\/www.facebook.com\\\/myfrenchgrocery\\\/\"]}]}<\/script>\n<!-- \/ Yoast SEO plugin. -->","yoast_head_json":{"title":"Deodorante Stick Antitraspirante \"Confidence\" Rexona | Acquisti Online | My French Grocery","description":"Deodorante Stick Antitraspirante \"Confidence\" Rexona - Rotolo da 45 ml - Quando sei sicura di te, niente pu\u00f2 fermarti.","robots":{"index":"index","follow":"follow","max-snippet":"max-snippet:-1","max-image-preview":"max-image-preview:large","max-video-preview":"max-video-preview:-1"},"canonical":"https:\/\/my-french-grocery.com\/it\/prodotto\/deodorant-bille-dry-comfort-nivea-copy\/","og_locale":"it_IT","og_type":"article","og_title":"Deodorante Stick Antitraspirante \"Confidence\" Rexona | Acquisti Online | My French Grocery","og_description":"Deodorante Stick Antitraspirante \"Confidence\" Rexona - Rotolo da 45 ml - Quando sei sicura di te, niente pu\u00f2 fermarti.","og_url":"https:\/\/my-french-grocery.com\/it\/prodotto\/deodorant-bille-dry-comfort-nivea-copy\/","og_site_name":"My French Grocery","article_publisher":"https:\/\/www.facebook.com\/myfrenchgrocery\/","article_modified_time":"2026-03-12T19:11:28+00:00","og_image":[{"width":1500,"height":1500,"url":"https:\/\/my-french-grocery.com\/wp-content\/uploads\/2026\/03\/REXONA-Confidence-96h-Antiperspirant-Deodorant-Stick.webp","type":"image\/webp"}],"twitter_card":"summary_large_image","schema":{"@context":"https:\/\/schema.org","@graph":[{"@type":"WebPage","@id":"https:\/\/my-french-grocery.com\/it\/prodotto\/deodorant-bille-dry-comfort-nivea-copy\/","url":"https:\/\/my-french-grocery.com\/it\/prodotto\/deodorant-bille-dry-comfort-nivea-copy\/","name":"Deodorante Stick Antitraspirante \"Confidence\" Rexona | Acquisti Online | My French Grocery","isPartOf":{"@id":"https:\/\/my-french-grocery.com\/it\/#website"},"primaryImageOfPage":{"@id":"https:\/\/my-french-grocery.com\/it\/prodotto\/deodorant-bille-dry-comfort-nivea-copy\/#primaryimage"},"image":{"@id":"https:\/\/my-french-grocery.com\/it\/prodotto\/deodorant-bille-dry-comfort-nivea-copy\/#primaryimage"},"thumbnailUrl":"https:\/\/my-french-grocery.com\/wp-content\/uploads\/2026\/03\/REXONA-Confidence-96h-Antiperspirant-Deodorant-Stick.webp","datePublished":"2026-03-12T18:59:25+00:00","dateModified":"2026-03-12T19:11:28+00:00","description":"Deodorante Stick Antitraspirante \"Confidence\" Rexona - Rotolo da 45 ml - Quando sei sicura di te, niente pu\u00f2 fermarti.","breadcrumb":{"@id":"https:\/\/my-french-grocery.com\/it\/prodotto\/deodorant-bille-dry-comfort-nivea-copy\/#breadcrumb"},"inLanguage":"it-IT","potentialAction":[{"@type":"ReadAction","target":["https:\/\/my-french-grocery.com\/it\/prodotto\/deodorant-bille-dry-comfort-nivea-copy\/"]}]},{"@type":"ImageObject","inLanguage":"it-IT","@id":"https:\/\/my-french-grocery.com\/it\/prodotto\/deodorant-bille-dry-comfort-nivea-copy\/#primaryimage","url":"https:\/\/my-french-grocery.com\/wp-content\/uploads\/2026\/03\/REXONA-Confidence-96h-Antiperspirant-Deodorant-Stick.webp","contentUrl":"https:\/\/my-french-grocery.com\/wp-content\/uploads\/2026\/03\/REXONA-Confidence-96h-Antiperspirant-Deodorant-Stick.webp","width":1500,"height":1500,"caption":"Deodorante Stick Antitraspirante \"Confidence\" Rexon"},{"@type":"BreadcrumbList","@id":"https:\/\/my-french-grocery.com\/it\/prodotto\/deodorant-bille-dry-comfort-nivea-copy\/#breadcrumb","itemListElement":[{"@type":"ListItem","position":1,"name":"Home","item":"https:\/\/my-french-grocery.com\/it\/negozio\/"},{"@type":"ListItem","position":2,"name":"Shop","item":"https:\/\/my-french-grocery.com\/shop\/"},{"@type":"ListItem","position":3,"name":"Cosmetici","item":"https:\/\/my-french-grocery.com\/it\/categoria-prodotto\/cosmetici\/"},{"@type":"ListItem","position":4,"name":"Deodoranti &amp; Antitraspiranti","item":"https:\/\/my-french-grocery.com\/it\/categoria-prodotto\/deodoranti-antitraspiranti\/"},{"@type":"ListItem","position":5,"name":"Deodorante Stick Antitraspirante &#8220;Confidence&#8221; Rexona"}]},{"@type":"WebSite","@id":"https:\/\/my-french-grocery.com\/it\/#website","url":"https:\/\/my-french-grocery.com\/it\/","name":"My French Grocery","description":"Your Online French Grocery  !","publisher":{"@id":"https:\/\/my-french-grocery.com\/it\/#organization"},"potentialAction":[{"@type":"SearchAction","target":{"@type":"EntryPoint","urlTemplate":"https:\/\/my-french-grocery.com\/it\/?s={search_term_string}"},"query-input":{"@type":"PropertyValueSpecification","valueRequired":true,"valueName":"search_term_string"}}],"inLanguage":"it-IT"},{"@type":"Organization","@id":"https:\/\/my-french-grocery.com\/it\/#organization","name":"MY FRENCH GROCERY","url":"https:\/\/my-french-grocery.com\/it\/","logo":{"@type":"ImageObject","inLanguage":"it-IT","@id":"https:\/\/my-french-grocery.com\/it\/#\/schema\/logo\/image\/","url":"https:\/\/my-french-grocery.com\/wp-content\/uploads\/2021\/11\/My-French-Grocery-Online-French-Grocery.png","contentUrl":"https:\/\/my-french-grocery.com\/wp-content\/uploads\/2021\/11\/My-French-Grocery-Online-French-Grocery.png","width":100,"height":100,"caption":"MY FRENCH GROCERY"},"image":{"@id":"https:\/\/my-french-grocery.com\/it\/#\/schema\/logo\/image\/"},"sameAs":["https:\/\/www.facebook.com\/myfrenchgrocery\/"]}]}},"brands":[{"id":4221,"name":"Rexona","slug":"rexona"}],"_links":{"self":[{"href":"https:\/\/my-french-grocery.com\/it\/wp-json\/wp\/v2\/product\/52986","targetHints":{"allow":["GET"]}}],"collection":[{"href":"https:\/\/my-french-grocery.com\/it\/wp-json\/wp\/v2\/product"}],"about":[{"href":"https:\/\/my-french-grocery.com\/it\/wp-json\/wp\/v2\/types\/product"}],"replies":[{"embeddable":true,"href":"https:\/\/my-french-grocery.com\/it\/wp-json\/wp\/v2\/comments?post=52986"}],"wp:featuredmedia":[{"embeddable":true,"href":"https:\/\/my-french-grocery.com\/it\/wp-json\/wp\/v2\/media\/52991"}],"wp:attachment":[{"href":"https:\/\/my-french-grocery.com\/it\/wp-json\/wp\/v2\/media?parent=52986"}],"wp:term":[{"taxonomy":"pwb-brand","embeddable":true,"href":"https:\/\/my-french-grocery.com\/it\/wp-json\/wp\/v2\/pwb-brand?post=52986"},{"taxonomy":"product_brand","embeddable":true,"href":"https:\/\/my-french-grocery.com\/it\/wp-json\/wp\/v2\/product_brand?post=52986"},{"taxonomy":"product_cat","embeddable":true,"href":"https:\/\/my-french-grocery.com\/it\/wp-json\/wp\/v2\/product_cat?post=52986"},{"taxonomy":"product_tag","embeddable":true,"href":"https:\/\/my-french-grocery.com\/it\/wp-json\/wp\/v2\/product_tag?post=52986"}],"curies":[{"name":"wp","href":"https:\/\/api.w.org\/{rel}","templated":true}]}}