{"id":53449,"date":"2026-03-30T17:28:58","date_gmt":"2026-03-30T15:28:58","guid":{"rendered":"https:\/\/my-french-grocery.com\/?post_type=product&#038;p=53449"},"modified":"2026-03-30T17:40:15","modified_gmt":"2026-03-30T15:40:15","slug":"risotto-ai-funghi-jardin-bio-copy","status":"publish","type":"product","link":"https:\/\/my-french-grocery.com\/it\/prodotto\/risotto-ai-funghi-jardin-bio-copy\/","title":{"rendered":"Piatto Pronto Con Quinoa &#038; Verdure Jardin Bio"},"content":{"rendered":"<p class=\"product_title entry-title\">Piatto Pronto Con Quinoa &amp; Verdure Jardin Bio<\/p>\n<div class=\"pdp-card__header--text\">\n<div class=\"pdp-card__header--text\"><span class=\"pl-text pl-text--size-m pl-text--style-p pl-text--bold\">Confezione da 220 g<\/span><\/div>\n<\/div>\n<div class=\"main-details--food__shoppinglist\"><\/div>\n<div>Poich\u00e9 il tuo tempo \u00e8 prezioso, cos\u00ec come il tuo cibo, Jardin BiO \u00e9tic ti offre originali menu express biologici pronti in pochi minuti. Intraprendi un viaggio di sapori e scopri questo nutriente duo di quinoa bianca e rossa, miscelata con verdure delicatamente speziate.<\/div>\n","protected":false},"excerpt":{"rendered":"<p class=\"product_title entry-title\">Piatto Pronto Con Quinoa &amp; Verdure Jardin Bio<\/p>\n<div class=\"pdp-card__header--text\">\n<div class=\"pdp-card__header--text\"><span class=\"pl-text pl-text--size-m pl-text--style-p pl-text--bold\">Confezione da 220 g<\/span><\/div>\n<\/div>\n","protected":false},"featured_media":53454,"comment_status":"open","ping_status":"closed","template":"","meta":[],"pwb-brand":[4235],"product_brand":[],"product_cat":[2875,3153,2874],"product_tag":[4234,4233],"class_list":{"0":"post-53449","1":"product","2":"type-product","3":"status-publish","4":"has-post-thumbnail","6":"pwb-brand-jardin-bio","7":"product_cat-piatti-pronti","8":"product_cat-prodotti-biologici-in-scatola-piatti-pronti","9":"product_cat-verdure-in-scatola","10":"product_tag-jardin-bio","11":"product_tag-quinoa","12":"product_shipping_class-mondo-spedizioni","14":"first","15":"instock","16":"taxable","17":"shipping-taxable","18":"purchasable","19":"product-type-simple"},"yoast_head":"<!-- This site is optimized with the Yoast SEO plugin v27.3 - https:\/\/yoast.com\/product\/yoast-seo-wordpress\/ -->\n<title>Piatto Pronto Con Quinoa &amp; Verdure Jardin Bio | Buy Online | My French Grocery<\/title>\n<meta name=\"description\" content=\"Piatto Pronto Con Quinoa &amp; Verdure Jardin Bio - Confezione da 220 g - Poich\u00e9 il tuo tempo \u00e8 prezioso, cos\u00ec come il tuo cibo, Jardin BiO \u00e9tic ti offre originali menu express biologici pronti in pochi minuti.\" \/>\n<meta name=\"robots\" content=\"index, follow, max-snippet:-1, max-image-preview:large, max-video-preview:-1\" \/>\n<link rel=\"canonical\" href=\"https:\/\/my-french-grocery.com\/it\/prodotto\/risotto-ai-funghi-jardin-bio-copy\/\" \/>\n<meta property=\"og:locale\" content=\"it_IT\" \/>\n<meta property=\"og:type\" content=\"article\" \/>\n<meta property=\"og:title\" content=\"Piatto Pronto Con Quinoa &amp; Verdure Jardin Bio | Buy Online | My French Grocery\" \/>\n<meta property=\"og:description\" content=\"Piatto Pronto Con Quinoa &amp; Verdure Jardin Bio - Confezione da 220 g - Poich\u00e9 il tuo tempo \u00e8 prezioso, cos\u00ec come il tuo cibo, Jardin BiO \u00e9tic ti offre originali menu express biologici pronti in pochi minuti.\" \/>\n<meta property=\"og:url\" content=\"https:\/\/my-french-grocery.com\/it\/prodotto\/risotto-ai-funghi-jardin-bio-copy\/\" \/>\n<meta property=\"og:site_name\" content=\"My French Grocery\" \/>\n<meta property=\"article:publisher\" content=\"https:\/\/www.facebook.com\/myfrenchgrocery\/\" \/>\n<meta property=\"article:modified_time\" content=\"2026-03-30T15:40:15+00:00\" \/>\n<meta property=\"og:image\" content=\"https:\/\/my-french-grocery.com\/wp-content\/uploads\/2026\/03\/Organic-Quinoa-and-Vegetable-Duo-Ready-Meal-JARDIN-BIO-ETIC.jpg\" \/>\n\t<meta property=\"og:image:width\" content=\"1500\" \/>\n\t<meta property=\"og:image:height\" content=\"1500\" \/>\n\t<meta property=\"og:image:type\" content=\"image\/jpeg\" \/>\n<meta name=\"twitter:card\" content=\"summary_large_image\" \/>\n<script type=\"application\/ld+json\" class=\"yoast-schema-graph\">{\"@context\":\"https:\\\/\\\/schema.org\",\"@graph\":[{\"@type\":\"WebPage\",\"@id\":\"https:\\\/\\\/my-french-grocery.com\\\/it\\\/prodotto\\\/risotto-ai-funghi-jardin-bio-copy\\\/\",\"url\":\"https:\\\/\\\/my-french-grocery.com\\\/it\\\/prodotto\\\/risotto-ai-funghi-jardin-bio-copy\\\/\",\"name\":\"Piatto Pronto Con Quinoa & Verdure Jardin Bio | Buy Online | My French Grocery\",\"isPartOf\":{\"@id\":\"https:\\\/\\\/my-french-grocery.com\\\/it\\\/#website\"},\"primaryImageOfPage\":{\"@id\":\"https:\\\/\\\/my-french-grocery.com\\\/it\\\/prodotto\\\/risotto-ai-funghi-jardin-bio-copy\\\/#primaryimage\"},\"image\":{\"@id\":\"https:\\\/\\\/my-french-grocery.com\\\/it\\\/prodotto\\\/risotto-ai-funghi-jardin-bio-copy\\\/#primaryimage\"},\"thumbnailUrl\":\"https:\\\/\\\/my-french-grocery.com\\\/wp-content\\\/uploads\\\/2026\\\/03\\\/Organic-Quinoa-and-Vegetable-Duo-Ready-Meal-JARDIN-BIO-ETIC.jpg\",\"datePublished\":\"2026-03-30T15:28:58+00:00\",\"dateModified\":\"2026-03-30T15:40:15+00:00\",\"description\":\"Piatto Pronto Con Quinoa & Verdure Jardin Bio - Confezione da 220 g - Poich\u00e9 il tuo tempo \u00e8 prezioso, cos\u00ec come il tuo cibo, Jardin BiO \u00e9tic ti offre originali menu express biologici pronti in pochi minuti.\",\"breadcrumb\":{\"@id\":\"https:\\\/\\\/my-french-grocery.com\\\/it\\\/prodotto\\\/risotto-ai-funghi-jardin-bio-copy\\\/#breadcrumb\"},\"inLanguage\":\"it-IT\",\"potentialAction\":[{\"@type\":\"ReadAction\",\"target\":[\"https:\\\/\\\/my-french-grocery.com\\\/it\\\/prodotto\\\/risotto-ai-funghi-jardin-bio-copy\\\/\"]}]},{\"@type\":\"ImageObject\",\"inLanguage\":\"it-IT\",\"@id\":\"https:\\\/\\\/my-french-grocery.com\\\/it\\\/prodotto\\\/risotto-ai-funghi-jardin-bio-copy\\\/#primaryimage\",\"url\":\"https:\\\/\\\/my-french-grocery.com\\\/wp-content\\\/uploads\\\/2026\\\/03\\\/Organic-Quinoa-and-Vegetable-Duo-Ready-Meal-JARDIN-BIO-ETIC.jpg\",\"contentUrl\":\"https:\\\/\\\/my-french-grocery.com\\\/wp-content\\\/uploads\\\/2026\\\/03\\\/Organic-Quinoa-and-Vegetable-Duo-Ready-Meal-JARDIN-BIO-ETIC.jpg\",\"width\":1500,\"height\":1500,\"caption\":\"Piatto Pronto Con Quinoa & Verdure Jardin Bio\"},{\"@type\":\"BreadcrumbList\",\"@id\":\"https:\\\/\\\/my-french-grocery.com\\\/it\\\/prodotto\\\/risotto-ai-funghi-jardin-bio-copy\\\/#breadcrumb\",\"itemListElement\":[{\"@type\":\"ListItem\",\"position\":1,\"name\":\"Home\",\"item\":\"https:\\\/\\\/my-french-grocery.com\\\/it\\\/negozio\\\/\"},{\"@type\":\"ListItem\",\"position\":2,\"name\":\"Shop\",\"item\":\"https:\\\/\\\/my-french-grocery.com\\\/shop\\\/\"},{\"@type\":\"ListItem\",\"position\":3,\"name\":\"Alimentazione\",\"item\":\"https:\\\/\\\/my-french-grocery.com\\\/it\\\/categoria-prodotto\\\/alimentazione\\\/\"},{\"@type\":\"ListItem\",\"position\":4,\"name\":\"Conserve &amp; Piatti Pronti\",\"item\":\"https:\\\/\\\/my-french-grocery.com\\\/it\\\/categoria-prodotto\\\/alimentazione\\\/conserve-piatti-pronti\\\/\"},{\"@type\":\"ListItem\",\"position\":5,\"name\":\"Piatti Pronti\",\"item\":\"https:\\\/\\\/my-french-grocery.com\\\/it\\\/categoria-prodotto\\\/alimentazione\\\/conserve-piatti-pronti\\\/piatti-pronti\\\/\"},{\"@type\":\"ListItem\",\"position\":6,\"name\":\"Piatto Pronto Con Quinoa &#038; Verdure Jardin Bio\"}]},{\"@type\":\"WebSite\",\"@id\":\"https:\\\/\\\/my-french-grocery.com\\\/it\\\/#website\",\"url\":\"https:\\\/\\\/my-french-grocery.com\\\/it\\\/\",\"name\":\"My French Grocery\",\"description\":\"Your Online French Grocery  !\",\"publisher\":{\"@id\":\"https:\\\/\\\/my-french-grocery.com\\\/it\\\/#organization\"},\"potentialAction\":[{\"@type\":\"SearchAction\",\"target\":{\"@type\":\"EntryPoint\",\"urlTemplate\":\"https:\\\/\\\/my-french-grocery.com\\\/it\\\/?s={search_term_string}\"},\"query-input\":{\"@type\":\"PropertyValueSpecification\",\"valueRequired\":true,\"valueName\":\"search_term_string\"}}],\"inLanguage\":\"it-IT\"},{\"@type\":\"Organization\",\"@id\":\"https:\\\/\\\/my-french-grocery.com\\\/it\\\/#organization\",\"name\":\"MY FRENCH GROCERY\",\"url\":\"https:\\\/\\\/my-french-grocery.com\\\/it\\\/\",\"logo\":{\"@type\":\"ImageObject\",\"inLanguage\":\"it-IT\",\"@id\":\"https:\\\/\\\/my-french-grocery.com\\\/it\\\/#\\\/schema\\\/logo\\\/image\\\/\",\"url\":\"https:\\\/\\\/my-french-grocery.com\\\/wp-content\\\/uploads\\\/2021\\\/11\\\/My-French-Grocery-Online-French-Grocery.png\",\"contentUrl\":\"https:\\\/\\\/my-french-grocery.com\\\/wp-content\\\/uploads\\\/2021\\\/11\\\/My-French-Grocery-Online-French-Grocery.png\",\"width\":100,\"height\":100,\"caption\":\"MY FRENCH GROCERY\"},\"image\":{\"@id\":\"https:\\\/\\\/my-french-grocery.com\\\/it\\\/#\\\/schema\\\/logo\\\/image\\\/\"},\"sameAs\":[\"https:\\\/\\\/www.facebook.com\\\/myfrenchgrocery\\\/\"]}]}<\/script>\n<!-- \/ Yoast SEO plugin. -->","yoast_head_json":{"title":"Piatto Pronto Con Quinoa & Verdure Jardin Bio | Buy Online | My French Grocery","description":"Piatto Pronto Con Quinoa & Verdure Jardin Bio - Confezione da 220 g - Poich\u00e9 il tuo tempo \u00e8 prezioso, cos\u00ec come il tuo cibo, Jardin BiO \u00e9tic ti offre originali menu express biologici pronti in pochi minuti.","robots":{"index":"index","follow":"follow","max-snippet":"max-snippet:-1","max-image-preview":"max-image-preview:large","max-video-preview":"max-video-preview:-1"},"canonical":"https:\/\/my-french-grocery.com\/it\/prodotto\/risotto-ai-funghi-jardin-bio-copy\/","og_locale":"it_IT","og_type":"article","og_title":"Piatto Pronto Con Quinoa & Verdure Jardin Bio | Buy Online | My French Grocery","og_description":"Piatto Pronto Con Quinoa & Verdure Jardin Bio - Confezione da 220 g - Poich\u00e9 il tuo tempo \u00e8 prezioso, cos\u00ec come il tuo cibo, Jardin BiO \u00e9tic ti offre originali menu express biologici pronti in pochi minuti.","og_url":"https:\/\/my-french-grocery.com\/it\/prodotto\/risotto-ai-funghi-jardin-bio-copy\/","og_site_name":"My French Grocery","article_publisher":"https:\/\/www.facebook.com\/myfrenchgrocery\/","article_modified_time":"2026-03-30T15:40:15+00:00","og_image":[{"width":1500,"height":1500,"url":"https:\/\/my-french-grocery.com\/wp-content\/uploads\/2026\/03\/Organic-Quinoa-and-Vegetable-Duo-Ready-Meal-JARDIN-BIO-ETIC.jpg","type":"image\/jpeg"}],"twitter_card":"summary_large_image","schema":{"@context":"https:\/\/schema.org","@graph":[{"@type":"WebPage","@id":"https:\/\/my-french-grocery.com\/it\/prodotto\/risotto-ai-funghi-jardin-bio-copy\/","url":"https:\/\/my-french-grocery.com\/it\/prodotto\/risotto-ai-funghi-jardin-bio-copy\/","name":"Piatto Pronto Con Quinoa & Verdure Jardin Bio | Buy Online | My French Grocery","isPartOf":{"@id":"https:\/\/my-french-grocery.com\/it\/#website"},"primaryImageOfPage":{"@id":"https:\/\/my-french-grocery.com\/it\/prodotto\/risotto-ai-funghi-jardin-bio-copy\/#primaryimage"},"image":{"@id":"https:\/\/my-french-grocery.com\/it\/prodotto\/risotto-ai-funghi-jardin-bio-copy\/#primaryimage"},"thumbnailUrl":"https:\/\/my-french-grocery.com\/wp-content\/uploads\/2026\/03\/Organic-Quinoa-and-Vegetable-Duo-Ready-Meal-JARDIN-BIO-ETIC.jpg","datePublished":"2026-03-30T15:28:58+00:00","dateModified":"2026-03-30T15:40:15+00:00","description":"Piatto Pronto Con Quinoa & Verdure Jardin Bio - Confezione da 220 g - Poich\u00e9 il tuo tempo \u00e8 prezioso, cos\u00ec come il tuo cibo, Jardin BiO \u00e9tic ti offre originali menu express biologici pronti in pochi minuti.","breadcrumb":{"@id":"https:\/\/my-french-grocery.com\/it\/prodotto\/risotto-ai-funghi-jardin-bio-copy\/#breadcrumb"},"inLanguage":"it-IT","potentialAction":[{"@type":"ReadAction","target":["https:\/\/my-french-grocery.com\/it\/prodotto\/risotto-ai-funghi-jardin-bio-copy\/"]}]},{"@type":"ImageObject","inLanguage":"it-IT","@id":"https:\/\/my-french-grocery.com\/it\/prodotto\/risotto-ai-funghi-jardin-bio-copy\/#primaryimage","url":"https:\/\/my-french-grocery.com\/wp-content\/uploads\/2026\/03\/Organic-Quinoa-and-Vegetable-Duo-Ready-Meal-JARDIN-BIO-ETIC.jpg","contentUrl":"https:\/\/my-french-grocery.com\/wp-content\/uploads\/2026\/03\/Organic-Quinoa-and-Vegetable-Duo-Ready-Meal-JARDIN-BIO-ETIC.jpg","width":1500,"height":1500,"caption":"Piatto Pronto Con Quinoa & Verdure Jardin Bio"},{"@type":"BreadcrumbList","@id":"https:\/\/my-french-grocery.com\/it\/prodotto\/risotto-ai-funghi-jardin-bio-copy\/#breadcrumb","itemListElement":[{"@type":"ListItem","position":1,"name":"Home","item":"https:\/\/my-french-grocery.com\/it\/negozio\/"},{"@type":"ListItem","position":2,"name":"Shop","item":"https:\/\/my-french-grocery.com\/shop\/"},{"@type":"ListItem","position":3,"name":"Alimentazione","item":"https:\/\/my-french-grocery.com\/it\/categoria-prodotto\/alimentazione\/"},{"@type":"ListItem","position":4,"name":"Conserve &amp; Piatti Pronti","item":"https:\/\/my-french-grocery.com\/it\/categoria-prodotto\/alimentazione\/conserve-piatti-pronti\/"},{"@type":"ListItem","position":5,"name":"Piatti Pronti","item":"https:\/\/my-french-grocery.com\/it\/categoria-prodotto\/alimentazione\/conserve-piatti-pronti\/piatti-pronti\/"},{"@type":"ListItem","position":6,"name":"Piatto Pronto Con Quinoa &#038; Verdure Jardin Bio"}]},{"@type":"WebSite","@id":"https:\/\/my-french-grocery.com\/it\/#website","url":"https:\/\/my-french-grocery.com\/it\/","name":"My French Grocery","description":"Your Online French Grocery  !","publisher":{"@id":"https:\/\/my-french-grocery.com\/it\/#organization"},"potentialAction":[{"@type":"SearchAction","target":{"@type":"EntryPoint","urlTemplate":"https:\/\/my-french-grocery.com\/it\/?s={search_term_string}"},"query-input":{"@type":"PropertyValueSpecification","valueRequired":true,"valueName":"search_term_string"}}],"inLanguage":"it-IT"},{"@type":"Organization","@id":"https:\/\/my-french-grocery.com\/it\/#organization","name":"MY FRENCH GROCERY","url":"https:\/\/my-french-grocery.com\/it\/","logo":{"@type":"ImageObject","inLanguage":"it-IT","@id":"https:\/\/my-french-grocery.com\/it\/#\/schema\/logo\/image\/","url":"https:\/\/my-french-grocery.com\/wp-content\/uploads\/2021\/11\/My-French-Grocery-Online-French-Grocery.png","contentUrl":"https:\/\/my-french-grocery.com\/wp-content\/uploads\/2021\/11\/My-French-Grocery-Online-French-Grocery.png","width":100,"height":100,"caption":"MY FRENCH GROCERY"},"image":{"@id":"https:\/\/my-french-grocery.com\/it\/#\/schema\/logo\/image\/"},"sameAs":["https:\/\/www.facebook.com\/myfrenchgrocery\/"]}]}},"brands":[{"id":4235,"name":"Jardin Bio","slug":"jardin-bio"}],"_links":{"self":[{"href":"https:\/\/my-french-grocery.com\/it\/wp-json\/wp\/v2\/product\/53449","targetHints":{"allow":["GET"]}}],"collection":[{"href":"https:\/\/my-french-grocery.com\/it\/wp-json\/wp\/v2\/product"}],"about":[{"href":"https:\/\/my-french-grocery.com\/it\/wp-json\/wp\/v2\/types\/product"}],"replies":[{"embeddable":true,"href":"https:\/\/my-french-grocery.com\/it\/wp-json\/wp\/v2\/comments?post=53449"}],"wp:featuredmedia":[{"embeddable":true,"href":"https:\/\/my-french-grocery.com\/it\/wp-json\/wp\/v2\/media\/53454"}],"wp:attachment":[{"href":"https:\/\/my-french-grocery.com\/it\/wp-json\/wp\/v2\/media?parent=53449"}],"wp:term":[{"taxonomy":"pwb-brand","embeddable":true,"href":"https:\/\/my-french-grocery.com\/it\/wp-json\/wp\/v2\/pwb-brand?post=53449"},{"taxonomy":"product_brand","embeddable":true,"href":"https:\/\/my-french-grocery.com\/it\/wp-json\/wp\/v2\/product_brand?post=53449"},{"taxonomy":"product_cat","embeddable":true,"href":"https:\/\/my-french-grocery.com\/it\/wp-json\/wp\/v2\/product_cat?post=53449"},{"taxonomy":"product_tag","embeddable":true,"href":"https:\/\/my-french-grocery.com\/it\/wp-json\/wp\/v2\/product_tag?post=53449"}],"curies":[{"name":"wp","href":"https:\/\/api.w.org\/{rel}","templated":true}]}}